{"id":93,"date":"2016-06-01T21:08:24","date_gmt":"2016-06-01T19:08:24","guid":{"rendered":"http:\/\/www.web-iq.hu\/siam\/?page_id=93"},"modified":"2016-06-01T21:08:24","modified_gmt":"2016-06-01T19:08:24","slug":"frequently-asked-questions","status":"publish","type":"page","link":"https:\/\/www.siam.hu\/sk\/frequently-asked-questions\/","title":{"rendered":"Gyakori k\u00e9rd\u00e9sek"},"content":{"rendered":"<p><strong>\u2022\u00a0Ko\u013eko stoj\u00ed?<\/strong><\/p>\n<p>Ceny v zna\u010dnej miere z\u00e1visia od toho kde sa sal\u00f3n thajskej mas\u00e1\u017ee nach\u00e1dza. Aktu\u00e1lne ceny n\u00e1jdete v bode ponuky \u201eSal\u00f3ny\u201c.<\/p>\n<p><strong>\u2022\u00a0Ako dlho trv\u00e1?<\/strong><\/p>\n<p>O d\u013a\u017eke trvania mas\u00e1\u017ee rozhodujete Vy.<\/p>\n<p>M\u00f4\u017eete si objedna\u0165 30 min\u00fatov\u00fa takzvan\u00fa uk\u00e1\u017ekov\u00fa, no m\u00f4\u017eete si objedna\u0165 aj trojhodinov\u00fa regenera\u010dn\u00fa mas\u00e1\u017e.<\/p>\n<p>Na\u0161i hostia si naj\u010dastej\u0161ie volia jeden a pol hodinov\u00fa mas\u00e1\u017e, preto\u017ee za tak\u00fdto \u010das u\u017e mas\u00e9rky vedia dosiahnu\u0165 cite\u013en\u00fd vplyv.<\/p>\n<p>My odpor\u00fa\u010dame pr\u00e1ve tak\u00fato dobu trvania mas\u00e1\u017ee.<\/p>\n<p>Po mas\u00e1\u017ei je vhodn\u00e9 ponecha\u0165 si trochu \u010dasu na odpo\u010dinok, ve\u010f skoro ka\u017ed\u00fd sa dostane do ve\u013emi pr\u00edjemn\u00e9ho, uvo\u013enen\u00e9ho stavu.<\/p>\n<p>M\u00f4\u017ee si to vy\u017eadova\u0165 nieko\u013eko min\u00fat k\u00fdm sa \u010dlovek vr\u00e1ti z pre\u017eit\u00e9ho fyzick\u00e9ho a psychick\u00e9ho z\u00e1\u017eitku \u201esp\u00e4\u0165 do norm\u00e1lneho kolobehu \u017eivota\u201c.<\/p>\n<p>Po mas\u00e1\u017ei sa odpor\u00fa\u010da vypi\u0165 nejak\u00fa tekutinu.<\/p>\n<p><strong>\u2022\u00a0S\u00fa k dispoz\u00edcii z\u013eavy?<\/strong><\/p>\n<p>\u00c1no. V pr\u00edpade ak cenu permanentky dopredu vyplat\u00edte\u00a0 poskytujeme z aktu\u00e1lnych cien tieto nasleduj\u00face z\u013eavy:<\/p>\n<ul>\n<li>V pr\u00edpade permanentky na 5 vstupov 10%,<\/li>\n<li>V pr\u00edpade permanentky na 10 vstupov 15%,<\/li>\n<li>V pr\u00edpade permanentky na 20 vstupov 20%<\/li>\n<\/ul>\n<p>(Tu je d\u00f4le\u017eit\u00e9 poznamena\u0165, \u017ee permanentku je mo\u017en\u00e9 previes\u0165 na ak\u00fako\u013evek in\u00fa osobu, dokonca je povolen\u00e9 pou\u017ei\u0165 ju aj na vstup viacer\u00fdch z\u00e1kazn\u00edkov naraz!)<\/p>\n<p><strong>\u2022\u00a0Kde s\u00fa najlep\u0161ie ceny?<\/strong><\/p>\n<p>V centre thajskej mas\u00e1\u017ee v Budape\u0161ti &#8211; XIII. obvod &#8211; na ulici K\u00e1d\u00e1r u. 4. (oproti West End City Center). Tu pracuje najviac thajsk\u00fdch mas\u00e9rov a je tu aj najdlh\u0161ia otv\u00e1racia doba. Nako\u013eko sa v\u00e4\u010d\u0161ina sal\u00f3nov nach\u00e1dza v 4-5 hviezdi\u010dkov\u00fdch hoteloch, z toho d\u00f4vodu s\u00fa tam poskytovan\u00e9 slu\u017eby drah\u0161ie. Profesion\u00e1lna a kvalitat\u00edvna \u00farove\u0148 slu\u017eieb je v\u0161ak v\u0161ade rovnak\u00e1!<\/p>\n<p><strong>\u2022\u00a0M\u00f4\u017ee by\u0165 mas\u00e1\u017e poskytovan\u00e1 aj mimo sal\u00f3nu?<\/strong><\/p>\n<p>Prij\u00edmame aj objedn\u00e1vky na podnikov\u00e9 akcie v hoteloch vy\u0161\u0161ej kateg\u00f3rie, no v\u00fdjazdy do s\u00fakromn\u00fdch domov nie.<\/p>\n<p>Sk\u00f4r V\u00e1m odpor\u00fa\u010dame aby ste nav\u0161t\u00edvili niektor\u00fd z na\u0161ich sal\u00f3nov, preto\u017ee tam m\u00e1me vytvoren\u00e9 vhodn\u00e9 prostredie a k dispoz\u00edcii s\u00fa aj v\u0161etky \u010fal\u0161ie predmety potrebn\u00e9 k dobrej mas\u00e1\u017ei.<\/p>\n<p><strong>\u2022\u00a0Ktor\u00fa mas\u00e9rku si zvoli\u0165?<\/strong><\/p>\n<p>V\u0161etky na\u0161e kolegyne s\u00fa dr\u017eite\u013ekami diplomu absolventa svetozn\u00e1mej bangkogskej budhistickej\u00a0 mas\u00e9rskej \u0161koly \u201eWat Po\u201d a disponuj\u00fa nieko\u013eko ro\u010dnou praxou, v\u0161etky s\u00fa rovnako dobre kvalifikovan\u00e9 odborn\u00ed\u010dky.<\/p>\n<p>V z\u00e1kladoch, v samotnej \u0161trukt\u00fare je technika v\u0161etk\u00fdch mas\u00e9rok podobn\u00e1, nako\u013eko v\u0161etky svoje vedomosti z\u00edskali v tej istej \u0161kole. Jednotliv\u00e9 mas\u00e1\u017ee sa v\u0161ak m\u00f4\u017eu do ur\u010ditej miery navz\u00e1jom l\u00ed\u0161i\u0165 a to z d\u00f4vodu rozdielnosti samotn\u00fdch osobnost\u00ed jednotliv\u00fdch mas\u00e9rok, \u010do spev\u0148uje a prifarbuje ich z\u00e1kladn\u00fa individu\u00e1lnu techniku a aj kv\u00f4li tomu, \u017ee mas\u00e1\u017e sa vykon\u00e1va pri zoh\u013eadnen\u00ed osobn\u00fdch danost\u00ed ka\u017ed\u00e9ho n\u00e1v\u0161tevn\u00edka.<\/p>\n<p>Vedenie sal\u00f3nu Siam Center to aj vyslovene podporuje.<\/p>\n<p>Dobr\u00e9 je z \u010dasu na \u010das zmeni\u0165 mas\u00e9rku, a potom sa rozhodn\u00fa\u0165, \u010dia technika mas\u00e1\u017ee V\u00e1m najviac vyhovuje.\u00a0M\u00f4\u017ee d\u00f4js\u0165 aj k tomu, \u017ee na podnet vz\u00e1jomn\u00e9ho p\u00f4sobenia hlad\u00edn energie nach\u00e1dzaj\u00facich sa v organizme mas\u00e9rky a v organizme n\u00e1v\u0161tevn\u00edka bude dosiahnut\u00fd efekt e\u0161te v\u00fdraznej\u0161\u00ed. Z d\u00f4vodu charakteru mas\u00e1\u017ee je to \u00faplne prirodzen\u00fd jav.<\/p>\n<p><strong>\u2022\u00a0Komu sa mas\u00e1\u017e neodpor\u00fa\u010da?<\/strong><\/p>\n<p>Po dov\u0155\u0161en\u00ed 16 roku \u017eivota je mas\u00e1\u017e vhodn\u00e9 pre ka\u017ed\u00e9ho. No tak, ako je to u v\u00e4\u010d\u0161iny terapeutick\u00fdch proced\u00far, aj tu sa m\u00f4\u017ee vyskytn\u00fa\u0165 nieko\u013eko pr\u00edpadov, u ktor\u00fdch sa thajsk\u00e1 mas\u00e1\u017e neodpor\u00fa\u010da. Spravidla s\u00fa to nasleduj\u00face pr\u00edpady:<\/p>\n<ul>\n<li>\u0165a\u017ek\u00e9 srdcov\u00e9 poruchy,<\/li>\n<li>vysok\u00fd krvn\u00fd tlak,<\/li>\n<li>n\u00e1dorov\u00e9 ochorenia,<\/li>\n<li>osteopor\u00f3za,<\/li>\n<li>umel\u00e9 kon\u010datiny, prot\u00e9zy (napr. bedrov\u00e1 alebo kolenn\u00e1 prot\u00e9za),<\/li>\n<li>ko\u017en\u00e9 anom\u00e1lie (napr. bradavice, otvoren\u00e9 rany, odreniny, psori\u00e1za a pod.),<\/li>\n<li>tehotenstvo,<\/li>\n<li>z\u00e1va\u017enej\u0161ie pr\u00edpady roz\u0161\u00edrenia \u017e\u00edl.<\/li>\n<\/ul>\n<p>Z\u00e1kladn\u00fdm pravidlom je to, \u017ee pri v\u00e1\u017enej\u0161ej zmene zdravotn\u00e9ho stavu je treba postupova\u0165 obozretne a odpor\u00fa\u010da sa mo\u017enosti aplik\u00e1cie mas\u00e1\u017enych proced\u00far prekonzultova\u0165 s o\u0161etruj\u00facim lek\u00e1rom.<\/p>\n<p><strong>\u2022\u00a0\u010c je treba si so sebou prinies\u0165?<\/strong><\/p>\n<p>V\u00f4bec ni\u010d. K mas\u00e1\u017ei potrebn\u00fd odev a osu\u0161ku V\u00e1m zabezpe\u010d\u00edme. Pokia\u013e si ale rad\u0161ej prinesiete vlastn\u00fd odev, potom by mal by\u0165 zhotoven\u00fd z tenk\u00e9ho, pr\u00edrodn\u00e9ho materi\u00e1lu, podobn\u00fd pi\u017emu.<\/p>\n<p>Odpor\u00fa\u010dame dostavi\u0165 sa na mas\u00e1\u017e v nie celkom najedenom stave a to z d\u00f4vodu celkovej indispoz\u00edcie.<\/p>\n<p>Pokia\u013e je to mo\u017en\u00e9 tak sa pok\u00faste e\u0161te pred za\u010diatkom mas\u00e1\u017ee \u201evypn\u00fa\u0165\u201c a aj du\u0161evne sa tak trochu \u201enaladi\u0165\u201c, aby V\u00e1\u0161 organizmus bol schopn\u00fd prija\u0165 mas\u00e1\u017e \u010do naj\u00fa\u010dinnej\u0161ie.<\/p>\n<p><strong>\u2022\u00a0Otv\u00e1racia doba<\/strong><\/p>\n<p>Otv\u00e1racia doba v jednotliv\u00fdch sal\u00f3noch je r\u00f4zna. V centre thajskej mas\u00e1\u017ee v Budape\u0161ti &#8211; XIII. obvod &#8211; na ulici K\u00e1d\u00e1r u. 4. (oproti West End City Center) m\u00e1me otvoren\u00e9 najdlh\u0161ie. Aktu\u00e1lne otv\u00e1racie doby n\u00e1jdete v bode ponuky \u201eSal\u00f3ny\u201c.<\/p>\n<p><strong>\u2022\u00a0Je mo\u017en\u00e9 plati\u0165 bankovou, kreditnou kartou?<\/strong><\/p>\n<p>\u00c1no, vo v\u00e4\u010d\u0161ine sal\u00f3nov je mo\u017en\u00e9 plati\u0165 v\u0161eobecne pou\u017e\u00edvan\u00fdmi bankov\u00fdmi kartami.<\/p>\n<p><strong>\u2022\u00a0Je potrebn\u00e9 sa objedna\u0165?<\/strong><\/p>\n<p>\u00c1no, odpor\u00fa\u010dame to. Dobr\u00e9 je objedna\u0165 sa pribli\u017ene 24 hod\u00edn pred pl\u00e1novanou n\u00e1v\u0161tevou, aby bolo mo\u017en\u00e9 vybra\u0165 pre V\u00e1s ten najvhodnej\u0161\u00ed \u010das.<\/p>\n<p><strong>\u2022\u00a0Ako je mo\u017en\u00e9 komunikova\u0165 s Thaj\u010danmi?<\/strong><\/p>\n<p>Spravidla to nie je probl\u00e9m.<\/p>\n<p>Pou\u017e\u00edvajte dobre osved\u010den\u00fa komunik\u00e1ciu tela! V\u00e4\u010d\u0161ina z nich ovl\u00e1da angli\u010dtinu na z\u00e1kladnej \u00farovni.<\/p>\n<p>Ak by ste ale mali s komunik\u00e1ciou probl\u00e9m, potom na recepcii po\u017eiadajte o pomoc.<\/p>\n<p><strong>\u2022\u00a0Patr\u00ed sa necha\u0165 \u201esprepitn\u00e9\u201c?<\/strong><\/p>\n<p>Thajsk\u00ed odborn\u00edci dost\u00e1vaj\u00fa primeran\u00fa mzdu aj zabezpe\u010denie. No ak ste boli mimoriadne spokojn\u00ed a c\u00edtite, \u017ee by ste ich t\u00fdmto sp\u00f4sobom radi odmenili potom je suma 500 a\u017e 1.000 HUF posta\u010duj\u00faca.<\/p>\n<p><strong>\u2022\u00a0S \u010d\u00edm si t\u00fato mas\u00e1\u017e neple\u0165te?<\/strong><\/p>\n<p>Tu by sme V\u00e1s chceli upozorni\u0165 na jednu ve\u013emi d\u00f4le\u017eit\u00fa skuto\u010dnos\u0165.<\/p>\n<p>Origin\u00e1lna thajsk\u00e1 mas\u00e1\u017e, ktor\u00fa vykon\u00e1vame, je regenera\u010dnou, povzbudzuj\u00facou mas\u00e1\u017eou s lie\u010div\u00fdm \u00fa\u010dinkom, ktor\u00fa si ani n\u00e1hodou nie je mo\u017en\u00e9 m\u00fdli\u0165 s nejakou erotickou mas\u00e1\u017eou.<\/p>\n<p>Po\u010das mas\u00e1\u017ee s\u00fa aj hos\u0165 aj mas\u00e9r oble\u010den\u00ed v pohodlnom bavlnenom odeve, kde odkryt\u00e9 zost\u00e1vaj\u00fa len nohy (od priehlavku) n\u00e1v\u0161tevn\u00edka.<\/p>\n<p>Pros\u00edme, ak V\u00e1m to V\u00e1\u0161 \u010das dovol\u00ed, pode\u013ete sa s nami o Va\u0161e pripomienky! V\u00e1\u0161 n\u00e1zor je pre n\u00e1s d\u00f4le\u017eit\u00fd, nako\u013eko sa sna\u017e\u00edme robi\u0165 v\u0161etko preto, aby boli na\u0161i n\u00e1v\u0161tevn\u00edci spokojn\u00ed s \u00farov\u0148ou slu\u017eieb poskytovan\u00fdch Siam Centrom.<\/p>","protected":false},"excerpt":{"rendered":"<p>\u2022\u00a0Ko\u013eko stoj\u00ed? Ceny v zna\u010dnej miere z\u00e1visia od toho kde sa sal\u00f3n thajskej mas\u00e1\u017ee nach\u00e1dza. Aktu\u00e1lne ceny n\u00e1jdete v bode ponuky \u201eSal\u00f3ny\u201c. \u2022\u00a0Ako dlho trv\u00e1? O d\u013a\u017eke trvania mas\u00e1\u017ee rozhodujete Vy. M\u00f4\u017eete si objedna\u0165 30 min\u00fatov\u00fa takzvan\u00fa uk\u00e1\u017ekov\u00fa, no m\u00f4\u017eete si objedna\u0165 aj trojhodinov\u00fa regenera\u010dn\u00fa mas\u00e1\u017e. Na\u0161i hostia si naj\u010dastej\u0161ie volia jeden a pol hodinov\u00fa &hellip; <a href=\"https:\/\/www.siam.hu\/sk\/frequently-asked-questions\/\" class=\"more-link\">Pokra\u010dova\u0165 v \u010d\u00edtan\u00ed: <span class=\"screen-reader-text\">Gyakori k\u00e9rd\u00e9sek<\/span><\/a><\/p>\n","protected":false},"author":1,"featured_media":94,"parent":0,"menu_order":0,"comment_status":"closed","ping_status":"closed","template":"","meta":{"footnotes":""},"class_list":["post-93","page","type-page","status-publish","has-post-thumbnail","hentry"],"yoast_head":"<!-- This site is optimized with the Yoast SEO plugin v27.4 - https:\/\/yoast.com\/product\/yoast-seo-wordpress\/ -->\n<title>Gyakori k\u00e9rd\u00e9sek - Siam Center<\/title>\n<meta name=\"robots\" content=\"index, follow, max-snippet:-1, max-image-preview:large, max-video-preview:-1\" \/>\n<link rel=\"canonical\" href=\"https:\/\/www.siam.hu\/de\/frequently-asked-questions\/\" \/>\n<meta property=\"og:locale\" content=\"sk_SK\" \/>\n<meta property=\"og:type\" content=\"article\" \/>\n<meta property=\"og:title\" content=\"Gyakori k\u00e9rd\u00e9sek - Siam Center\" \/>\n<meta property=\"og:description\" content=\"\u2022\u00a0Ko\u013eko stoj\u00ed? Ceny v zna\u010dnej miere z\u00e1visia od toho kde sa sal\u00f3n thajskej mas\u00e1\u017ee nach\u00e1dza. Aktu\u00e1lne ceny n\u00e1jdete v bode ponuky \u201eSal\u00f3ny\u201c. \u2022\u00a0Ako dlho trv\u00e1? O d\u013a\u017eke trvania mas\u00e1\u017ee rozhodujete Vy. M\u00f4\u017eete si objedna\u0165 30 min\u00fatov\u00fa takzvan\u00fa uk\u00e1\u017ekov\u00fa, no m\u00f4\u017eete si objedna\u0165 aj trojhodinov\u00fa regenera\u010dn\u00fa mas\u00e1\u017e. Na\u0161i hostia si naj\u010dastej\u0161ie volia jeden a pol hodinov\u00fa &hellip; Pokra\u010dova\u0165 v \u010d\u00edtan\u00ed: Gyakori k\u00e9rd\u00e9sek\" \/>\n<meta property=\"og:url\" content=\"https:\/\/www.siam.hu\/de\/frequently-asked-questions\/\" \/>\n<meta property=\"og:site_name\" content=\"Siam Center\" \/>\n<meta property=\"og:image\" content=\"https:\/\/www.siam.hu\/wp-content\/uploads\/sites\/4\/2016\/06\/masseurs.jpg\" \/>\n\t<meta property=\"og:image:width\" content=\"598\" \/>\n\t<meta property=\"og:image:height\" content=\"265\" \/>\n\t<meta property=\"og:image:type\" content=\"image\/jpeg\" \/>\n<meta name=\"twitter:card\" content=\"summary_large_image\" \/>\n<meta name=\"twitter:label1\" content=\"Predpokladan\u00fd \u010das \u010d\u00edtania\" \/>\n\t<meta name=\"twitter:data1\" content=\"20 min\u00fat\" \/>\n<script type=\"application\/ld+json\" class=\"yoast-schema-graph\">{\"@context\":\"https:\\\/\\\/schema.org\",\"@graph\":[{\"@type\":\"WebPage\",\"@id\":\"https:\\\/\\\/www.siam.hu\\\/de\\\/frequently-asked-questions\\\/\",\"url\":\"https:\\\/\\\/www.siam.hu\\\/de\\\/frequently-asked-questions\\\/\",\"name\":\"Gyakori k\u00e9rd\u00e9sek - Siam Center\",\"isPartOf\":{\"@id\":\"https:\\\/\\\/www.siam.hu\\\/hu\\\/#website\"},\"primaryImageOfPage\":{\"@id\":\"https:\\\/\\\/www.siam.hu\\\/de\\\/frequently-asked-questions\\\/#primaryimage\"},\"image\":{\"@id\":\"https:\\\/\\\/www.siam.hu\\\/de\\\/frequently-asked-questions\\\/#primaryimage\"},\"thumbnailUrl\":\"https:\\\/\\\/www.siam.hu\\\/wp-content\\\/uploads\\\/sites\\\/4\\\/2016\\\/06\\\/masseurs.jpg\",\"datePublished\":\"2016-06-01T19:08:24+00:00\",\"breadcrumb\":{\"@id\":\"https:\\\/\\\/www.siam.hu\\\/de\\\/frequently-asked-questions\\\/#breadcrumb\"},\"inLanguage\":\"sk-SK\",\"potentialAction\":[{\"@type\":\"ReadAction\",\"target\":[\"https:\\\/\\\/www.siam.hu\\\/de\\\/frequently-asked-questions\\\/\"]}]},{\"@type\":\"ImageObject\",\"inLanguage\":\"sk-SK\",\"@id\":\"https:\\\/\\\/www.siam.hu\\\/de\\\/frequently-asked-questions\\\/#primaryimage\",\"url\":\"https:\\\/\\\/www.siam.hu\\\/wp-content\\\/uploads\\\/sites\\\/4\\\/2016\\\/06\\\/masseurs.jpg\",\"contentUrl\":\"https:\\\/\\\/www.siam.hu\\\/wp-content\\\/uploads\\\/sites\\\/4\\\/2016\\\/06\\\/masseurs.jpg\",\"width\":598,\"height\":265,\"caption\":\"Massz\u0151r\u00f6k\"},{\"@type\":\"BreadcrumbList\",\"@id\":\"https:\\\/\\\/www.siam.hu\\\/de\\\/frequently-asked-questions\\\/#breadcrumb\",\"itemListElement\":[{\"@type\":\"ListItem\",\"position\":1,\"name\":\"Home\",\"item\":\"https:\\\/\\\/www.siam.hu\\\/hu\\\/\"},{\"@type\":\"ListItem\",\"position\":2,\"name\":\"Gyakori k\u00e9rd\u00e9sek\"}]},{\"@type\":\"WebSite\",\"@id\":\"https:\\\/\\\/www.siam.hu\\\/hu\\\/#website\",\"url\":\"https:\\\/\\\/www.siam.hu\\\/hu\\\/\",\"name\":\"Siam Center\",\"description\":\"\",\"publisher\":{\"@id\":\"https:\\\/\\\/www.siam.hu\\\/hu\\\/#organization\"},\"potentialAction\":[{\"@type\":\"SearchAction\",\"target\":{\"@type\":\"EntryPoint\",\"urlTemplate\":\"https:\\\/\\\/www.siam.hu\\\/hu\\\/?s={search_term_string}\"},\"query-input\":{\"@type\":\"PropertyValueSpecification\",\"valueRequired\":true,\"valueName\":\"search_term_string\"}}],\"inLanguage\":\"sk-SK\"},{\"@type\":\"Organization\",\"@id\":\"https:\\\/\\\/www.siam.hu\\\/hu\\\/#organization\",\"name\":\"Siam Center\",\"url\":\"https:\\\/\\\/www.siam.hu\\\/hu\\\/\",\"logo\":{\"@type\":\"ImageObject\",\"inLanguage\":\"sk-SK\",\"@id\":\"https:\\\/\\\/www.siam.hu\\\/hu\\\/#\\\/schema\\\/logo\\\/image\\\/\",\"url\":\"https:\\\/\\\/www.siam.hu\\\/wp-content\\\/uploads\\\/sites\\\/4\\\/2016\\\/05\\\/siam_motiv-e1465917198460.jpg\",\"contentUrl\":\"https:\\\/\\\/www.siam.hu\\\/wp-content\\\/uploads\\\/sites\\\/4\\\/2016\\\/05\\\/siam_motiv-e1465917198460.jpg\",\"width\":210,\"height\":306,\"caption\":\"Siam Center\"},\"image\":{\"@id\":\"https:\\\/\\\/www.siam.hu\\\/hu\\\/#\\\/schema\\\/logo\\\/image\\\/\"}}]}<\/script>\n<!-- \/ Yoast SEO plugin. -->","yoast_head_json":{"title":"Gyakori k\u00e9rd\u00e9sek - Siam Center","robots":{"index":"index","follow":"follow","max-snippet":"max-snippet:-1","max-image-preview":"max-image-preview:large","max-video-preview":"max-video-preview:-1"},"canonical":"https:\/\/www.siam.hu\/de\/frequently-asked-questions\/","og_locale":"sk_SK","og_type":"article","og_title":"Gyakori k\u00e9rd\u00e9sek - Siam Center","og_description":"\u2022\u00a0Ko\u013eko stoj\u00ed? Ceny v zna\u010dnej miere z\u00e1visia od toho kde sa sal\u00f3n thajskej mas\u00e1\u017ee nach\u00e1dza. Aktu\u00e1lne ceny n\u00e1jdete v bode ponuky \u201eSal\u00f3ny\u201c. \u2022\u00a0Ako dlho trv\u00e1? O d\u013a\u017eke trvania mas\u00e1\u017ee rozhodujete Vy. M\u00f4\u017eete si objedna\u0165 30 min\u00fatov\u00fa takzvan\u00fa uk\u00e1\u017ekov\u00fa, no m\u00f4\u017eete si objedna\u0165 aj trojhodinov\u00fa regenera\u010dn\u00fa mas\u00e1\u017e. Na\u0161i hostia si naj\u010dastej\u0161ie volia jeden a pol hodinov\u00fa &hellip; Pokra\u010dova\u0165 v \u010d\u00edtan\u00ed: Gyakori k\u00e9rd\u00e9sek","og_url":"https:\/\/www.siam.hu\/de\/frequently-asked-questions\/","og_site_name":"Siam Center","og_image":[{"width":598,"height":265,"url":"https:\/\/www.siam.hu\/wp-content\/uploads\/sites\/4\/2016\/06\/masseurs.jpg","type":"image\/jpeg"}],"twitter_card":"summary_large_image","twitter_misc":{"Predpokladan\u00fd \u010das \u010d\u00edtania":"20 min\u00fat"},"schema":{"@context":"https:\/\/schema.org","@graph":[{"@type":"WebPage","@id":"https:\/\/www.siam.hu\/de\/frequently-asked-questions\/","url":"https:\/\/www.siam.hu\/de\/frequently-asked-questions\/","name":"Gyakori k\u00e9rd\u00e9sek - Siam Center","isPartOf":{"@id":"https:\/\/www.siam.hu\/hu\/#website"},"primaryImageOfPage":{"@id":"https:\/\/www.siam.hu\/de\/frequently-asked-questions\/#primaryimage"},"image":{"@id":"https:\/\/www.siam.hu\/de\/frequently-asked-questions\/#primaryimage"},"thumbnailUrl":"https:\/\/www.siam.hu\/wp-content\/uploads\/sites\/4\/2016\/06\/masseurs.jpg","datePublished":"2016-06-01T19:08:24+00:00","breadcrumb":{"@id":"https:\/\/www.siam.hu\/de\/frequently-asked-questions\/#breadcrumb"},"inLanguage":"sk-SK","potentialAction":[{"@type":"ReadAction","target":["https:\/\/www.siam.hu\/de\/frequently-asked-questions\/"]}]},{"@type":"ImageObject","inLanguage":"sk-SK","@id":"https:\/\/www.siam.hu\/de\/frequently-asked-questions\/#primaryimage","url":"https:\/\/www.siam.hu\/wp-content\/uploads\/sites\/4\/2016\/06\/masseurs.jpg","contentUrl":"https:\/\/www.siam.hu\/wp-content\/uploads\/sites\/4\/2016\/06\/masseurs.jpg","width":598,"height":265,"caption":"Massz\u0151r\u00f6k"},{"@type":"BreadcrumbList","@id":"https:\/\/www.siam.hu\/de\/frequently-asked-questions\/#breadcrumb","itemListElement":[{"@type":"ListItem","position":1,"name":"Home","item":"https:\/\/www.siam.hu\/hu\/"},{"@type":"ListItem","position":2,"name":"Gyakori k\u00e9rd\u00e9sek"}]},{"@type":"WebSite","@id":"https:\/\/www.siam.hu\/hu\/#website","url":"https:\/\/www.siam.hu\/hu\/","name":"Siam Center","description":"","publisher":{"@id":"https:\/\/www.siam.hu\/hu\/#organization"},"potentialAction":[{"@type":"SearchAction","target":{"@type":"EntryPoint","urlTemplate":"https:\/\/www.siam.hu\/hu\/?s={search_term_string}"},"query-input":{"@type":"PropertyValueSpecification","valueRequired":true,"valueName":"search_term_string"}}],"inLanguage":"sk-SK"},{"@type":"Organization","@id":"https:\/\/www.siam.hu\/hu\/#organization","name":"Siam Center","url":"https:\/\/www.siam.hu\/hu\/","logo":{"@type":"ImageObject","inLanguage":"sk-SK","@id":"https:\/\/www.siam.hu\/hu\/#\/schema\/logo\/image\/","url":"https:\/\/www.siam.hu\/wp-content\/uploads\/sites\/4\/2016\/05\/siam_motiv-e1465917198460.jpg","contentUrl":"https:\/\/www.siam.hu\/wp-content\/uploads\/sites\/4\/2016\/05\/siam_motiv-e1465917198460.jpg","width":210,"height":306,"caption":"Siam Center"},"image":{"@id":"https:\/\/www.siam.hu\/hu\/#\/schema\/logo\/image\/"}}]}},"_links":{"self":[{"href":"https:\/\/www.siam.hu\/sk\/wp-json\/wp\/v2\/pages\/93","targetHints":{"allow":["GET"]}}],"collection":[{"href":"https:\/\/www.siam.hu\/sk\/wp-json\/wp\/v2\/pages"}],"about":[{"href":"https:\/\/www.siam.hu\/sk\/wp-json\/wp\/v2\/types\/page"}],"author":[{"embeddable":true,"href":"https:\/\/www.siam.hu\/sk\/wp-json\/wp\/v2\/users\/1"}],"replies":[{"embeddable":true,"href":"https:\/\/www.siam.hu\/sk\/wp-json\/wp\/v2\/comments?post=93"}],"version-history":[{"count":0,"href":"https:\/\/www.siam.hu\/sk\/wp-json\/wp\/v2\/pages\/93\/revisions"}],"wp:featuredmedia":[{"embeddable":true,"href":"https:\/\/www.siam.hu\/sk\/wp-json\/wp\/v2\/media\/94"}],"wp:attachment":[{"href":"https:\/\/www.siam.hu\/sk\/wp-json\/wp\/v2\/media?parent=93"}],"curies":[{"name":"wp","href":"https:\/\/api.w.org\/{rel}","templated":true}]}}