{"id":93,"date":"2016-06-01T21:08:24","date_gmt":"2016-06-01T19:08:24","guid":{"rendered":"http:\/\/www.web-iq.hu\/siam\/?page_id=93"},"modified":"2016-06-01T21:08:24","modified_gmt":"2016-06-01T19:08:24","slug":"frequently-asked-questions","status":"publish","type":"page","link":"https:\/\/www.siam.hu\/hu\/frequently-asked-questions\/","title":{"rendered":"Gyakori k\u00e9rd\u00e9sek"},"content":{"rendered":"<p><\/p>\n<ul>\n<li>\n<div><strong>Mennyibe ker\u00fcl?<\/strong><\/div>\n<\/li>\n<\/ul>\n<p>Az \u00e1rak nagyban f\u00fcggenek a thaimassz\u00e1zs szalonok helysz\u00edneit\u0151l. A mindenkori \u00e1rakat megtal\u00e1lja az &#8222;\u00dczleteink&#8221; men\u00fcpontban.<\/p>\n<ul>\n<li>\n<div><strong>Mennyi ideig tart?<\/strong><\/div>\n<\/li>\n<\/ul>\n<p>A massz\u00e1zs idej\u00e9nek megv\u00e1laszt\u00e1sa az \u00d6n d\u00f6nt\u00e9se. K\u00e9rhet 30 perces \u00edzel\u00edt\u0151t, de ak\u00e1r egy 3 \u00f3r\u00e1s regener\u00e1l\u00f3 massz\u00e1zst is.<\/p>\n<p>Vend\u00e9geink leggyakrabban a 1,5 \u00f3r\u00e1s massz\u00e1zst veszik ig\u00e9nybe, mert ez az az id\u0151tartam, ami alatt massz\u0151reink m\u00e1r \u00e9rezhet\u0151 hat\u00e1st tudnak el\u00e9rni. Mi is ezt javasoljuk.<\/p>\n<p>C\u00e9lszer\u0171 a massz\u00e1zs ut\u00e1n egy kis id\u0151t hagyni pihen\u00e9sre, hiszen a legt\u00f6bben egy nagyon kellemes, ellazult \u00e1llapotba ker\u00fclnek. Sz\u00fcks\u00e9g lehet p\u00e1r percre, mialatt az \u00e1t\u00e9lt fizikai \u00e9s pszichikai \u00e9lm\u00e9nyekb\u0151l az ember &#8222;visszaz\u00f6kken a norm\u00e1lis ker\u00e9kv\u00e1g\u00e1sba&#8221;.<\/p>\n<p>Massz\u00e1zs ut\u00e1n aj\u00e1nlott folyad\u00e9kot inni.<\/p>\n<ul>\n<li>\n<div><strong>Van-e kedvezm\u00e9ny?<\/strong><\/div>\n<\/li>\n<\/ul>\n<p>Igen. Mindenkori \u00e1rainkb\u00f3l<\/p>\n<ul>\n<li>5 alkalmas b\u00e9rlet eset\u00e9n 10%,<\/li>\n<li>10 alkalmas b\u00e9rlet eset\u00e9n 15%,<\/li>\n<li>20 alkalmas b\u00e9rlet eset\u00e9n 20%<\/li>\n<\/ul>\n<p><span style=\"line-height: 1.6471\">kedvezm\u00e9nyt biztos\u00edtunk, amennyiben a b\u00e9rletek \u00e1r\u00e1t el\u0151re kifizeti. (Fontos megjegyezni, hogy a b\u00e9rletek b\u00e1rkire \u00e1truh\u00e1zhat\u00f3k, vel\u00fck ak\u00e1r egyszerre t\u00f6bben is ig\u00e9nybe vehetik szolg\u00e1ltat\u00e1sunkat!)<\/span><\/p>\n<ul>\n<li>\n<div><strong>Hol a legkedvez\u0151bbek az \u00e1rak?<\/strong><\/div>\n<\/li>\n<\/ul>\n<p>A budapesti XIII. ker\u00fcleti K\u00e1d\u00e1r u. 4. sz. alatti Thaimassz\u00e1zs K\u00f6zpontunkban (a West End City Centerrel szemben). Itt dolgozik a legt\u00f6bb thai massz\u0151r\u00fcnk, \u00e9s itt a leghosszabb a nyitva tart\u00e1sunk is.<\/p>\n<p>Mivel szalonjaink t\u00f6bbs\u00e9ge 4-5 csillagos sz\u00e1llod\u00e1kban tal\u00e1lhat\u00f3, ez\u00e9rt ott a szolg\u00e1ltat\u00e1saink is dr\u00e1g\u00e1bbak.<\/p>\n<p>Mindazon\u00e1ltal a massz\u00e1zs szakmai \u00e9s min\u0151s\u00e9gi sz\u00ednvonala mindenhol egyform\u00e1n magas!<\/p>\n<ul>\n<li>\n<div><strong>Ig\u00e9nybe vehet\u0151-e k\u00fcls\u0151 helysz\u00ednen is?<\/strong><\/div>\n<\/li>\n<\/ul>\n<p>C\u00e9ges rendezv\u00e9nyekre, magas kateg\u00f3ri\u00e1j\u00fa sz\u00e1llod\u00e1kba v\u00e1llalunk kisz\u00e1ll\u00e1st, viszont mag\u00e1nh\u00e1zakhoz nem.<\/p>\n<p>Ink\u00e1bb azt javasoljuk, hogy l\u00e1togassanak el valamelyik massz\u00e1zsszalonunkba, hiszen egy j\u00f3 massz\u00e1zshoz sz\u00fcks\u00e9ges t\u00e1rgyi \u00e9s k\u00f6rnyezeti felt\u00e9telek ezeken a helyeken ink\u00e1bb adottak.<\/p>\n<ul>\n<li>\n<div><strong>Melyik massz\u0151rt v\u00e1lassza?<\/strong><\/div>\n<\/li>\n<\/ul>\n<p>Munkat\u00e1rsaink mindegyike a vil\u00e1gh\u00edr\u0171 bangkoki &#8222;Wat Po&#8221; buddhista massz\u00e1zsiskola mesterdiplom\u00e1j\u00e1val, valamint t\u00f6bb\u00e9ves gyakorlattal rendelkez\u0151, egyform\u00e1n j\u00f3l k\u00e9pzett szakember.<\/p>\n<p>Alapjaiban, fel\u00e9p\u00edt\u00e9s\u00e9ben minden massz\u0151r technik\u00e1ja hasonl\u00f3, hiszen tud\u00e1sukat ugyanabban az iskol\u00e1ban saj\u00e1t\u00edtott\u00e1k el.<\/p>\n<p>Egy-egy massz\u00e1zs azonban n\u00e9mileg elt\u00e9rhet egym\u00e1st\u00f3l egyr\u00e9szt a massz\u0151r\u00f6k szem\u00e9lyis\u00e9ge \u00e1ltal, mellyel \u00f6tv\u00f6zik, sz\u00ednes\u00edtik az alaptechnik\u00e1t, m\u00e1sr\u00e9szt az\u00e1ltal, hogy a vend\u00e9gek adotts\u00e1gait figyelembe v\u00e9ve szem\u00e9lyre szabottan v\u00e9gzik a massz\u00e1zst.<\/p>\n<p>A Siam Center vezet\u0151s\u00e9ge ezt kimondottan t\u00e1mogatja is.<\/p>\n<p>C\u00e9lszer\u0171 kipr\u00f3b\u00e1lni id\u0151nk\u00e9nt m\u00e1s-m\u00e1s massz\u0151rt, majd eld\u00f6nteni, hogy melyik\u00fck massz\u00e1zstechnik\u00e1ja a legink\u00e1bb megfelel\u0151 sz\u00e1munkra. El\u0151fordulhat, hogy a massz\u0151r \u00e9s a vend\u00e9g szervezet\u00e9ben meglev\u0151 energiaszintek k\u00f6lcs\u00f6nhat\u00e1sa miatt esetenk\u00e9nt m\u00e9g jobb eredm\u00e9ny \u00e9rhet\u0151 el.<\/p>\n<p>Ez a massz\u00e1zs jelleg\u00e9b\u0151l ad\u00f3d\u00f3an teljesen term\u00e9szetes.<\/p>\n<ul>\n<li>\n<div><strong>Kinek nem aj\u00e1nljuk?<\/strong><\/div>\n<\/li>\n<\/ul>\n<p>16 \u00e9ves kort\u00f3l mindenkinek nyugodt sz\u00edvvel aj\u00e1nlhat\u00f3.<\/p>\n<p>&nbsp;<\/p>\n<div>Ugyanakkor, mint a legt\u00f6bb ter\u00e1pi\u00e1s jelleg\u0171 alkalmaz\u00e1sok eset\u00e9n, itt is el\u0151fordulhat n\u00e9h\u00e1ny olyan eg\u00e9szs\u00e9gi \u00e1llapot, amikor nem javasolt a thaimassz\u00e1zs.<\/div>\n<p>&nbsp;<\/p>\n<div>Alapvet\u0151en ezek a k\u00f6vetkez\u0151k:<\/div>\n<div><\/div>\n<ul>\n<li>s\u00falyos sz\u00edvel\u00e9gtelens\u00e9g,<\/li>\n<li>magas v\u00e9rnyom\u00e1s,<\/li>\n<li>daganatos megbeteged\u00e9sek,<\/li>\n<li>csontritkul\u00e1s,<\/li>\n<li>m\u0171v\u00e9gtagok, prot\u00e9zisek (pl. cs\u00edp\u0151-, vagy t\u00e9rdprot\u00e9zis),<\/li>\n<li>b\u0151rgy\u00f3gy\u00e1szati rendelleness\u00e9g (pl. szem\u00f6lcs, ny\u00edlt seb, horzsol\u00e1s, pikkelys\u00f6m\u00f6r, stb.),<\/li>\n<li>terhess\u00e9g,<\/li>\n<li>s\u00falyosabb vissz\u00e9rt\u00e1gulat.<\/li>\n<\/ul>\n<div>Alapszab\u00e1lyk\u00e9nt kimondhat\u00f3, hogy az eg\u00e9szs\u00e9gi \u00e1llapotban be\u00e1llt komolyabb v\u00e1ltoz\u00e1s eset\u00e9n mindig k\u00f6r\u00fcltekint\u0151en sz\u00fcks\u00e9ges elj\u00e1rni, \u00e9s tan\u00e1csos a kezel\u0151orvossal konzult\u00e1lni az alkalmaz\u00e1s lehet\u0151s\u00e9g\u00e9r\u0151l.<\/div>\n<div><\/div>\n<ul>\n<li>\n<div><strong>Mit hozzon mag\u00e1val?<\/strong><\/div>\n<\/li>\n<\/ul>\n<p>Semmit. A massz\u00e1zshoz sz\u00fcks\u00e9ges massz\u00e1zsruh\u00e1t \u00e9s t\u00f6r\u00f6lk\u00f6z\u0151t mi biztos\u00edtjuk.<\/p>\n<p>Amennyiben a saj\u00e1t ruh\u00e1j\u00e1t hozn\u00e1 ink\u00e1bb mag\u00e1val, akkor lehet\u0151leg az v\u00e9kony, term\u00e9szetes anyag\u00fa, pizsamajelleg\u0171 ruha legyen. C\u00e9lszer\u0171 nem t\u00fal j\u00f3llakottan \u00e9rkezni a j\u00f3 k\u00f6z\u00e9rzet miatt.<\/p>\n<p>Ha m\u00f3dj\u00e1ban \u00e1ll, k\u00e9rj\u00fck, m\u00e1r a massz\u00e1zs el\u0151tt pr\u00f3b\u00e1ljon meg &#8222;kikapcsolni&#8221;, lelkileg is egy kicsit &#8222;r\u00e1hangol\u00f3dni&#8221;, hogy a szervezet min\u00e9l hat\u00e9konyabban fogadja azt.<\/p>\n<ul>\n<li>\n<div><strong>Nyitva tart\u00e1si id\u0151k<\/strong><\/div>\n<\/li>\n<\/ul>\n<p>\u00dczletenk\u00e9nt v\u00e1ltoz\u00f3. A budapesti XIII. ker\u00fcleti K\u00e1d\u00e1r u. 4. sz. alatti Thaimassz\u00e1zs K\u00f6zpontunkban (a West End City Centerrel szemben) tartunk a leghosszabb id\u0151intervallumban nyitva.<\/p>\n<p>A mindenkori nyitvatart\u00e1si id\u0151ket megtal\u00e1lja az &#8222;\u00dczleteink&#8221; men\u00fcpontban.<\/p>\n<ul>\n<li>\n<div><strong>Tud-e bankk\u00e1rty\u00e1val, hitelk\u00e1rty\u00e1val fizetni<\/strong><\/div>\n<\/li>\n<\/ul>\n<p>Igen, a legt\u00f6bb szalonunkban az \u00e1ltal\u00e1nosan haszn\u00e1latos bankk\u00e1rty\u00e1kat elfogadjuk.<\/p>\n<ul>\n<li>\n<div><strong>Be kell-e jelentkezni?<\/strong><\/div>\n<\/li>\n<\/ul>\n<p>Igen, \u00e9rdemes. C\u00e9lszer\u0171 kb. 24 \u00f3r\u00e1val el\u0151re bejelentkezni, hogy az \u00d6n sz\u00e1m\u00e1ra legkedvez\u0151bb id\u0151pontot tudjuk kiv\u00e1lasztani.<\/p>\n<ul>\n<li>\n<div><strong>Hogyan tud kommunik\u00e1lni a thaif\u00f6ldiekkel?<\/strong><\/div>\n<\/li>\n<\/ul>\n<p>Nem szokott gondot jelenteni. Haszn\u00e1lja a j\u00f3l bev\u00e1lt test-besz\u00e9det!<\/p>\n<p>T\u00f6bbs\u00e9g\u00fck alapszinten \u00e9rti az angol nyelvet.<\/p>\n<p>Ha m\u00e9gis kommunik\u00e1ci\u00f3s gondja lenne, k\u00e9rj\u00fck, forduljon nyugodtan seg\u00edts\u00e9g\u00e9rt recepci\u00f3sainkhoz.<\/p>\n<ul>\n<li>\n<div><strong>Adjon-e borraval\u00f3t?<\/strong><\/div>\n<\/li>\n<\/ul>\n<p>Thaif\u00f6ldi szakembereinknek megfelel\u0151 fizet\u00e9st \u00e9s ell\u00e1t\u00e1st biztos\u00edtunk. Mindazon\u00e1ltal, ha kimagasl\u00f3an el\u00e9gedett volt \u00e9s \u00fagy \u00e9rzi, hogy sz\u00edvesen adna, akkor 500 \u00e9s 1.000 Ft k\u00f6z\u00f6tti \u00f6sszeg elegend\u0151.<\/p>\n<ul>\n<li>\n<div><strong>Mivel ne t\u00e9vessze \u00f6ssze?<\/strong><\/div>\n<\/li>\n<\/ul>\n<p>Egy nagyon fontos t\u00e9nyre szeretn\u00e9nk felh\u00edvni a figyelmet.<\/p>\n<p>Az eredeti thaimassz\u00e1zs, amit v\u00e9gz\u00fcnk, egy regener\u00e1l\u00f3, friss\u00edt\u0151, gy\u00f3gyhat\u00e1s\u00fa massz\u00e1zs, ami m\u00e9g v\u00e9letlen\u00fcl sem t\u00e9veszthet\u0151 \u00f6ssze semmif\u00e9le erotikus massz\u00e1zzsal.<\/p>\n<p>A massz\u00e1zs ideje alatt mind a vend\u00e9g, mind a massz\u0151r tet\u0151t\u0151l-talpig egy kellemes pamutruh\u00e1t visel, mind\u00f6ssze a vend\u00e9gek l\u00e1bfeje van takaratlanul.<\/p>\n<p>K\u00e9rj\u00fck, ha ideje engedi, ossza meg vel\u00fcnk \u00e9szrev\u00e9teleit!<\/p>\n<p>Fontos sz\u00e1munkra az \u00d6n v\u00e9lem\u00e9nye, hiszen igyeksz\u00fcnk mindent megtenni annak \u00e9rdek\u00e9ben, hogy a Siam Center szolg\u00e1ltat\u00e1sainak sz\u00ednvonal\u00e1val vend\u00e9geink el\u00e9gedettek legyenek.<\/p>","protected":false},"excerpt":{"rendered":"<p>Mennyibe ker\u00fcl? Az \u00e1rak nagyban f\u00fcggenek a thaimassz\u00e1zs szalonok helysz\u00edneit\u0151l. A mindenkori \u00e1rakat megtal\u00e1lja az &#8222;\u00dczleteink&#8221; men\u00fcpontban. Mennyi ideig tart? A massz\u00e1zs idej\u00e9nek megv\u00e1laszt\u00e1sa az \u00d6n d\u00f6nt\u00e9se. K\u00e9rhet 30 perces \u00edzel\u00edt\u0151t, de ak\u00e1r egy 3 \u00f3r\u00e1s regener\u00e1l\u00f3 massz\u00e1zst is. Vend\u00e9geink leggyakrabban a 1,5 \u00f3r\u00e1s massz\u00e1zst veszik ig\u00e9nybe, mert ez az az id\u0151tartam, ami alatt massz\u0151reink &hellip; <a href=\"https:\/\/www.siam.hu\/hu\/frequently-asked-questions\/\" class=\"more-link\"><span class=\"screen-reader-text\">Gyakori k\u00e9rd\u00e9sek<\/span> r\u00e9szletei&#8230;<\/a><\/p>\n","protected":false},"author":1,"featured_media":94,"parent":0,"menu_order":0,"comment_status":"closed","ping_status":"closed","template":"","meta":{"footnotes":""},"class_list":["post-93","page","type-page","status-publish","has-post-thumbnail","hentry"],"yoast_head":"<!-- This site is optimized with the Yoast SEO plugin v27.5 - https:\/\/yoast.com\/product\/yoast-seo-wordpress\/ -->\n<title>Gyakori k\u00e9rd\u00e9sek - Siam Center<\/title>\n<meta name=\"robots\" content=\"index, follow, max-snippet:-1, max-image-preview:large, max-video-preview:-1\" \/>\n<link rel=\"canonical\" href=\"https:\/\/www.siam.hu\/de\/frequently-asked-questions\/\" \/>\n<meta property=\"og:locale\" content=\"hu_HU\" \/>\n<meta property=\"og:type\" content=\"article\" \/>\n<meta property=\"og:title\" content=\"Gyakori k\u00e9rd\u00e9sek - Siam Center\" \/>\n<meta property=\"og:description\" content=\"Mennyibe ker\u00fcl? Az \u00e1rak nagyban f\u00fcggenek a thaimassz\u00e1zs szalonok helysz\u00edneit\u0151l. A mindenkori \u00e1rakat megtal\u00e1lja az &#8222;\u00dczleteink&#8221; men\u00fcpontban. Mennyi ideig tart? A massz\u00e1zs idej\u00e9nek megv\u00e1laszt\u00e1sa az \u00d6n d\u00f6nt\u00e9se. K\u00e9rhet 30 perces \u00edzel\u00edt\u0151t, de ak\u00e1r egy 3 \u00f3r\u00e1s regener\u00e1l\u00f3 massz\u00e1zst is. Vend\u00e9geink leggyakrabban a 1,5 \u00f3r\u00e1s massz\u00e1zst veszik ig\u00e9nybe, mert ez az az id\u0151tartam, ami alatt massz\u0151reink &hellip; Gyakori k\u00e9rd\u00e9sek r\u00e9szletei...\" \/>\n<meta property=\"og:url\" content=\"https:\/\/www.siam.hu\/de\/frequently-asked-questions\/\" \/>\n<meta property=\"og:site_name\" content=\"Siam Center\" \/>\n<meta property=\"og:image\" content=\"https:\/\/www.siam.hu\/wp-content\/uploads\/sites\/4\/2016\/06\/masseurs.jpg\" \/>\n\t<meta property=\"og:image:width\" content=\"598\" \/>\n\t<meta property=\"og:image:height\" content=\"265\" \/>\n\t<meta property=\"og:image:type\" content=\"image\/jpeg\" \/>\n<meta name=\"twitter:card\" content=\"summary_large_image\" \/>\n<meta name=\"twitter:label1\" content=\"Becs\u00fclt olvas\u00e1si id\u0151\" \/>\n\t<meta name=\"twitter:data1\" content=\"20 perc\" \/>\n<script type=\"application\/ld+json\" class=\"yoast-schema-graph\">{\"@context\":\"https:\\\/\\\/schema.org\",\"@graph\":[{\"@type\":\"WebPage\",\"@id\":\"https:\\\/\\\/www.siam.hu\\\/de\\\/frequently-asked-questions\\\/\",\"url\":\"https:\\\/\\\/www.siam.hu\\\/de\\\/frequently-asked-questions\\\/\",\"name\":\"Gyakori k\u00e9rd\u00e9sek - Siam Center\",\"isPartOf\":{\"@id\":\"https:\\\/\\\/www.siam.hu\\\/hu\\\/#website\"},\"primaryImageOfPage\":{\"@id\":\"https:\\\/\\\/www.siam.hu\\\/de\\\/frequently-asked-questions\\\/#primaryimage\"},\"image\":{\"@id\":\"https:\\\/\\\/www.siam.hu\\\/de\\\/frequently-asked-questions\\\/#primaryimage\"},\"thumbnailUrl\":\"https:\\\/\\\/www.siam.hu\\\/wp-content\\\/uploads\\\/sites\\\/4\\\/2016\\\/06\\\/masseurs.jpg\",\"datePublished\":\"2016-06-01T19:08:24+00:00\",\"breadcrumb\":{\"@id\":\"https:\\\/\\\/www.siam.hu\\\/de\\\/frequently-asked-questions\\\/#breadcrumb\"},\"inLanguage\":\"hu\",\"potentialAction\":[{\"@type\":\"ReadAction\",\"target\":[\"https:\\\/\\\/www.siam.hu\\\/de\\\/frequently-asked-questions\\\/\"]}]},{\"@type\":\"ImageObject\",\"inLanguage\":\"hu\",\"@id\":\"https:\\\/\\\/www.siam.hu\\\/de\\\/frequently-asked-questions\\\/#primaryimage\",\"url\":\"https:\\\/\\\/www.siam.hu\\\/wp-content\\\/uploads\\\/sites\\\/4\\\/2016\\\/06\\\/masseurs.jpg\",\"contentUrl\":\"https:\\\/\\\/www.siam.hu\\\/wp-content\\\/uploads\\\/sites\\\/4\\\/2016\\\/06\\\/masseurs.jpg\",\"width\":598,\"height\":265,\"caption\":\"Massz\u0151r\u00f6k\"},{\"@type\":\"BreadcrumbList\",\"@id\":\"https:\\\/\\\/www.siam.hu\\\/de\\\/frequently-asked-questions\\\/#breadcrumb\",\"itemListElement\":[{\"@type\":\"ListItem\",\"position\":1,\"name\":\"Home\",\"item\":\"https:\\\/\\\/www.siam.hu\\\/hu\\\/\"},{\"@type\":\"ListItem\",\"position\":2,\"name\":\"Gyakori k\u00e9rd\u00e9sek\"}]},{\"@type\":\"WebSite\",\"@id\":\"https:\\\/\\\/www.siam.hu\\\/hu\\\/#website\",\"url\":\"https:\\\/\\\/www.siam.hu\\\/hu\\\/\",\"name\":\"Siam Center\",\"description\":\"\",\"publisher\":{\"@id\":\"https:\\\/\\\/www.siam.hu\\\/hu\\\/#organization\"},\"potentialAction\":[{\"@type\":\"SearchAction\",\"target\":{\"@type\":\"EntryPoint\",\"urlTemplate\":\"https:\\\/\\\/www.siam.hu\\\/hu\\\/?s={search_term_string}\"},\"query-input\":{\"@type\":\"PropertyValueSpecification\",\"valueRequired\":true,\"valueName\":\"search_term_string\"}}],\"inLanguage\":\"hu\"},{\"@type\":\"Organization\",\"@id\":\"https:\\\/\\\/www.siam.hu\\\/hu\\\/#organization\",\"name\":\"Siam Center\",\"url\":\"https:\\\/\\\/www.siam.hu\\\/hu\\\/\",\"logo\":{\"@type\":\"ImageObject\",\"inLanguage\":\"hu\",\"@id\":\"https:\\\/\\\/www.siam.hu\\\/hu\\\/#\\\/schema\\\/logo\\\/image\\\/\",\"url\":\"https:\\\/\\\/www.siam.hu\\\/wp-content\\\/uploads\\\/sites\\\/4\\\/2016\\\/05\\\/siam_motiv-e1465917198460.jpg\",\"contentUrl\":\"https:\\\/\\\/www.siam.hu\\\/wp-content\\\/uploads\\\/sites\\\/4\\\/2016\\\/05\\\/siam_motiv-e1465917198460.jpg\",\"width\":210,\"height\":306,\"caption\":\"Siam Center\"},\"image\":{\"@id\":\"https:\\\/\\\/www.siam.hu\\\/hu\\\/#\\\/schema\\\/logo\\\/image\\\/\"}}]}<\/script>\n<!-- \/ Yoast SEO plugin. -->","yoast_head_json":{"title":"Gyakori k\u00e9rd\u00e9sek - Siam Center","robots":{"index":"index","follow":"follow","max-snippet":"max-snippet:-1","max-image-preview":"max-image-preview:large","max-video-preview":"max-video-preview:-1"},"canonical":"https:\/\/www.siam.hu\/de\/frequently-asked-questions\/","og_locale":"hu_HU","og_type":"article","og_title":"Gyakori k\u00e9rd\u00e9sek - Siam Center","og_description":"Mennyibe ker\u00fcl? Az \u00e1rak nagyban f\u00fcggenek a thaimassz\u00e1zs szalonok helysz\u00edneit\u0151l. A mindenkori \u00e1rakat megtal\u00e1lja az &#8222;\u00dczleteink&#8221; men\u00fcpontban. Mennyi ideig tart? A massz\u00e1zs idej\u00e9nek megv\u00e1laszt\u00e1sa az \u00d6n d\u00f6nt\u00e9se. K\u00e9rhet 30 perces \u00edzel\u00edt\u0151t, de ak\u00e1r egy 3 \u00f3r\u00e1s regener\u00e1l\u00f3 massz\u00e1zst is. Vend\u00e9geink leggyakrabban a 1,5 \u00f3r\u00e1s massz\u00e1zst veszik ig\u00e9nybe, mert ez az az id\u0151tartam, ami alatt massz\u0151reink &hellip; Gyakori k\u00e9rd\u00e9sek r\u00e9szletei...","og_url":"https:\/\/www.siam.hu\/de\/frequently-asked-questions\/","og_site_name":"Siam Center","og_image":[{"width":598,"height":265,"url":"https:\/\/www.siam.hu\/wp-content\/uploads\/sites\/4\/2016\/06\/masseurs.jpg","type":"image\/jpeg"}],"twitter_card":"summary_large_image","twitter_misc":{"Becs\u00fclt olvas\u00e1si id\u0151":"20 perc"},"schema":{"@context":"https:\/\/schema.org","@graph":[{"@type":"WebPage","@id":"https:\/\/www.siam.hu\/de\/frequently-asked-questions\/","url":"https:\/\/www.siam.hu\/de\/frequently-asked-questions\/","name":"Gyakori k\u00e9rd\u00e9sek - Siam Center","isPartOf":{"@id":"https:\/\/www.siam.hu\/hu\/#website"},"primaryImageOfPage":{"@id":"https:\/\/www.siam.hu\/de\/frequently-asked-questions\/#primaryimage"},"image":{"@id":"https:\/\/www.siam.hu\/de\/frequently-asked-questions\/#primaryimage"},"thumbnailUrl":"https:\/\/www.siam.hu\/wp-content\/uploads\/sites\/4\/2016\/06\/masseurs.jpg","datePublished":"2016-06-01T19:08:24+00:00","breadcrumb":{"@id":"https:\/\/www.siam.hu\/de\/frequently-asked-questions\/#breadcrumb"},"inLanguage":"hu","potentialAction":[{"@type":"ReadAction","target":["https:\/\/www.siam.hu\/de\/frequently-asked-questions\/"]}]},{"@type":"ImageObject","inLanguage":"hu","@id":"https:\/\/www.siam.hu\/de\/frequently-asked-questions\/#primaryimage","url":"https:\/\/www.siam.hu\/wp-content\/uploads\/sites\/4\/2016\/06\/masseurs.jpg","contentUrl":"https:\/\/www.siam.hu\/wp-content\/uploads\/sites\/4\/2016\/06\/masseurs.jpg","width":598,"height":265,"caption":"Massz\u0151r\u00f6k"},{"@type":"BreadcrumbList","@id":"https:\/\/www.siam.hu\/de\/frequently-asked-questions\/#breadcrumb","itemListElement":[{"@type":"ListItem","position":1,"name":"Home","item":"https:\/\/www.siam.hu\/hu\/"},{"@type":"ListItem","position":2,"name":"Gyakori k\u00e9rd\u00e9sek"}]},{"@type":"WebSite","@id":"https:\/\/www.siam.hu\/hu\/#website","url":"https:\/\/www.siam.hu\/hu\/","name":"Siam Center","description":"","publisher":{"@id":"https:\/\/www.siam.hu\/hu\/#organization"},"potentialAction":[{"@type":"SearchAction","target":{"@type":"EntryPoint","urlTemplate":"https:\/\/www.siam.hu\/hu\/?s={search_term_string}"},"query-input":{"@type":"PropertyValueSpecification","valueRequired":true,"valueName":"search_term_string"}}],"inLanguage":"hu"},{"@type":"Organization","@id":"https:\/\/www.siam.hu\/hu\/#organization","name":"Siam Center","url":"https:\/\/www.siam.hu\/hu\/","logo":{"@type":"ImageObject","inLanguage":"hu","@id":"https:\/\/www.siam.hu\/hu\/#\/schema\/logo\/image\/","url":"https:\/\/www.siam.hu\/wp-content\/uploads\/sites\/4\/2016\/05\/siam_motiv-e1465917198460.jpg","contentUrl":"https:\/\/www.siam.hu\/wp-content\/uploads\/sites\/4\/2016\/05\/siam_motiv-e1465917198460.jpg","width":210,"height":306,"caption":"Siam Center"},"image":{"@id":"https:\/\/www.siam.hu\/hu\/#\/schema\/logo\/image\/"}}]}},"_links":{"self":[{"href":"https:\/\/www.siam.hu\/hu\/wp-json\/wp\/v2\/pages\/93","targetHints":{"allow":["GET"]}}],"collection":[{"href":"https:\/\/www.siam.hu\/hu\/wp-json\/wp\/v2\/pages"}],"about":[{"href":"https:\/\/www.siam.hu\/hu\/wp-json\/wp\/v2\/types\/page"}],"author":[{"embeddable":true,"href":"https:\/\/www.siam.hu\/hu\/wp-json\/wp\/v2\/users\/1"}],"replies":[{"embeddable":true,"href":"https:\/\/www.siam.hu\/hu\/wp-json\/wp\/v2\/comments?post=93"}],"version-history":[{"count":0,"href":"https:\/\/www.siam.hu\/hu\/wp-json\/wp\/v2\/pages\/93\/revisions"}],"wp:featuredmedia":[{"embeddable":true,"href":"https:\/\/www.siam.hu\/hu\/wp-json\/wp\/v2\/media\/94"}],"wp:attachment":[{"href":"https:\/\/www.siam.hu\/hu\/wp-json\/wp\/v2\/media?parent=93"}],"curies":[{"name":"wp","href":"https:\/\/api.w.org\/{rel}","templated":true}]}}