{"id":9,"date":"2016-05-27T17:54:07","date_gmt":"2016-05-27T15:54:07","guid":{"rendered":"http:\/\/www.web-iq.hu\/siam\/?page_id=9"},"modified":"2016-05-27T17:54:07","modified_gmt":"2016-05-27T15:54:07","slug":"thai-massage","status":"publish","type":"page","link":"https:\/\/www.siam.hu\/hu\/thai-massage\/","title":{"rendered":"Mi a thaimassz\u00e1zs?"},"content":{"rendered":"<p><\/p>\n<h2>Tradicion\u00e1lis Thaimassz\u00e1zs<\/h2>\n<p>Gy\u00f6kerei az \u0151si Indi\u00e1ba ny\u00falnak vissza. A massz\u00e1zs hat\u00e1sa els\u0151sorban az energiarendszer kiegynes\u00falyoz\u00e1s\u00e1ban rejlik. A massz\u00e1zs az izmok nyom\u00e1s\u00e1va, ny\u00fajt\u00e1s\u00e1val a szabad energia\u00e1raml\u00e1st igyekszik biztos\u00edtani. Saj\u00e1toss\u00e1ga, hogy a thai massz\u0151r\u00f6k ujjaikon k\u00edv\u00fcl k\u00e9zfej\u00fcket, k\u00f6ny\u00f6k\u00fcket, t\u00e9rd\u00fcket \u00e9s l\u00e1bukat is haszn\u00e1lj\u00e1k az \u00e9lettani pontok massz\u00edroz\u00e1sa sor\u00e1n. A massz\u00e1zs rendk\u00edv\u00fcli hat\u00e9konys\u00e1g\u00e1t a k\u00fcl\u00f6nb\u00f6z\u0151 testr\u00e9szek saj\u00e1tos kimozgat\u00e1s\u00e1val, kiropogtat\u00e1s\u00e1val fokozz\u00e1k. Fizikai \u00e9s pszich\u00e9s \u00e9rtelemben a f\u00e1jdalmak \u00e9s merevs\u00e9gek old\u00e1sa, a rugalmas, hajl\u00e9kony, elengedett \u00e1llapot l\u00e9trehoz\u00e1sa a c\u00e9l.<\/p>\n<p>Massz\u0151reink Thaif\u00f6ld legjobb mass\u00e1zsiskol\u00e1iban saj\u00e1t\u00edtj\u00e1k el ma is a thaimassz\u00e1zs \u00e9vsz\u00e1zados titkait \u00e9s fog\u00e1sait.<\/p>\n<p>Ez egy olyan sz\u00e1raz (olaj n\u00e9lk\u00fcli) kezel\u00e9s, amely v\u00e9kony anyag\u00fa massz\u00e1zsruh\u00e1n kereszt\u00fcl, matracon, a f\u00f6ld\u00f6n t\u00f6rt\u00e9nik.<\/p>\n<h2>Thai Gy\u00f3gyn\u00f6v\u00e9nyes massz\u00e1zs<\/h2>\n<p>Ez a massz\u00e1zst\u00edpus a tradicion\u00e1lis thaimassz\u00e1zs kombin\u00e1ci\u00f3ja k\u00fcl\u00f6nf\u00e9le gy\u00f3gyn\u00f6v\u00e9nyg\u0151z\u00f6kkel. A g\u0151z\u00f6lt herbazs\u00e1kkal massz\u00edrozva, a g\u0151z meleg\u00e9vel \u00e9s gy\u00f3gyn\u00f6v\u00e9nyek olaj\u00e1val serkentik a v\u00e9rkering\u00e9st, m\u0171k\u00f6d\u00e9sbe hozz\u00e1k az izmokat \u00e9s a merev \u00edz\u00fcleteket. K\u00edv\u00e1l\u00f3an alkalmas az er\u0151sen ig\u00e9nybevett \u00edz\u00fcletek \u00e9s izmok felfriss\u00edt\u00e9s\u00e9re, f\u00e1jdalmak kezel\u00e9s\u00e9re. A gy\u00f3gyn\u00f6v\u00e9nyes zs\u00e1k t\u00f6bb, mint 15 k\u00fcl\u00f6nb\u00f6z\u0151 gy\u00f3gyn\u00f6v\u00e9nyt tartalmaz.<\/p>\n<h2>Thai olajos massz\u00e1zs<\/h2>\n<p>A massz\u00e1zs menete l\u00e9nyeg\u00e9ben megegyezik a tradicion\u00e1lis thaimassz\u00e1zs\u00e9val, azzal a k\u00fcl\u00f6nbs\u00e9ggel, hogy az olajt\u00f3l cs\u00fasz\u00f3s\u00e1 v\u00e1lt testen bizonyos fog\u00e1sokat elhagynak.\u00a0Az ill\u00f3olajok az \u00e9rint\u00e9s \u00e9s a szagl\u00e1s \u00e9rz\u00e9kszerveit egy\u00fcttesen haszn\u00e1lva fejtik ki j\u00f3t\u00e9kony hat\u00e1sukat, k\u00f6zvetlen\u00fcl a b\u0151r\u00f6n kereszt\u00fcl. Az olajos massz\u00e1zs stimul\u00e1lja a v\u00e9rkering\u00e9st, az ill\u00f3olajok pedig k\u00f6r\u00fcl\u00f6lelik a testet \u00e9s felsz\u00edv\u00f3dva az orron \u00e1t bel\u00e9legezve hatnak. Seg\u00edt a m\u00e9regtelen\u00edt\u00e9sben, er\u0151s\u00edti az immunrendszert, a b\u0151rt rugalmass\u00e1, selymess\u00e9 teszi, a f\u00e1radt lelket fel\u00fcd\u00edti.<\/p>\n<h2>Thai talpmassz\u00e1zs<\/h2>\n<p>A talpmassz\u00e1zs \u0151si k\u00ednai eredet\u0171 gy\u00f3gym\u00f3d, t\u00f6bb mint 3000 \u00e9ve sikeresen alkalmazz\u00e1k \u00c1zsi\u00e1ban. Megel\u0151z \u00e9s gy\u00f3gy\u00edt sz\u00e1mos betegs\u00e9get.<br \/>\nSzinte minden \u00e9rz\u0151ideg a talpb\u00f3l gy\u00f6kerezik. A talpmassz\u00e1zs stimul\u00e1lja, megfelel\u0151en serkenti a bels\u0151 szervek aktivit\u00e1s\u00e1t, tev\u00e9kenys\u00e9g\u00e9t. Egyens\u00falyba hozza a v\u00e9r- \u00e9s nyirokkering\u00e9s zavartalan m\u0171k\u00f6d\u00e9s\u00e9t, jav\u00edtja a kond\u00edci\u00f3t, \u00e1ll\u00f3k\u00e9pess\u00e9get. Fejleszti, ill. t\u00f6k\u00e9letes\u00edti a test immunit\u00e1s\u00e1t, m\u00e9regtelen\u00edt, fiatal\u00edt \u00e9s el\u0151seg\u00edti a hossz\u00fa \u00e9letet. A massz\u0151r a kez\u00e9t, ujjait \u00e9s speci\u00e1lis fap\u00e1lcik\u00e1t haszn\u00e1l kr\u00e9mmel \u00e9s olajjal.<br \/>\nA talp a test t\u00e9rk\u00e9pe. Ha egy testr\u00e9sz vagy szerv beteg, kering\u00e9se rossz, a megfelel\u0151 pont a talpon k\u00fcl\u00f6n\u00f6sen nyom\u00e1s vagy f\u00e1jdalom \u00e9rz\u00e9kenny\u00e9 v\u00e1lik. Ha ezt a pontot massz\u00edrozz\u00e1k, a hozz\u00e1 tartoz\u00f3 testr\u00e9gi\u00f3 kering\u00e9se javul.<\/p>\n<p>K\u00fcl\u00f6nb\u00f6z\u0151 eg\u00e9szs\u00e9g\u00fcgyi probl\u00e9m\u00e1ival forduljon bizalommal diszp\u00e9csereinkhez, hogy az \u00d6n sz\u00e1m\u00e1ra legmegfelel\u0151bb massz\u00e1zsban r\u00e9szes\u00fclj\u00f6n.<\/p>","protected":false},"excerpt":{"rendered":"<p>Tradicion\u00e1lis Thaimassz\u00e1zs Gy\u00f6kerei az \u0151si Indi\u00e1ba ny\u00falnak vissza. A massz\u00e1zs hat\u00e1sa els\u0151sorban az energiarendszer kiegynes\u00falyoz\u00e1s\u00e1ban rejlik. A massz\u00e1zs az izmok nyom\u00e1s\u00e1va, ny\u00fajt\u00e1s\u00e1val a szabad energia\u00e1raml\u00e1st igyekszik biztos\u00edtani. Saj\u00e1toss\u00e1ga, hogy a thai massz\u0151r\u00f6k ujjaikon k\u00edv\u00fcl k\u00e9zfej\u00fcket, k\u00f6ny\u00f6k\u00fcket, t\u00e9rd\u00fcket \u00e9s l\u00e1bukat is haszn\u00e1lj\u00e1k az \u00e9lettani pontok massz\u00edroz\u00e1sa sor\u00e1n. A massz\u00e1zs rendk\u00edv\u00fcli hat\u00e9konys\u00e1g\u00e1t a k\u00fcl\u00f6nb\u00f6z\u0151 testr\u00e9szek saj\u00e1tos kimozgat\u00e1s\u00e1val, &hellip; <a href=\"https:\/\/www.siam.hu\/hu\/thai-massage\/\" class=\"more-link\"><span class=\"screen-reader-text\">Mi a thaimassz\u00e1zs?<\/span> r\u00e9szletei&#8230;<\/a><\/p>\n","protected":false},"author":1,"featured_media":11,"parent":0,"menu_order":0,"comment_status":"closed","ping_status":"closed","template":"","meta":{"footnotes":""},"class_list":["post-9","page","type-page","status-publish","has-post-thumbnail","hentry"],"yoast_head":"<!-- This site is optimized with the Yoast SEO plugin v27.6 - https:\/\/yoast.com\/product\/yoast-seo-wordpress\/ -->\n<title>Mi a thaimassz\u00e1zs? - Siam Center<\/title>\n<meta name=\"robots\" content=\"index, follow, max-snippet:-1, max-image-preview:large, max-video-preview:-1\" \/>\n<link rel=\"canonical\" href=\"https:\/\/www.siam.hu\/hu\/thai-massage\/\" \/>\n<meta property=\"og:locale\" content=\"hu_HU\" \/>\n<meta property=\"og:type\" content=\"article\" \/>\n<meta property=\"og:title\" content=\"Mi a thaimassz\u00e1zs? - Siam Center\" \/>\n<meta property=\"og:description\" content=\"Tradicion\u00e1lis Thaimassz\u00e1zs Gy\u00f6kerei az \u0151si Indi\u00e1ba ny\u00falnak vissza. A massz\u00e1zs hat\u00e1sa els\u0151sorban az energiarendszer kiegynes\u00falyoz\u00e1s\u00e1ban rejlik. A massz\u00e1zs az izmok nyom\u00e1s\u00e1va, ny\u00fajt\u00e1s\u00e1val a szabad energia\u00e1raml\u00e1st igyekszik biztos\u00edtani. Saj\u00e1toss\u00e1ga, hogy a thai massz\u0151r\u00f6k ujjaikon k\u00edv\u00fcl k\u00e9zfej\u00fcket, k\u00f6ny\u00f6k\u00fcket, t\u00e9rd\u00fcket \u00e9s l\u00e1bukat is haszn\u00e1lj\u00e1k az \u00e9lettani pontok massz\u00edroz\u00e1sa sor\u00e1n. A massz\u00e1zs rendk\u00edv\u00fcli hat\u00e9konys\u00e1g\u00e1t a k\u00fcl\u00f6nb\u00f6z\u0151 testr\u00e9szek saj\u00e1tos kimozgat\u00e1s\u00e1val, &hellip; Mi a thaimassz\u00e1zs? r\u00e9szletei...\" \/>\n<meta property=\"og:url\" content=\"https:\/\/www.siam.hu\/hu\/thai-massage\/\" \/>\n<meta property=\"og:site_name\" content=\"Siam Center\" \/>\n<meta property=\"og:image\" content=\"https:\/\/www.siam.hu\/wp-content\/uploads\/sites\/4\/2016\/05\/candles-and-flowers.jpg\" \/>\n\t<meta property=\"og:image:width\" content=\"598\" \/>\n\t<meta property=\"og:image:height\" content=\"264\" \/>\n\t<meta property=\"og:image:type\" content=\"image\/jpeg\" \/>\n<meta name=\"twitter:card\" content=\"summary_large_image\" \/>\n<meta name=\"twitter:label1\" content=\"Becs\u00fclt olvas\u00e1si id\u0151\" \/>\n\t<meta name=\"twitter:data1\" content=\"9 perc\" \/>\n<script type=\"application\/ld+json\" class=\"yoast-schema-graph\">{\"@context\":\"https:\\\/\\\/schema.org\",\"@graph\":[{\"@type\":\"WebPage\",\"@id\":\"https:\\\/\\\/www.siam.hu\\\/hu\\\/thai-massage\\\/\",\"url\":\"https:\\\/\\\/www.siam.hu\\\/hu\\\/thai-massage\\\/\",\"name\":\"Mi a thaimassz\u00e1zs? - Siam Center\",\"isPartOf\":{\"@id\":\"https:\\\/\\\/www.siam.hu\\\/hu\\\/#website\"},\"primaryImageOfPage\":{\"@id\":\"https:\\\/\\\/www.siam.hu\\\/hu\\\/thai-massage\\\/#primaryimage\"},\"image\":{\"@id\":\"https:\\\/\\\/www.siam.hu\\\/hu\\\/thai-massage\\\/#primaryimage\"},\"thumbnailUrl\":\"https:\\\/\\\/www.siam.hu\\\/wp-content\\\/uploads\\\/sites\\\/4\\\/2016\\\/05\\\/candles-and-flowers.jpg\",\"datePublished\":\"2016-05-27T15:54:07+00:00\",\"breadcrumb\":{\"@id\":\"https:\\\/\\\/www.siam.hu\\\/hu\\\/thai-massage\\\/#breadcrumb\"},\"inLanguage\":\"hu\",\"potentialAction\":[{\"@type\":\"ReadAction\",\"target\":[\"https:\\\/\\\/www.siam.hu\\\/hu\\\/thai-massage\\\/\"]}]},{\"@type\":\"ImageObject\",\"inLanguage\":\"hu\",\"@id\":\"https:\\\/\\\/www.siam.hu\\\/hu\\\/thai-massage\\\/#primaryimage\",\"url\":\"https:\\\/\\\/www.siam.hu\\\/wp-content\\\/uploads\\\/sites\\\/4\\\/2016\\\/05\\\/candles-and-flowers.jpg\",\"contentUrl\":\"https:\\\/\\\/www.siam.hu\\\/wp-content\\\/uploads\\\/sites\\\/4\\\/2016\\\/05\\\/candles-and-flowers.jpg\",\"width\":598,\"height\":264,\"caption\":\"Candles and Flowers\"},{\"@type\":\"BreadcrumbList\",\"@id\":\"https:\\\/\\\/www.siam.hu\\\/hu\\\/thai-massage\\\/#breadcrumb\",\"itemListElement\":[{\"@type\":\"ListItem\",\"position\":1,\"name\":\"Home\",\"item\":\"https:\\\/\\\/www.siam.hu\\\/hu\\\/\"},{\"@type\":\"ListItem\",\"position\":2,\"name\":\"Mi a thaimassz\u00e1zs?\"}]},{\"@type\":\"WebSite\",\"@id\":\"https:\\\/\\\/www.siam.hu\\\/hu\\\/#website\",\"url\":\"https:\\\/\\\/www.siam.hu\\\/hu\\\/\",\"name\":\"Siam Center\",\"description\":\"\",\"publisher\":{\"@id\":\"https:\\\/\\\/www.siam.hu\\\/hu\\\/#organization\"},\"potentialAction\":[{\"@type\":\"SearchAction\",\"target\":{\"@type\":\"EntryPoint\",\"urlTemplate\":\"https:\\\/\\\/www.siam.hu\\\/hu\\\/?s={search_term_string}\"},\"query-input\":{\"@type\":\"PropertyValueSpecification\",\"valueRequired\":true,\"valueName\":\"search_term_string\"}}],\"inLanguage\":\"hu\"},{\"@type\":\"Organization\",\"@id\":\"https:\\\/\\\/www.siam.hu\\\/hu\\\/#organization\",\"name\":\"Siam Center\",\"url\":\"https:\\\/\\\/www.siam.hu\\\/hu\\\/\",\"logo\":{\"@type\":\"ImageObject\",\"inLanguage\":\"hu\",\"@id\":\"https:\\\/\\\/www.siam.hu\\\/hu\\\/#\\\/schema\\\/logo\\\/image\\\/\",\"url\":\"https:\\\/\\\/www.siam.hu\\\/wp-content\\\/uploads\\\/sites\\\/4\\\/2016\\\/05\\\/siam_motiv-e1465917198460.jpg\",\"contentUrl\":\"https:\\\/\\\/www.siam.hu\\\/wp-content\\\/uploads\\\/sites\\\/4\\\/2016\\\/05\\\/siam_motiv-e1465917198460.jpg\",\"width\":210,\"height\":306,\"caption\":\"Siam Center\"},\"image\":{\"@id\":\"https:\\\/\\\/www.siam.hu\\\/hu\\\/#\\\/schema\\\/logo\\\/image\\\/\"}}]}<\/script>\n<!-- \/ Yoast SEO plugin. -->","yoast_head_json":{"title":"Mi a thaimassz\u00e1zs? - Siam Center","robots":{"index":"index","follow":"follow","max-snippet":"max-snippet:-1","max-image-preview":"max-image-preview:large","max-video-preview":"max-video-preview:-1"},"canonical":"https:\/\/www.siam.hu\/hu\/thai-massage\/","og_locale":"hu_HU","og_type":"article","og_title":"Mi a thaimassz\u00e1zs? - Siam Center","og_description":"Tradicion\u00e1lis Thaimassz\u00e1zs Gy\u00f6kerei az \u0151si Indi\u00e1ba ny\u00falnak vissza. A massz\u00e1zs hat\u00e1sa els\u0151sorban az energiarendszer kiegynes\u00falyoz\u00e1s\u00e1ban rejlik. A massz\u00e1zs az izmok nyom\u00e1s\u00e1va, ny\u00fajt\u00e1s\u00e1val a szabad energia\u00e1raml\u00e1st igyekszik biztos\u00edtani. Saj\u00e1toss\u00e1ga, hogy a thai massz\u0151r\u00f6k ujjaikon k\u00edv\u00fcl k\u00e9zfej\u00fcket, k\u00f6ny\u00f6k\u00fcket, t\u00e9rd\u00fcket \u00e9s l\u00e1bukat is haszn\u00e1lj\u00e1k az \u00e9lettani pontok massz\u00edroz\u00e1sa sor\u00e1n. A massz\u00e1zs rendk\u00edv\u00fcli hat\u00e9konys\u00e1g\u00e1t a k\u00fcl\u00f6nb\u00f6z\u0151 testr\u00e9szek saj\u00e1tos kimozgat\u00e1s\u00e1val, &hellip; Mi a thaimassz\u00e1zs? r\u00e9szletei...","og_url":"https:\/\/www.siam.hu\/hu\/thai-massage\/","og_site_name":"Siam Center","og_image":[{"width":598,"height":264,"url":"https:\/\/www.siam.hu\/wp-content\/uploads\/sites\/4\/2016\/05\/candles-and-flowers.jpg","type":"image\/jpeg"}],"twitter_card":"summary_large_image","twitter_misc":{"Becs\u00fclt olvas\u00e1si id\u0151":"9 perc"},"schema":{"@context":"https:\/\/schema.org","@graph":[{"@type":"WebPage","@id":"https:\/\/www.siam.hu\/hu\/thai-massage\/","url":"https:\/\/www.siam.hu\/hu\/thai-massage\/","name":"Mi a thaimassz\u00e1zs? - Siam Center","isPartOf":{"@id":"https:\/\/www.siam.hu\/hu\/#website"},"primaryImageOfPage":{"@id":"https:\/\/www.siam.hu\/hu\/thai-massage\/#primaryimage"},"image":{"@id":"https:\/\/www.siam.hu\/hu\/thai-massage\/#primaryimage"},"thumbnailUrl":"https:\/\/www.siam.hu\/wp-content\/uploads\/sites\/4\/2016\/05\/candles-and-flowers.jpg","datePublished":"2016-05-27T15:54:07+00:00","breadcrumb":{"@id":"https:\/\/www.siam.hu\/hu\/thai-massage\/#breadcrumb"},"inLanguage":"hu","potentialAction":[{"@type":"ReadAction","target":["https:\/\/www.siam.hu\/hu\/thai-massage\/"]}]},{"@type":"ImageObject","inLanguage":"hu","@id":"https:\/\/www.siam.hu\/hu\/thai-massage\/#primaryimage","url":"https:\/\/www.siam.hu\/wp-content\/uploads\/sites\/4\/2016\/05\/candles-and-flowers.jpg","contentUrl":"https:\/\/www.siam.hu\/wp-content\/uploads\/sites\/4\/2016\/05\/candles-and-flowers.jpg","width":598,"height":264,"caption":"Candles and Flowers"},{"@type":"BreadcrumbList","@id":"https:\/\/www.siam.hu\/hu\/thai-massage\/#breadcrumb","itemListElement":[{"@type":"ListItem","position":1,"name":"Home","item":"https:\/\/www.siam.hu\/hu\/"},{"@type":"ListItem","position":2,"name":"Mi a thaimassz\u00e1zs?"}]},{"@type":"WebSite","@id":"https:\/\/www.siam.hu\/hu\/#website","url":"https:\/\/www.siam.hu\/hu\/","name":"Siam Center","description":"","publisher":{"@id":"https:\/\/www.siam.hu\/hu\/#organization"},"potentialAction":[{"@type":"SearchAction","target":{"@type":"EntryPoint","urlTemplate":"https:\/\/www.siam.hu\/hu\/?s={search_term_string}"},"query-input":{"@type":"PropertyValueSpecification","valueRequired":true,"valueName":"search_term_string"}}],"inLanguage":"hu"},{"@type":"Organization","@id":"https:\/\/www.siam.hu\/hu\/#organization","name":"Siam Center","url":"https:\/\/www.siam.hu\/hu\/","logo":{"@type":"ImageObject","inLanguage":"hu","@id":"https:\/\/www.siam.hu\/hu\/#\/schema\/logo\/image\/","url":"https:\/\/www.siam.hu\/wp-content\/uploads\/sites\/4\/2016\/05\/siam_motiv-e1465917198460.jpg","contentUrl":"https:\/\/www.siam.hu\/wp-content\/uploads\/sites\/4\/2016\/05\/siam_motiv-e1465917198460.jpg","width":210,"height":306,"caption":"Siam Center"},"image":{"@id":"https:\/\/www.siam.hu\/hu\/#\/schema\/logo\/image\/"}}]}},"_links":{"self":[{"href":"https:\/\/www.siam.hu\/hu\/wp-json\/wp\/v2\/pages\/9","targetHints":{"allow":["GET"]}}],"collection":[{"href":"https:\/\/www.siam.hu\/hu\/wp-json\/wp\/v2\/pages"}],"about":[{"href":"https:\/\/www.siam.hu\/hu\/wp-json\/wp\/v2\/types\/page"}],"author":[{"embeddable":true,"href":"https:\/\/www.siam.hu\/hu\/wp-json\/wp\/v2\/users\/1"}],"replies":[{"embeddable":true,"href":"https:\/\/www.siam.hu\/hu\/wp-json\/wp\/v2\/comments?post=9"}],"version-history":[{"count":0,"href":"https:\/\/www.siam.hu\/hu\/wp-json\/wp\/v2\/pages\/9\/revisions"}],"wp:featuredmedia":[{"embeddable":true,"href":"https:\/\/www.siam.hu\/hu\/wp-json\/wp\/v2\/media\/11"}],"wp:attachment":[{"href":"https:\/\/www.siam.hu\/hu\/wp-json\/wp\/v2\/media?parent=9"}],"curies":[{"name":"wp","href":"https:\/\/api.w.org\/{rel}","templated":true}]}}