{"id":88,"date":"2016-06-01T20:45:12","date_gmt":"2016-06-01T18:45:12","guid":{"rendered":"http:\/\/www.web-iq.hu\/siam\/?page_id=88"},"modified":"2016-06-01T20:45:12","modified_gmt":"2016-06-01T18:45:12","slug":"gift-ticket","status":"publish","type":"page","link":"https:\/\/www.siam.hu\/hu\/gift-ticket\/","title":{"rendered":"Aj\u00e1nd\u00e9kjegy"},"content":{"rendered":"<p>Eredeti \u00f6tletet, hasznos aj\u00e1nd\u00e9kot keres szeretteinek, bar\u00e1tainak, \u00fczletfeleinek, munkat\u00e1rsainak?<br \/>\nSz\u00fclet\u00e9snapra, n\u00e9vnapra, kar\u00e1csonyra, vagy b\u00e1rmilyen alkalomra rendk\u00edv\u00fcli \u00f6r\u00f6met szerezhet a k\u00fcl\u00f6nleges \u00e9lm\u00e9nyt ny\u00fajt\u00f3 thaimassz\u00e1zs aj\u00e1nd\u00e9kjeggyel!<br \/>\nA megaj\u00e1nd\u00e9kozottnak mind\u00f6ssze a sz\u00e1m\u00e1ra legkedvez\u0151bb id\u0151pontot kell telefonon egyeztetnie vel\u00fcnk.<\/p>\n<h2><img loading=\"lazy\" decoding=\"async\" class=\"aligncenter size-full wp-image-89\" src=\"http:\/\/www.siam.hu\/wp-content\/uploads\/sites\/4\/2016\/06\/ajandekjegy-elso-oldal.jpg\" alt=\"Aj\u00e1nd\u00e9kjegy els\u0151 oldal\" width=\"400\" height=\"189\" srcset=\"https:\/\/www.siam.hu\/wp-content\/uploads\/sites\/4\/2016\/06\/ajandekjegy-elso-oldal.jpg 400w, https:\/\/www.siam.hu\/wp-content\/uploads\/sites\/4\/2016\/06\/ajandekjegy-elso-oldal-300x142.jpg 300w\" sizes=\"auto, (max-width: 400px) 100vw, 400px\" \/><img loading=\"lazy\" decoding=\"async\" class=\"aligncenter size-full wp-image-90\" src=\"http:\/\/www.siam.hu\/wp-content\/uploads\/sites\/4\/2016\/06\/ajandekjegy-hatoldal.jpg\" alt=\"Aj\u00e1nd\u00e9kjegy h\u00e1toldal\" width=\"400\" height=\"189\" srcset=\"https:\/\/www.siam.hu\/wp-content\/uploads\/sites\/4\/2016\/06\/ajandekjegy-hatoldal.jpg 400w, https:\/\/www.siam.hu\/wp-content\/uploads\/sites\/4\/2016\/06\/ajandekjegy-hatoldal-300x142.jpg 300w\" sizes=\"auto, (max-width: 400px) 100vw, 400px\" \/>Mit \u00e9rdemes tudni az aj\u00e1nd\u00e9kjegyr\u0151l?<\/h2>\n<ol>\n<li>\u00c9rv\u00e9nyess\u00e9ge a ki\u00e1ll\u00edt\u00e1s d\u00e1tum\u00e1t\u00f3l sz\u00e1m\u00edtott 6 h\u00f3nap. Az \u00e9rv\u00e9nyess\u00e9gi id\u0151t meghosszabb\u00edtani nem lehet!<\/li>\n<li>C\u00e9g\u00fcnk garant\u00e1lja, hogy az \u00e9rv\u00e9nyess\u00e9gi id\u0151n bel\u00fcl &#8211; el\u0151re egyezetett id\u0151pontban &#8211; a felt\u00fcntetett szolg\u00e1ltat\u00e1st, a megjel\u00f6lt szalonban, a legmagasabb szakmai szinten biztos\u00edtja a vend\u00e9g r\u00e9sz\u00e9re. M\u00e1s szolg\u00e1ltat\u00e1sra becser\u00e9lni, p\u00e9nzt visszat\u00e9r\u00edteni, az elveszett aj\u00e1nd\u00e9kjegyet p\u00f3tolni sajnos nem \u00e1ll m\u00f3dunkban.<\/li>\n<li>Az aj\u00e1nd\u00e9kjegy felhaszn\u00e1l\u00e1sa el\u0151tt k\u00e9rj\u00fck, h\u00edvjon fel benn\u00fcnket, hogy a szolg\u00e1ltat\u00e1s ig\u00e9nybev\u00e9tel\u00e9re legkedvez\u0151bb id\u0151pontot megtal\u00e1lhassuk \u00d6nnek.<\/li>\n<li>Az aj\u00e1nd\u00e9kutalv\u00e1ny b\u00e1rmelyik \u00fczlet\u00fcnkben megv\u00e1s\u00e1rolhat\u00f3.<\/li>\n<li>Az el\u0151re kifizetett, vagy banki \u00e1tutal\u00e1ssal teljes\u00edtett aj\u00e1nd\u00e9kjegyeket postai \u00faton, vagy fut\u00e1rszolg\u00e1lattal eljuttatjuk az egyeztetett c\u00edmre.<\/li>\n<li>K\u00e9rj\u00fck, hogy a massz\u00e1zsra az aj\u00e1nd\u00e9kjegyet hozza mag\u00e1val!<\/li>\n<\/ol>\n<h2>T\u00e1j\u00e9koztat\u00f3:<\/h2>\n<ol>\n<li>A r\u00e9gebbi t\u00edpus\u00fa aj\u00e1nd\u00e9kjegyeket csak abban az esetben \u00e1ll m\u00f3dunkban elfogadni, amennyiben az \u00e9rv\u00e9nyess\u00e9gi ideje nem j\u00e1rt m\u00e9g le!<\/li>\n<li>Az \u00fcres, kit\u00f6ltetlen &#8211; bianco &#8211; jegyek k\u00f6z\u00fcl csak a fent szerepl\u0151 mint\u00e1val megegyez\u0151 aj\u00e1nd\u00e9kjegyeket tudjuk elfogadni!<\/li>\n<li>Az aj\u00e1nd\u00e9kjegy k\u00e9szp\u00e9nzre nem v\u00e1lthat\u00f3!<\/li>\n<\/ol>\n<p><\/p>","protected":false},"excerpt":{"rendered":"<p>Eredeti \u00f6tletet, hasznos aj\u00e1nd\u00e9kot keres szeretteinek, bar\u00e1tainak, \u00fczletfeleinek, munkat\u00e1rsainak? Sz\u00fclet\u00e9snapra, n\u00e9vnapra, kar\u00e1csonyra, vagy b\u00e1rmilyen alkalomra rendk\u00edv\u00fcli \u00f6r\u00f6met szerezhet a k\u00fcl\u00f6nleges \u00e9lm\u00e9nyt ny\u00fajt\u00f3 thaimassz\u00e1zs aj\u00e1nd\u00e9kjeggyel! A megaj\u00e1nd\u00e9kozottnak mind\u00f6ssze a sz\u00e1m\u00e1ra legkedvez\u0151bb id\u0151pontot kell telefonon egyeztetnie vel\u00fcnk. Mit \u00e9rdemes tudni az aj\u00e1nd\u00e9kjegyr\u0151l? \u00c9rv\u00e9nyess\u00e9ge a ki\u00e1ll\u00edt\u00e1s d\u00e1tum\u00e1t\u00f3l sz\u00e1m\u00edtott 6 h\u00f3nap. Az \u00e9rv\u00e9nyess\u00e9gi id\u0151t meghosszabb\u00edtani nem lehet! C\u00e9g\u00fcnk garant\u00e1lja, &hellip; <a href=\"https:\/\/www.siam.hu\/hu\/gift-ticket\/\" class=\"more-link\"><span class=\"screen-reader-text\">Aj\u00e1nd\u00e9kjegy<\/span> r\u00e9szletei&#8230;<\/a><\/p>\n","protected":false},"author":1,"featured_media":91,"parent":0,"menu_order":0,"comment_status":"closed","ping_status":"closed","template":"","meta":{"footnotes":""},"class_list":["post-88","page","type-page","status-publish","has-post-thumbnail","hentry"],"yoast_head":"<!-- This site is optimized with the Yoast SEO plugin v27.5 - https:\/\/yoast.com\/product\/yoast-seo-wordpress\/ -->\n<title>Aj\u00e1nd\u00e9kjegy - Siam Center<\/title>\n<meta name=\"robots\" content=\"index, follow, max-snippet:-1, max-image-preview:large, max-video-preview:-1\" \/>\n<link rel=\"canonical\" href=\"https:\/\/www.siam.hu\/hu\/gift-ticket\/\" \/>\n<meta property=\"og:locale\" content=\"hu_HU\" \/>\n<meta property=\"og:type\" content=\"article\" \/>\n<meta property=\"og:title\" content=\"Aj\u00e1nd\u00e9kjegy - Siam Center\" \/>\n<meta property=\"og:description\" content=\"Eredeti \u00f6tletet, hasznos aj\u00e1nd\u00e9kot keres szeretteinek, bar\u00e1tainak, \u00fczletfeleinek, munkat\u00e1rsainak? Sz\u00fclet\u00e9snapra, n\u00e9vnapra, kar\u00e1csonyra, vagy b\u00e1rmilyen alkalomra rendk\u00edv\u00fcli \u00f6r\u00f6met szerezhet a k\u00fcl\u00f6nleges \u00e9lm\u00e9nyt ny\u00fajt\u00f3 thaimassz\u00e1zs aj\u00e1nd\u00e9kjeggyel! A megaj\u00e1nd\u00e9kozottnak mind\u00f6ssze a sz\u00e1m\u00e1ra legkedvez\u0151bb id\u0151pontot kell telefonon egyeztetnie vel\u00fcnk. Mit \u00e9rdemes tudni az aj\u00e1nd\u00e9kjegyr\u0151l? \u00c9rv\u00e9nyess\u00e9ge a ki\u00e1ll\u00edt\u00e1s d\u00e1tum\u00e1t\u00f3l sz\u00e1m\u00edtott 6 h\u00f3nap. Az \u00e9rv\u00e9nyess\u00e9gi id\u0151t meghosszabb\u00edtani nem lehet! C\u00e9g\u00fcnk garant\u00e1lja, &hellip; Aj\u00e1nd\u00e9kjegy r\u00e9szletei...\" \/>\n<meta property=\"og:url\" content=\"https:\/\/www.siam.hu\/hu\/gift-ticket\/\" \/>\n<meta property=\"og:site_name\" content=\"Siam Center\" \/>\n<meta property=\"og:image\" content=\"https:\/\/www.siam.hu\/wp-content\/uploads\/sites\/4\/2016\/06\/scented-smthgs.jpg\" \/>\n\t<meta property=\"og:image:width\" content=\"598\" \/>\n\t<meta property=\"og:image:height\" content=\"264\" \/>\n\t<meta property=\"og:image:type\" content=\"image\/jpeg\" \/>\n<meta name=\"twitter:card\" content=\"summary_large_image\" \/>\n<meta name=\"twitter:label1\" content=\"Becs\u00fclt olvas\u00e1si id\u0151\" \/>\n\t<meta name=\"twitter:data1\" content=\"5 perc\" \/>\n<script type=\"application\/ld+json\" class=\"yoast-schema-graph\">{\"@context\":\"https:\\\/\\\/schema.org\",\"@graph\":[{\"@type\":\"WebPage\",\"@id\":\"https:\\\/\\\/www.siam.hu\\\/hu\\\/gift-ticket\\\/\",\"url\":\"https:\\\/\\\/www.siam.hu\\\/hu\\\/gift-ticket\\\/\",\"name\":\"Aj\u00e1nd\u00e9kjegy - Siam Center\",\"isPartOf\":{\"@id\":\"https:\\\/\\\/www.siam.hu\\\/hu\\\/#website\"},\"primaryImageOfPage\":{\"@id\":\"https:\\\/\\\/www.siam.hu\\\/hu\\\/gift-ticket\\\/#primaryimage\"},\"image\":{\"@id\":\"https:\\\/\\\/www.siam.hu\\\/hu\\\/gift-ticket\\\/#primaryimage\"},\"thumbnailUrl\":\"https:\\\/\\\/www.siam.hu\\\/wp-content\\\/uploads\\\/sites\\\/4\\\/2016\\\/06\\\/scented-smthgs.jpg\",\"datePublished\":\"2016-06-01T18:45:12+00:00\",\"breadcrumb\":{\"@id\":\"https:\\\/\\\/www.siam.hu\\\/hu\\\/gift-ticket\\\/#breadcrumb\"},\"inLanguage\":\"hu\",\"potentialAction\":[{\"@type\":\"ReadAction\",\"target\":[\"https:\\\/\\\/www.siam.hu\\\/hu\\\/gift-ticket\\\/\"]}]},{\"@type\":\"ImageObject\",\"inLanguage\":\"hu\",\"@id\":\"https:\\\/\\\/www.siam.hu\\\/hu\\\/gift-ticket\\\/#primaryimage\",\"url\":\"https:\\\/\\\/www.siam.hu\\\/wp-content\\\/uploads\\\/sites\\\/4\\\/2016\\\/06\\\/scented-smthgs.jpg\",\"contentUrl\":\"https:\\\/\\\/www.siam.hu\\\/wp-content\\\/uploads\\\/sites\\\/4\\\/2016\\\/06\\\/scented-smthgs.jpg\",\"width\":598,\"height\":264},{\"@type\":\"BreadcrumbList\",\"@id\":\"https:\\\/\\\/www.siam.hu\\\/hu\\\/gift-ticket\\\/#breadcrumb\",\"itemListElement\":[{\"@type\":\"ListItem\",\"position\":1,\"name\":\"Home\",\"item\":\"https:\\\/\\\/www.siam.hu\\\/hu\\\/\"},{\"@type\":\"ListItem\",\"position\":2,\"name\":\"Aj\u00e1nd\u00e9kjegy\"}]},{\"@type\":\"WebSite\",\"@id\":\"https:\\\/\\\/www.siam.hu\\\/hu\\\/#website\",\"url\":\"https:\\\/\\\/www.siam.hu\\\/hu\\\/\",\"name\":\"Siam Center\",\"description\":\"\",\"publisher\":{\"@id\":\"https:\\\/\\\/www.siam.hu\\\/hu\\\/#organization\"},\"potentialAction\":[{\"@type\":\"SearchAction\",\"target\":{\"@type\":\"EntryPoint\",\"urlTemplate\":\"https:\\\/\\\/www.siam.hu\\\/hu\\\/?s={search_term_string}\"},\"query-input\":{\"@type\":\"PropertyValueSpecification\",\"valueRequired\":true,\"valueName\":\"search_term_string\"}}],\"inLanguage\":\"hu\"},{\"@type\":\"Organization\",\"@id\":\"https:\\\/\\\/www.siam.hu\\\/hu\\\/#organization\",\"name\":\"Siam Center\",\"url\":\"https:\\\/\\\/www.siam.hu\\\/hu\\\/\",\"logo\":{\"@type\":\"ImageObject\",\"inLanguage\":\"hu\",\"@id\":\"https:\\\/\\\/www.siam.hu\\\/hu\\\/#\\\/schema\\\/logo\\\/image\\\/\",\"url\":\"https:\\\/\\\/www.siam.hu\\\/wp-content\\\/uploads\\\/sites\\\/4\\\/2016\\\/05\\\/siam_motiv-e1465917198460.jpg\",\"contentUrl\":\"https:\\\/\\\/www.siam.hu\\\/wp-content\\\/uploads\\\/sites\\\/4\\\/2016\\\/05\\\/siam_motiv-e1465917198460.jpg\",\"width\":210,\"height\":306,\"caption\":\"Siam Center\"},\"image\":{\"@id\":\"https:\\\/\\\/www.siam.hu\\\/hu\\\/#\\\/schema\\\/logo\\\/image\\\/\"}}]}<\/script>\n<!-- \/ Yoast SEO plugin. -->","yoast_head_json":{"title":"Aj\u00e1nd\u00e9kjegy - Siam Center","robots":{"index":"index","follow":"follow","max-snippet":"max-snippet:-1","max-image-preview":"max-image-preview:large","max-video-preview":"max-video-preview:-1"},"canonical":"https:\/\/www.siam.hu\/hu\/gift-ticket\/","og_locale":"hu_HU","og_type":"article","og_title":"Aj\u00e1nd\u00e9kjegy - Siam Center","og_description":"Eredeti \u00f6tletet, hasznos aj\u00e1nd\u00e9kot keres szeretteinek, bar\u00e1tainak, \u00fczletfeleinek, munkat\u00e1rsainak? Sz\u00fclet\u00e9snapra, n\u00e9vnapra, kar\u00e1csonyra, vagy b\u00e1rmilyen alkalomra rendk\u00edv\u00fcli \u00f6r\u00f6met szerezhet a k\u00fcl\u00f6nleges \u00e9lm\u00e9nyt ny\u00fajt\u00f3 thaimassz\u00e1zs aj\u00e1nd\u00e9kjeggyel! A megaj\u00e1nd\u00e9kozottnak mind\u00f6ssze a sz\u00e1m\u00e1ra legkedvez\u0151bb id\u0151pontot kell telefonon egyeztetnie vel\u00fcnk. Mit \u00e9rdemes tudni az aj\u00e1nd\u00e9kjegyr\u0151l? \u00c9rv\u00e9nyess\u00e9ge a ki\u00e1ll\u00edt\u00e1s d\u00e1tum\u00e1t\u00f3l sz\u00e1m\u00edtott 6 h\u00f3nap. Az \u00e9rv\u00e9nyess\u00e9gi id\u0151t meghosszabb\u00edtani nem lehet! C\u00e9g\u00fcnk garant\u00e1lja, &hellip; Aj\u00e1nd\u00e9kjegy r\u00e9szletei...","og_url":"https:\/\/www.siam.hu\/hu\/gift-ticket\/","og_site_name":"Siam Center","og_image":[{"width":598,"height":264,"url":"https:\/\/www.siam.hu\/wp-content\/uploads\/sites\/4\/2016\/06\/scented-smthgs.jpg","type":"image\/jpeg"}],"twitter_card":"summary_large_image","twitter_misc":{"Becs\u00fclt olvas\u00e1si id\u0151":"5 perc"},"schema":{"@context":"https:\/\/schema.org","@graph":[{"@type":"WebPage","@id":"https:\/\/www.siam.hu\/hu\/gift-ticket\/","url":"https:\/\/www.siam.hu\/hu\/gift-ticket\/","name":"Aj\u00e1nd\u00e9kjegy - Siam Center","isPartOf":{"@id":"https:\/\/www.siam.hu\/hu\/#website"},"primaryImageOfPage":{"@id":"https:\/\/www.siam.hu\/hu\/gift-ticket\/#primaryimage"},"image":{"@id":"https:\/\/www.siam.hu\/hu\/gift-ticket\/#primaryimage"},"thumbnailUrl":"https:\/\/www.siam.hu\/wp-content\/uploads\/sites\/4\/2016\/06\/scented-smthgs.jpg","datePublished":"2016-06-01T18:45:12+00:00","breadcrumb":{"@id":"https:\/\/www.siam.hu\/hu\/gift-ticket\/#breadcrumb"},"inLanguage":"hu","potentialAction":[{"@type":"ReadAction","target":["https:\/\/www.siam.hu\/hu\/gift-ticket\/"]}]},{"@type":"ImageObject","inLanguage":"hu","@id":"https:\/\/www.siam.hu\/hu\/gift-ticket\/#primaryimage","url":"https:\/\/www.siam.hu\/wp-content\/uploads\/sites\/4\/2016\/06\/scented-smthgs.jpg","contentUrl":"https:\/\/www.siam.hu\/wp-content\/uploads\/sites\/4\/2016\/06\/scented-smthgs.jpg","width":598,"height":264},{"@type":"BreadcrumbList","@id":"https:\/\/www.siam.hu\/hu\/gift-ticket\/#breadcrumb","itemListElement":[{"@type":"ListItem","position":1,"name":"Home","item":"https:\/\/www.siam.hu\/hu\/"},{"@type":"ListItem","position":2,"name":"Aj\u00e1nd\u00e9kjegy"}]},{"@type":"WebSite","@id":"https:\/\/www.siam.hu\/hu\/#website","url":"https:\/\/www.siam.hu\/hu\/","name":"Siam Center","description":"","publisher":{"@id":"https:\/\/www.siam.hu\/hu\/#organization"},"potentialAction":[{"@type":"SearchAction","target":{"@type":"EntryPoint","urlTemplate":"https:\/\/www.siam.hu\/hu\/?s={search_term_string}"},"query-input":{"@type":"PropertyValueSpecification","valueRequired":true,"valueName":"search_term_string"}}],"inLanguage":"hu"},{"@type":"Organization","@id":"https:\/\/www.siam.hu\/hu\/#organization","name":"Siam Center","url":"https:\/\/www.siam.hu\/hu\/","logo":{"@type":"ImageObject","inLanguage":"hu","@id":"https:\/\/www.siam.hu\/hu\/#\/schema\/logo\/image\/","url":"https:\/\/www.siam.hu\/wp-content\/uploads\/sites\/4\/2016\/05\/siam_motiv-e1465917198460.jpg","contentUrl":"https:\/\/www.siam.hu\/wp-content\/uploads\/sites\/4\/2016\/05\/siam_motiv-e1465917198460.jpg","width":210,"height":306,"caption":"Siam Center"},"image":{"@id":"https:\/\/www.siam.hu\/hu\/#\/schema\/logo\/image\/"}}]}},"_links":{"self":[{"href":"https:\/\/www.siam.hu\/hu\/wp-json\/wp\/v2\/pages\/88","targetHints":{"allow":["GET"]}}],"collection":[{"href":"https:\/\/www.siam.hu\/hu\/wp-json\/wp\/v2\/pages"}],"about":[{"href":"https:\/\/www.siam.hu\/hu\/wp-json\/wp\/v2\/types\/page"}],"author":[{"embeddable":true,"href":"https:\/\/www.siam.hu\/hu\/wp-json\/wp\/v2\/users\/1"}],"replies":[{"embeddable":true,"href":"https:\/\/www.siam.hu\/hu\/wp-json\/wp\/v2\/comments?post=88"}],"version-history":[{"count":0,"href":"https:\/\/www.siam.hu\/hu\/wp-json\/wp\/v2\/pages\/88\/revisions"}],"wp:featuredmedia":[{"embeddable":true,"href":"https:\/\/www.siam.hu\/hu\/wp-json\/wp\/v2\/media\/91"}],"wp:attachment":[{"href":"https:\/\/www.siam.hu\/hu\/wp-json\/wp\/v2\/media?parent=88"}],"curies":[{"name":"wp","href":"https:\/\/api.w.org\/{rel}","templated":true}]}}