{"id":249,"date":"2016-05-27T17:40:16","date_gmt":"2016-05-27T15:40:16","guid":{"rendered":"http:\/\/www.web-iq.hu\/siam\/?page_id=5"},"modified":"2016-05-27T17:40:16","modified_gmt":"2016-05-27T15:40:16","slug":"siam-main","status":"publish","type":"page","link":"https:\/\/www.siam.hu\/hu\/","title":{"rendered":"Siam f\u0151oldal"},"content":{"rendered":"<p>A vil\u00e1gh\u00edr\u0171 bangkoki &#8222;WAT PO&#8221; mestermassz\u0151reinek els\u0151 magyarorsz\u00e1gi massz\u00e1zsh\u00e1l\u00f3zata.<\/p>\n<p><strong>K\u00fcl\u00f6nlegesen regener\u00e1l\u00f3, friss\u00edt\u0151 \u00e9s fesz\u00fclts\u00e9gold\u00f3 t\u00e1vol-keleti massz\u00e1zs eredeti k\u00f6rnyezetben.<\/strong><\/p>\n<p>Mesterdiplom\u00e1val \u00e9s t\u00f6bb\u00e9ves gyakorlattal rendelkez\u0151 <strong>thaif\u00f6ldi massz\u0151rn\u0151k<\/strong>\u00a0v\u00e1rj\u00e1k szeretettel vend\u00e9geiket.<\/p>\n<p>A K\u00e1d\u00e1r utcai a \u00fczletbe \u00e9rv\u00e9nyes aj\u00e1nd\u00e9kjegyeket a <strong>Danubius Thermal Hotel H\u00e9lia****<\/strong>-ban lehet felhaszn\u00e1lni, b\u0151vebb inform\u00e1ci\u00f3:<\/p>\n<p>+36-1-889-5820<img loading=\"lazy\" decoding=\"async\" class=\"aligncenter size-full wp-image-6\" src=\"http:\/\/www.siam.hu\/wp-content\/uploads\/sites\/4\/2016\/05\/best-of-budapest.jpg\" alt=\"Best of Budapest\" width=\"200\" height=\"61\" \/><\/p>","protected":false},"excerpt":{"rendered":"<p>A vil\u00e1gh\u00edr\u0171 bangkoki &#8222;WAT PO&#8221; mestermassz\u0151reinek els\u0151 magyarorsz\u00e1gi massz\u00e1zsh\u00e1l\u00f3zata. K\u00fcl\u00f6nlegesen regener\u00e1l\u00f3, friss\u00edt\u0151 \u00e9s fesz\u00fclts\u00e9gold\u00f3 t\u00e1vol-keleti massz\u00e1zs eredeti k\u00f6rnyezetben. Mesterdiplom\u00e1val \u00e9s t\u00f6bb\u00e9ves gyakorlattal rendelkez\u0151 thaif\u00f6ldi massz\u0151rn\u0151k\u00a0v\u00e1rj\u00e1k szeretettel vend\u00e9geiket. A K\u00e1d\u00e1r utcai a \u00fczletbe \u00e9rv\u00e9nyes aj\u00e1nd\u00e9kjegyeket a Danubius Thermal Hotel H\u00e9lia****-ban lehet felhaszn\u00e1lni, b\u0151vebb inform\u00e1ci\u00f3: +36-1-889-5820<\/p>\n","protected":false},"author":1,"featured_media":16,"parent":0,"menu_order":0,"comment_status":"closed","ping_status":"closed","template":"","meta":{"footnotes":""},"class_list":["post-249","page","type-page","status-publish","has-post-thumbnail","hentry"],"yoast_head":"<!-- This site is optimized with the Yoast SEO plugin v27.4 - https:\/\/yoast.com\/product\/yoast-seo-wordpress\/ -->\n<title>Siam f\u0151oldal - Siam Center<\/title>\n<meta name=\"robots\" content=\"index, follow, max-snippet:-1, max-image-preview:large, max-video-preview:-1\" \/>\n<link rel=\"canonical\" href=\"https:\/\/www.siam.hu\/hu\/\" \/>\n<meta property=\"og:locale\" content=\"hu_HU\" \/>\n<meta property=\"og:type\" content=\"article\" \/>\n<meta property=\"og:title\" content=\"Siam f\u0151oldal - Siam Center\" \/>\n<meta property=\"og:description\" content=\"A vil\u00e1gh\u00edr\u0171 bangkoki &#8222;WAT PO&#8221; mestermassz\u0151reinek els\u0151 magyarorsz\u00e1gi massz\u00e1zsh\u00e1l\u00f3zata. K\u00fcl\u00f6nlegesen regener\u00e1l\u00f3, friss\u00edt\u0151 \u00e9s fesz\u00fclts\u00e9gold\u00f3 t\u00e1vol-keleti massz\u00e1zs eredeti k\u00f6rnyezetben. Mesterdiplom\u00e1val \u00e9s t\u00f6bb\u00e9ves gyakorlattal rendelkez\u0151 thaif\u00f6ldi massz\u0151rn\u0151k\u00a0v\u00e1rj\u00e1k szeretettel vend\u00e9geiket. A K\u00e1d\u00e1r utcai a \u00fczletbe \u00e9rv\u00e9nyes aj\u00e1nd\u00e9kjegyeket a Danubius Thermal Hotel H\u00e9lia****-ban lehet felhaszn\u00e1lni, b\u0151vebb inform\u00e1ci\u00f3: +36-1-889-5820\" \/>\n<meta property=\"og:url\" content=\"https:\/\/www.siam.hu\/hu\/\" \/>\n<meta property=\"og:site_name\" content=\"Siam Center\" \/>\n<meta property=\"og:image\" content=\"https:\/\/www.siam.hu\/wp-content\/uploads\/sites\/4\/2016\/05\/massage-bed.jpg\" \/>\n\t<meta property=\"og:image:width\" content=\"598\" \/>\n\t<meta property=\"og:image:height\" content=\"264\" \/>\n\t<meta property=\"og:image:type\" content=\"image\/jpeg\" \/>\n<meta name=\"twitter:card\" content=\"summary_large_image\" \/>\n<meta name=\"twitter:label1\" content=\"Becs\u00fclt olvas\u00e1si id\u0151\" \/>\n\t<meta name=\"twitter:data1\" content=\"1 perc\" \/>\n<script type=\"application\/ld+json\" class=\"yoast-schema-graph\">{\"@context\":\"https:\\\/\\\/schema.org\",\"@graph\":[{\"@type\":\"WebPage\",\"@id\":\"https:\\\/\\\/www.siam.hu\\\/hu\\\/\",\"url\":\"https:\\\/\\\/www.siam.hu\\\/hu\\\/\",\"name\":\"Siam f\u0151oldal - Siam Center\",\"isPartOf\":{\"@id\":\"https:\\\/\\\/www.siam.hu\\\/hu\\\/#website\"},\"primaryImageOfPage\":{\"@id\":\"https:\\\/\\\/www.siam.hu\\\/hu\\\/#primaryimage\"},\"image\":{\"@id\":\"https:\\\/\\\/www.siam.hu\\\/hu\\\/#primaryimage\"},\"thumbnailUrl\":\"https:\\\/\\\/www.siam.hu\\\/wp-content\\\/uploads\\\/sites\\\/4\\\/2016\\\/05\\\/massage-bed.jpg\",\"datePublished\":\"2016-05-27T15:40:16+00:00\",\"breadcrumb\":{\"@id\":\"https:\\\/\\\/www.siam.hu\\\/hu\\\/#breadcrumb\"},\"inLanguage\":\"hu\",\"potentialAction\":[{\"@type\":\"ReadAction\",\"target\":[\"https:\\\/\\\/www.siam.hu\\\/hu\\\/\"]}]},{\"@type\":\"ImageObject\",\"inLanguage\":\"hu\",\"@id\":\"https:\\\/\\\/www.siam.hu\\\/hu\\\/#primaryimage\",\"url\":\"https:\\\/\\\/www.siam.hu\\\/wp-content\\\/uploads\\\/sites\\\/4\\\/2016\\\/05\\\/massage-bed.jpg\",\"contentUrl\":\"https:\\\/\\\/www.siam.hu\\\/wp-content\\\/uploads\\\/sites\\\/4\\\/2016\\\/05\\\/massage-bed.jpg\",\"width\":598,\"height\":264,\"caption\":\"Massage bed\"},{\"@type\":\"BreadcrumbList\",\"@id\":\"https:\\\/\\\/www.siam.hu\\\/hu\\\/#breadcrumb\",\"itemListElement\":[{\"@type\":\"ListItem\",\"position\":1,\"name\":\"Home\",\"item\":\"https:\\\/\\\/www.siam.hu\\\/hu\\\/\"},{\"@type\":\"ListItem\",\"position\":2,\"name\":\"Siam f\u0151oldal\"}]},{\"@type\":\"WebSite\",\"@id\":\"https:\\\/\\\/www.siam.hu\\\/hu\\\/#website\",\"url\":\"https:\\\/\\\/www.siam.hu\\\/hu\\\/\",\"name\":\"Siam Center\",\"description\":\"\",\"publisher\":{\"@id\":\"https:\\\/\\\/www.siam.hu\\\/hu\\\/#organization\"},\"potentialAction\":[{\"@type\":\"SearchAction\",\"target\":{\"@type\":\"EntryPoint\",\"urlTemplate\":\"https:\\\/\\\/www.siam.hu\\\/hu\\\/?s={search_term_string}\"},\"query-input\":{\"@type\":\"PropertyValueSpecification\",\"valueRequired\":true,\"valueName\":\"search_term_string\"}}],\"inLanguage\":\"hu\"},{\"@type\":\"Organization\",\"@id\":\"https:\\\/\\\/www.siam.hu\\\/hu\\\/#organization\",\"name\":\"Siam Center\",\"url\":\"https:\\\/\\\/www.siam.hu\\\/hu\\\/\",\"logo\":{\"@type\":\"ImageObject\",\"inLanguage\":\"hu\",\"@id\":\"https:\\\/\\\/www.siam.hu\\\/hu\\\/#\\\/schema\\\/logo\\\/image\\\/\",\"url\":\"https:\\\/\\\/www.siam.hu\\\/wp-content\\\/uploads\\\/sites\\\/4\\\/2016\\\/05\\\/siam_motiv-e1465917198460.jpg\",\"contentUrl\":\"https:\\\/\\\/www.siam.hu\\\/wp-content\\\/uploads\\\/sites\\\/4\\\/2016\\\/05\\\/siam_motiv-e1465917198460.jpg\",\"width\":210,\"height\":306,\"caption\":\"Siam Center\"},\"image\":{\"@id\":\"https:\\\/\\\/www.siam.hu\\\/hu\\\/#\\\/schema\\\/logo\\\/image\\\/\"}}]}<\/script>\n<!-- \/ Yoast SEO plugin. -->","yoast_head_json":{"title":"Siam f\u0151oldal - Siam Center","robots":{"index":"index","follow":"follow","max-snippet":"max-snippet:-1","max-image-preview":"max-image-preview:large","max-video-preview":"max-video-preview:-1"},"canonical":"https:\/\/www.siam.hu\/hu\/","og_locale":"hu_HU","og_type":"article","og_title":"Siam f\u0151oldal - Siam Center","og_description":"A vil\u00e1gh\u00edr\u0171 bangkoki &#8222;WAT PO&#8221; mestermassz\u0151reinek els\u0151 magyarorsz\u00e1gi massz\u00e1zsh\u00e1l\u00f3zata. K\u00fcl\u00f6nlegesen regener\u00e1l\u00f3, friss\u00edt\u0151 \u00e9s fesz\u00fclts\u00e9gold\u00f3 t\u00e1vol-keleti massz\u00e1zs eredeti k\u00f6rnyezetben. Mesterdiplom\u00e1val \u00e9s t\u00f6bb\u00e9ves gyakorlattal rendelkez\u0151 thaif\u00f6ldi massz\u0151rn\u0151k\u00a0v\u00e1rj\u00e1k szeretettel vend\u00e9geiket. A K\u00e1d\u00e1r utcai a \u00fczletbe \u00e9rv\u00e9nyes aj\u00e1nd\u00e9kjegyeket a Danubius Thermal Hotel H\u00e9lia****-ban lehet felhaszn\u00e1lni, b\u0151vebb inform\u00e1ci\u00f3: +36-1-889-5820","og_url":"https:\/\/www.siam.hu\/hu\/","og_site_name":"Siam Center","og_image":[{"width":598,"height":264,"url":"https:\/\/www.siam.hu\/wp-content\/uploads\/sites\/4\/2016\/05\/massage-bed.jpg","type":"image\/jpeg"}],"twitter_card":"summary_large_image","twitter_misc":{"Becs\u00fclt olvas\u00e1si id\u0151":"1 perc"},"schema":{"@context":"https:\/\/schema.org","@graph":[{"@type":"WebPage","@id":"https:\/\/www.siam.hu\/hu\/","url":"https:\/\/www.siam.hu\/hu\/","name":"Siam f\u0151oldal - Siam Center","isPartOf":{"@id":"https:\/\/www.siam.hu\/hu\/#website"},"primaryImageOfPage":{"@id":"https:\/\/www.siam.hu\/hu\/#primaryimage"},"image":{"@id":"https:\/\/www.siam.hu\/hu\/#primaryimage"},"thumbnailUrl":"https:\/\/www.siam.hu\/wp-content\/uploads\/sites\/4\/2016\/05\/massage-bed.jpg","datePublished":"2016-05-27T15:40:16+00:00","breadcrumb":{"@id":"https:\/\/www.siam.hu\/hu\/#breadcrumb"},"inLanguage":"hu","potentialAction":[{"@type":"ReadAction","target":["https:\/\/www.siam.hu\/hu\/"]}]},{"@type":"ImageObject","inLanguage":"hu","@id":"https:\/\/www.siam.hu\/hu\/#primaryimage","url":"https:\/\/www.siam.hu\/wp-content\/uploads\/sites\/4\/2016\/05\/massage-bed.jpg","contentUrl":"https:\/\/www.siam.hu\/wp-content\/uploads\/sites\/4\/2016\/05\/massage-bed.jpg","width":598,"height":264,"caption":"Massage bed"},{"@type":"BreadcrumbList","@id":"https:\/\/www.siam.hu\/hu\/#breadcrumb","itemListElement":[{"@type":"ListItem","position":1,"name":"Home","item":"https:\/\/www.siam.hu\/hu\/"},{"@type":"ListItem","position":2,"name":"Siam f\u0151oldal"}]},{"@type":"WebSite","@id":"https:\/\/www.siam.hu\/hu\/#website","url":"https:\/\/www.siam.hu\/hu\/","name":"Siam Center","description":"","publisher":{"@id":"https:\/\/www.siam.hu\/hu\/#organization"},"potentialAction":[{"@type":"SearchAction","target":{"@type":"EntryPoint","urlTemplate":"https:\/\/www.siam.hu\/hu\/?s={search_term_string}"},"query-input":{"@type":"PropertyValueSpecification","valueRequired":true,"valueName":"search_term_string"}}],"inLanguage":"hu"},{"@type":"Organization","@id":"https:\/\/www.siam.hu\/hu\/#organization","name":"Siam Center","url":"https:\/\/www.siam.hu\/hu\/","logo":{"@type":"ImageObject","inLanguage":"hu","@id":"https:\/\/www.siam.hu\/hu\/#\/schema\/logo\/image\/","url":"https:\/\/www.siam.hu\/wp-content\/uploads\/sites\/4\/2016\/05\/siam_motiv-e1465917198460.jpg","contentUrl":"https:\/\/www.siam.hu\/wp-content\/uploads\/sites\/4\/2016\/05\/siam_motiv-e1465917198460.jpg","width":210,"height":306,"caption":"Siam Center"},"image":{"@id":"https:\/\/www.siam.hu\/hu\/#\/schema\/logo\/image\/"}}]}},"_links":{"self":[{"href":"https:\/\/www.siam.hu\/hu\/wp-json\/wp\/v2\/pages\/249","targetHints":{"allow":["GET"]}}],"collection":[{"href":"https:\/\/www.siam.hu\/hu\/wp-json\/wp\/v2\/pages"}],"about":[{"href":"https:\/\/www.siam.hu\/hu\/wp-json\/wp\/v2\/types\/page"}],"author":[{"embeddable":true,"href":"https:\/\/www.siam.hu\/hu\/wp-json\/wp\/v2\/users\/1"}],"replies":[{"embeddable":true,"href":"https:\/\/www.siam.hu\/hu\/wp-json\/wp\/v2\/comments?post=249"}],"version-history":[{"count":0,"href":"https:\/\/www.siam.hu\/hu\/wp-json\/wp\/v2\/pages\/249\/revisions"}],"wp:featuredmedia":[{"embeddable":true,"href":"https:\/\/www.siam.hu\/hu\/wp-json\/wp\/v2\/media\/16"}],"wp:attachment":[{"href":"https:\/\/www.siam.hu\/hu\/wp-json\/wp\/v2\/media?parent=249"}],"curies":[{"name":"wp","href":"https:\/\/api.w.org\/{rel}","templated":true}]}}