{"id":112,"date":"2016-06-02T17:37:59","date_gmt":"2016-06-02T15:37:59","guid":{"rendered":"http:\/\/www.web-iq.hu\/siam\/?page_id=112"},"modified":"2016-07-03T13:55:56","modified_gmt":"2016-07-03T11:55:56","slug":"our-partners","status":"publish","type":"page","link":"https:\/\/www.siam.hu\/hu\/our-partners\/","title":{"rendered":"Partnereink"},"content":{"rendered":"<p><\/p>\n<p style=\"text-align: center;\">&#8222;Alfa-Szf\u00e9ra&#8221; 3 Estate Kft.<\/p>\n<p style=\"text-align: center;\"><a href=\"http:\/\/www.3estate.hu\/\"><img loading=\"lazy\" decoding=\"async\" src=\"http:\/\/www.siam.hu\/wp-content\/uploads\/sites\/4\/2016\/06\/alfaszfera.jpg\" alt=\"Alfa-Szf\u00e9ra\" width=\"135\" height=\"64\" \/><\/a><\/p>\n<p style=\"text-align: center;\"><a href=\"http:\/\/www.compagnon.hu\/\"><img loading=\"lazy\" decoding=\"async\" src=\"http:\/\/www.siam.hu\/wp-content\/uploads\/sites\/4\/2016\/06\/compagnon.jpg\" alt=\"Compagnon\" width=\"200\" height=\"19\" \/><\/a><\/p>\n<p style=\"text-align: center;\">Best of Budapest <a href=\"http:\/\/www.bestofbudapest.com\/\" target=\"_blank\">http:\/\/www.bestofbudapest.com\/<\/a><\/p>\n<p style=\"text-align: center;\">MTA photo <a href=\"http:\/\/www.mtaphoto.com\/\" target=\"_blank\">http:\/\/www.mtaphoto.com\/<\/a><\/p>\n<p style=\"text-align: center;\"><a href=\"http:\/\/www.feldobox.hu\/\"><img loading=\"lazy\" decoding=\"async\" src=\"http:\/\/www.siam.hu\/wp-content\/uploads\/sites\/4\/2016\/06\/feldobox.jpg\" alt=\"Feldobox\" width=\"150\" height=\"46\" \/><\/a><\/p>\n<p style=\"text-align: center;\">Feldobox <a href=\"http:\/\/www.feldobox.hu\/\" target=\"_blank\">http:\/\/www.feldobox.hu<\/a><\/p>\n<p><\/p>","protected":false},"excerpt":{"rendered":"<p>&#8222;Alfa-Szf\u00e9ra&#8221; 3 Estate Kft. Best of Budapest http:\/\/www.bestofbudapest.com\/ MTA photo http:\/\/www.mtaphoto.com\/ Feldobox http:\/\/www.feldobox.hu<\/p>\n","protected":false},"author":1,"featured_media":0,"parent":0,"menu_order":0,"comment_status":"closed","ping_status":"closed","template":"","meta":{"footnotes":""},"class_list":["post-112","page","type-page","status-publish","hentry"],"yoast_head":"<!-- This site is optimized with the Yoast SEO plugin v27.5 - https:\/\/yoast.com\/product\/yoast-seo-wordpress\/ -->\n<title>Partnereink - Siam Center<\/title>\n<meta name=\"robots\" content=\"index, follow, max-snippet:-1, max-image-preview:large, max-video-preview:-1\" \/>\n<link rel=\"canonical\" href=\"https:\/\/www.siam.hu\/sk\/our-partners\/\" \/>\n<meta property=\"og:locale\" content=\"hu_HU\" \/>\n<meta property=\"og:type\" content=\"article\" \/>\n<meta property=\"og:title\" content=\"[:hu]Partnereink[:en]Our partners[:de]Unsere Partner[:sk]Na\u0161i partneri[:] - Siam Center\" \/>\n<meta property=\"og:description\" content=\"&#8222;Alfa-Szf\u00e9ra&#8221; 3 Estate Kft. Best of Budapest http:\/\/www.bestofbudapest.com\/ MTA photo http:\/\/www.mtaphoto.com\/ Feldobox http:\/\/www.feldobox.hu\" \/>\n<meta property=\"og:url\" content=\"https:\/\/www.siam.hu\/sk\/our-partners\/\" \/>\n<meta property=\"og:site_name\" content=\"Siam Center\" \/>\n<meta property=\"article:modified_time\" content=\"2016-07-03T11:55:56+00:00\" \/>\n<meta property=\"og:image\" content=\"http:\/\/www.siam.hu\/wp-content\/uploads\/sites\/4\/2016\/06\/alfaszfera.jpg\" \/>\n<meta name=\"twitter:card\" content=\"summary_large_image\" \/>\n<meta name=\"twitter:label1\" content=\"Becs\u00fclt olvas\u00e1si id\u0151\" \/>\n\t<meta name=\"twitter:data1\" content=\"1 perc\" \/>\n<script type=\"application\/ld+json\" class=\"yoast-schema-graph\">{\"@context\":\"https:\\\/\\\/schema.org\",\"@graph\":[{\"@type\":\"WebPage\",\"@id\":\"https:\\\/\\\/www.siam.hu\\\/sk\\\/our-partners\\\/\",\"url\":\"https:\\\/\\\/www.siam.hu\\\/sk\\\/our-partners\\\/\",\"name\":\"[:hu]Partnereink[:en]Our partners[:de]Unsere Partner[:sk]Na\u0161i partneri[:] - Siam Center\",\"isPartOf\":{\"@id\":\"https:\\\/\\\/www.siam.hu\\\/hu\\\/#website\"},\"primaryImageOfPage\":{\"@id\":\"https:\\\/\\\/www.siam.hu\\\/sk\\\/our-partners\\\/#primaryimage\"},\"image\":{\"@id\":\"https:\\\/\\\/www.siam.hu\\\/sk\\\/our-partners\\\/#primaryimage\"},\"thumbnailUrl\":\"http:\\\/\\\/www.siam.hu\\\/wp-content\\\/uploads\\\/sites\\\/4\\\/2016\\\/06\\\/alfaszfera.jpg\",\"datePublished\":\"2016-06-02T15:37:59+00:00\",\"dateModified\":\"2016-07-03T11:55:56+00:00\",\"breadcrumb\":{\"@id\":\"https:\\\/\\\/www.siam.hu\\\/sk\\\/our-partners\\\/#breadcrumb\"},\"inLanguage\":\"hu\",\"potentialAction\":[{\"@type\":\"ReadAction\",\"target\":[\"https:\\\/\\\/www.siam.hu\\\/sk\\\/our-partners\\\/\"]}]},{\"@type\":\"ImageObject\",\"inLanguage\":\"hu\",\"@id\":\"https:\\\/\\\/www.siam.hu\\\/sk\\\/our-partners\\\/#primaryimage\",\"url\":\"http:\\\/\\\/www.siam.hu\\\/wp-content\\\/uploads\\\/sites\\\/4\\\/2016\\\/06\\\/alfaszfera.jpg\",\"contentUrl\":\"http:\\\/\\\/www.siam.hu\\\/wp-content\\\/uploads\\\/sites\\\/4\\\/2016\\\/06\\\/alfaszfera.jpg\"},{\"@type\":\"BreadcrumbList\",\"@id\":\"https:\\\/\\\/www.siam.hu\\\/sk\\\/our-partners\\\/#breadcrumb\",\"itemListElement\":[{\"@type\":\"ListItem\",\"position\":1,\"name\":\"Home\",\"item\":\"https:\\\/\\\/www.siam.hu\\\/hu\\\/\"},{\"@type\":\"ListItem\",\"position\":2,\"name\":\"Na\u0161i partneri\"}]},{\"@type\":\"WebSite\",\"@id\":\"https:\\\/\\\/www.siam.hu\\\/hu\\\/#website\",\"url\":\"https:\\\/\\\/www.siam.hu\\\/hu\\\/\",\"name\":\"Siam Center\",\"description\":\"\",\"publisher\":{\"@id\":\"https:\\\/\\\/www.siam.hu\\\/hu\\\/#organization\"},\"potentialAction\":[{\"@type\":\"SearchAction\",\"target\":{\"@type\":\"EntryPoint\",\"urlTemplate\":\"https:\\\/\\\/www.siam.hu\\\/hu\\\/?s={search_term_string}\"},\"query-input\":{\"@type\":\"PropertyValueSpecification\",\"valueRequired\":true,\"valueName\":\"search_term_string\"}}],\"inLanguage\":\"hu\"},{\"@type\":\"Organization\",\"@id\":\"https:\\\/\\\/www.siam.hu\\\/hu\\\/#organization\",\"name\":\"Siam Center\",\"url\":\"https:\\\/\\\/www.siam.hu\\\/hu\\\/\",\"logo\":{\"@type\":\"ImageObject\",\"inLanguage\":\"hu\",\"@id\":\"https:\\\/\\\/www.siam.hu\\\/hu\\\/#\\\/schema\\\/logo\\\/image\\\/\",\"url\":\"https:\\\/\\\/www.siam.hu\\\/wp-content\\\/uploads\\\/sites\\\/4\\\/2016\\\/05\\\/siam_motiv-e1465917198460.jpg\",\"contentUrl\":\"https:\\\/\\\/www.siam.hu\\\/wp-content\\\/uploads\\\/sites\\\/4\\\/2016\\\/05\\\/siam_motiv-e1465917198460.jpg\",\"width\":210,\"height\":306,\"caption\":\"Siam Center\"},\"image\":{\"@id\":\"https:\\\/\\\/www.siam.hu\\\/hu\\\/#\\\/schema\\\/logo\\\/image\\\/\"}}]}<\/script>\n<!-- \/ Yoast SEO plugin. -->","yoast_head_json":{"title":"[:hu]Partnereink[:en]Our partners[:de]Unsere Partner[:sk]Na\u0161i partneri[:] - Siam Center","robots":{"index":"index","follow":"follow","max-snippet":"max-snippet:-1","max-image-preview":"max-image-preview:large","max-video-preview":"max-video-preview:-1"},"canonical":"https:\/\/www.siam.hu\/sk\/our-partners\/","og_locale":"hu_HU","og_type":"article","og_title":"[:hu]Partnereink[:en]Our partners[:de]Unsere Partner[:sk]Na\u0161i partneri[:] - Siam Center","og_description":"&#8222;Alfa-Szf\u00e9ra&#8221; 3 Estate Kft. Best of Budapest http:\/\/www.bestofbudapest.com\/ MTA photo http:\/\/www.mtaphoto.com\/ Feldobox http:\/\/www.feldobox.hu","og_url":"https:\/\/www.siam.hu\/sk\/our-partners\/","og_site_name":"Siam Center","article_modified_time":"2016-07-03T11:55:56+00:00","og_image":[{"url":"http:\/\/www.siam.hu\/wp-content\/uploads\/sites\/4\/2016\/06\/alfaszfera.jpg","type":"","width":"","height":""}],"twitter_card":"summary_large_image","twitter_misc":{"Becs\u00fclt olvas\u00e1si id\u0151":"1 perc"},"schema":{"@context":"https:\/\/schema.org","@graph":[{"@type":"WebPage","@id":"https:\/\/www.siam.hu\/sk\/our-partners\/","url":"https:\/\/www.siam.hu\/sk\/our-partners\/","name":"[:hu]Partnereink[:en]Our partners[:de]Unsere Partner[:sk]Na\u0161i partneri[:] - Siam Center","isPartOf":{"@id":"https:\/\/www.siam.hu\/hu\/#website"},"primaryImageOfPage":{"@id":"https:\/\/www.siam.hu\/sk\/our-partners\/#primaryimage"},"image":{"@id":"https:\/\/www.siam.hu\/sk\/our-partners\/#primaryimage"},"thumbnailUrl":"http:\/\/www.siam.hu\/wp-content\/uploads\/sites\/4\/2016\/06\/alfaszfera.jpg","datePublished":"2016-06-02T15:37:59+00:00","dateModified":"2016-07-03T11:55:56+00:00","breadcrumb":{"@id":"https:\/\/www.siam.hu\/sk\/our-partners\/#breadcrumb"},"inLanguage":"hu","potentialAction":[{"@type":"ReadAction","target":["https:\/\/www.siam.hu\/sk\/our-partners\/"]}]},{"@type":"ImageObject","inLanguage":"hu","@id":"https:\/\/www.siam.hu\/sk\/our-partners\/#primaryimage","url":"http:\/\/www.siam.hu\/wp-content\/uploads\/sites\/4\/2016\/06\/alfaszfera.jpg","contentUrl":"http:\/\/www.siam.hu\/wp-content\/uploads\/sites\/4\/2016\/06\/alfaszfera.jpg"},{"@type":"BreadcrumbList","@id":"https:\/\/www.siam.hu\/sk\/our-partners\/#breadcrumb","itemListElement":[{"@type":"ListItem","position":1,"name":"Home","item":"https:\/\/www.siam.hu\/hu\/"},{"@type":"ListItem","position":2,"name":"Na\u0161i partneri"}]},{"@type":"WebSite","@id":"https:\/\/www.siam.hu\/hu\/#website","url":"https:\/\/www.siam.hu\/hu\/","name":"Siam Center","description":"","publisher":{"@id":"https:\/\/www.siam.hu\/hu\/#organization"},"potentialAction":[{"@type":"SearchAction","target":{"@type":"EntryPoint","urlTemplate":"https:\/\/www.siam.hu\/hu\/?s={search_term_string}"},"query-input":{"@type":"PropertyValueSpecification","valueRequired":true,"valueName":"search_term_string"}}],"inLanguage":"hu"},{"@type":"Organization","@id":"https:\/\/www.siam.hu\/hu\/#organization","name":"Siam Center","url":"https:\/\/www.siam.hu\/hu\/","logo":{"@type":"ImageObject","inLanguage":"hu","@id":"https:\/\/www.siam.hu\/hu\/#\/schema\/logo\/image\/","url":"https:\/\/www.siam.hu\/wp-content\/uploads\/sites\/4\/2016\/05\/siam_motiv-e1465917198460.jpg","contentUrl":"https:\/\/www.siam.hu\/wp-content\/uploads\/sites\/4\/2016\/05\/siam_motiv-e1465917198460.jpg","width":210,"height":306,"caption":"Siam Center"},"image":{"@id":"https:\/\/www.siam.hu\/hu\/#\/schema\/logo\/image\/"}}]}},"_links":{"self":[{"href":"https:\/\/www.siam.hu\/hu\/wp-json\/wp\/v2\/pages\/112","targetHints":{"allow":["GET"]}}],"collection":[{"href":"https:\/\/www.siam.hu\/hu\/wp-json\/wp\/v2\/pages"}],"about":[{"href":"https:\/\/www.siam.hu\/hu\/wp-json\/wp\/v2\/types\/page"}],"author":[{"embeddable":true,"href":"https:\/\/www.siam.hu\/hu\/wp-json\/wp\/v2\/users\/1"}],"replies":[{"embeddable":true,"href":"https:\/\/www.siam.hu\/hu\/wp-json\/wp\/v2\/comments?post=112"}],"version-history":[{"count":1,"href":"https:\/\/www.siam.hu\/hu\/wp-json\/wp\/v2\/pages\/112\/revisions"}],"predecessor-version":[{"id":287,"href":"https:\/\/www.siam.hu\/hu\/wp-json\/wp\/v2\/pages\/112\/revisions\/287"}],"wp:attachment":[{"href":"https:\/\/www.siam.hu\/hu\/wp-json\/wp\/v2\/media?parent=112"}],"curies":[{"name":"wp","href":"https:\/\/api.w.org\/{rel}","templated":true}]}}