{"id":106,"date":"2016-06-02T16:18:10","date_gmt":"2016-06-02T14:18:10","guid":{"rendered":"http:\/\/www.web-iq.hu\/siam\/?page_id=106"},"modified":"2016-07-03T13:54:45","modified_gmt":"2016-07-03T11:54:45","slug":"references","status":"publish","type":"page","link":"https:\/\/www.siam.hu\/hu\/references\/","title":{"rendered":"Referenci\u00e1k"},"content":{"rendered":"<p><\/p>\n<h2>Siam Center Thaimassz\u00e1zs a Val\u00f3Vil\u00e1g Show-ban (2003.03.15.)<\/h2>\n<p>A bangkoki Wat Po buddhista massz\u00e1zsiskol\u00e1b\u00f3l j\u00f6tt \u00f6t thai h\u00f6lgy, lak\u00f3ink legnagyobb \u00f6r\u00f6m\u00e9re. F\u00e9l nyolc k\u00f6r\u00fcl \u00e9rkeztek a Vill\u00e1ba. Magyarul egyik\u00fck sem besz\u00e9lt, de nem is a dum\u00e1n volt a hangs\u00faly, hogy k\u00e9pzavarral \u00e9lj\u00fcnk.<\/p>\n<p><strong>Siam Center Thaimassz\u00e1zs a Big Brother Val\u00f3s\u00e1g Show-ban (2002.10.30.)<\/strong><\/p>\n<h2>Beindultak a thai massz\u0151rl\u00e1nyok. Most \u00e9ppen a fi\u00fak vannak soron.<\/h2>\n<p>A h\u00e1rom thai le\u00e1nyz\u00f3 meg\u00e9rkezett, lerakt\u00e1k kis matrack\u00e1jukat, m\u00edg a t\u00f6bbiek a torony fel\u00e1ll\u00edt\u00e1s\u00e1val foglalatoskodnak az udvaron. Andi \u00e9rkezik el\u0151sz\u00f6r katonaruh\u00e1ban. R\u00f6gt\u00f6n leveti a s\u00falyos katonarucit \u00e9s fel\u00f6lti a feh\u00e9r munkaruh\u00e1t. Zsanett k\u00f6veti, majd hanyattd\u0151lnek a matracokra.<\/p>\n<h2>Boss Magazin (1999.08.)<\/h2>\n<p>&#8230; Az egyik leg\u0151sibb, legn\u00e9pszer\u0171bb \u00e9s leghat\u00e9konyabb a szerte a vil\u00e1gon h\u00edres thai massz\u00e1zs. B\u00e1r Thaif\u00f6ld sokunk gondolataiban &#8211; nem minden alap n\u00e9lk\u00fcl &#8211; a szexturizmus fellegv\u00e1rak\u00e9nt \u00e9l, a magyarorsz\u00e1gi Siam Thai massz\u00e1zscentrumok t\u00e1volr\u00f3l sem \u00e1lc\u00e1zott bord\u00e9lyh\u00e1zak.<\/p>\n<h2>D\u00f6g\u00f6ny a k\u00f6b\u00f6n (1999.01.)<\/h2>\n<p>&#8230; J\u00f3l eml\u00e9ksz\u00fcnk m\u00e9g nagyany\u00e1ink mond\u00e1s\u00e1ra, miszerint ha nincs el\u00e9g p\u00e9nzed egy piros koszt\u00fcmre, vegy\u00e9l egy piros s\u00e1lat. Nos, ezt az \u00e9szj\u00e1r\u00e1st k\u00f6vetve, ha nincs m\u00f3dunk elutazni Thaif\u00f6ldre, a kar\u00e1csony el\u0151tti stresszt pomp\u00e1san feloldhatjuk egy j\u00f3 kis thai massz\u00e1zzsal. A trad\u00edcion\u00e1lis thai massz\u00e1zsnak semmi k\u00f6ze a szexhez. Thaif\u00f6ld\u00f6n a bangkoki Wat Po iskol\u00e1ban buddhist\u00e1k oktatj\u00e1k. A budapesti Siam Center thai alkalmazottai is ebben az iskol\u00e1ban kapt\u00e1k meg mesterdiplom\u00e1ikat.<\/p>\n<p><strong>Szerz\u0151: \u00a9 Joy (1999. 01.)<\/strong><\/p>\n<h2>Blikk (1998.10.08.)<\/h2>\n<p>&#8230; &#8211; H\u00e1rom \u00e9ve j\u00e1rok ide, hetente egyszer, &#8211; mondja Lakos Rich\u00e1rd v\u00e1llalkoz\u00f3. &#8211; Megk\u00f6nnyeb\u00fcltem, kipihenten megyek el. \u00c9szrevehet\u0151en t\u00f6bbet b\u00edrok egy-egy &#8222;kezel\u00e9s&#8221; ut\u00e1n. Kiegyens\u00falyozottabb leszek<\/p>\n<p><strong>Szerz\u0151: \u00a9 Blikk (1998.10.08.)<\/strong><\/p>\n<h2>168 \u00f3ra (1998.05.26.)<\/h2>\n<p>&#8230; &#8211; Thaif\u00f6ldnek a trad\u00edcion\u00e1lis massz\u00e1zsban igen r\u00e9gi hagyom\u00e1nya, kult\u00far\u00e1ja van. Ezek a h\u00f6lgyek belesz\u00fclettek ebbe, m\u00e1r gyermekkorukt\u00f3l elsaj\u00e1t\u00edtott\u00e1k az alapvet\u0151 fog\u00e1sokat a nagysz\u00fcl\u0151kt\u0151l, sz\u00fcl\u0151kt\u0151l. Teh\u00e1t szinte mindegyik\u00fck \u00fagy n\u0151 f\u00f6l, hogy valamelyest \u00e9rt ehhez. A legjobbak m\u00e9g elv\u00e9gzik a szakf\u0151iskol\u00e1t. Olyanok ker\u00fclnek teh\u00e1t ide, akik tanultak \u00e9s tapasztaltak.<\/p>\n<p><strong>Szerz\u0151: \u00a9 168 \u00f3ra (1998. 05. 26.)<\/strong><\/p>\n<h2>Budapest Sun (1998.01.29.)<\/h2>\n<p>Ha valaki fizikailag \u00e9s szellemileg egyar\u00e1nt frissnek szeretn\u00e9 \u00e9rezni mag\u00e1t, l\u00e1togasson el a Siam Center Trad\u00edcion\u00e1lis Thaimassz\u00e1zs K\u00f6zpontba.<\/p>\n<h2>Thai massz\u00e1zs (1997.07.12.)<\/h2>\n<p>&#8230; A vil\u00e1got j\u00e1rt magyarok el\u0151szeretettel sz\u00e1molnak be a thaif\u00f6ldi massz\u00e1zsszalonokban szerzett pik\u00e1ns \u00e9lm\u00e9nyeikr\u0151l. Amikor hallottam, hogy n\u00e1lunk is l\u00e9tezik ilyen, nem csod\u00e1lkoztam, csak furcs\u00e1llottam a dolgot.<\/p>\n<h2>Egy maroknyi Thaif\u00f6ld (1996.05.15.)<\/h2>\n<p>&#8230;Stressz el\u0151l menek\u00fcl\u0151 \u00fczletemberek, t\u00e1vol-keleti egzotikumra fog\u00e9kony \u00ednyencek sz\u00e1m\u00e1ra ny\u00edlt meg a Siam Center. A thai massz\u00e1zsszalon a test \u00e9s a l\u00e9lek \u00f6r\u00f6meit szolg\u00e1lja &#8211; szigor\u00faan szex n\u00e9lk\u00fcl.<\/p>\n<h2>Kacsa Magazin (1996.05.09.)<\/h2>\n<p>&#8230; Madonna j\u00f6tt, l\u00e1tott, mi meg nem gy\u0151zz\u00fck k\u00f6z\u00f6lni \u00f6n\u00f6kkel a szuperszt\u00e1r szupertitkos ittl\u00e9t\u00e9r\u0151l m\u00e9gis kisziv\u00e1rgott inform\u00e1ci\u00f3kat. Legut\u00f3bb p\u00e9ld\u00e1ul megtudtuk, hogy a kond\u00edci\u00f3j\u00e1ra &#8211; is &#8211; roppant \u00e9rz\u00e9keny h\u00f6lgyem\u00e9ny massz\u0151rt rendelt sz\u00e1llodai szob\u00e1j\u00e1ba. Lehet, hogy a Kacsa magazin cikke, vagy a frissiben megny\u00edlt \u00fczlet hamar elterjedt j\u00f3 h\u00edre adta a d\u00edv\u00e1nak az \u00f6tletet, s az sem kiz\u00e1rt, hogy a film &#8222;gy\u00e1rt\u00e1svezet\u0151je&#8221;, Don Daniel b\u00f6kte ki csalhatatlan szemmel a legalkalmasabb helyet, de t\u00e9ny, a lapunkban nemr\u00e9giben bemutatott Siam Centert\u0151l import\u00e1lta a mesteri kez\u0171 l\u00e1nyokat.<\/p>\n<p><strong>Szerz\u0151: \u00a9 Kacsa magazin (1996. 05. 09.)<\/strong><\/p>\n<h2>Esti H\u00edrlap (1996.04.04.)<\/h2>\n<p>&#8230; Enyh\u00fcletre tal\u00e1lt az \u00e9jszaka Madonna agyongy\u00f6t\u00f6rt teste; massz\u0151z \u00e9rkezett hozz\u00e1, innen a budapesti K\u00e1d\u00e1r utc\u00e1b\u00f3l. A Kempinski sz\u00e1ll\u00f3 aj\u00e1nlat\u00e1ra kereste meg telefonon Madonna szem\u00e9lyi titk\u00e1ra tegnap a Siam Center massz\u00e1zsk\u00f6zpontot. Norman asszony elmondta, hogy Madonna nagyon f\u00e1radt, hiszen az Evita forgat\u00e1s\u00e1n 10-12 \u00f3r\u00e1t dolgozik egyfolyt\u00e1ban. Ezek ut\u00e1n Mantan\u00e1t bevezette a filmsz\u00edn\u00e9sz-\u00e9nekesn\u0151 szob\u00e1j\u00e1ba. Mantana mintegy m\u00e1sf\u00e9l \u00f3r\u00e1t dolgozott Madonn\u00e1n, aki mosolyg\u00f3s volt, \u00e9s \u00fagy, ahogy ebben a m\u0171fajban kell, elengedte mag\u00e1t<\/p>\n<p><strong>Szerz\u0151: \u00a9 Esti H\u00edrlap (1996. 04. 04.)<\/strong><\/p>\n<h2>Esti H\u00edrlap (1996.03.22.)<\/h2>\n<p>&#8230; K\u00fcl\u00f6n\u00f6sen eml\u00e9kezetes egy \u00e1gy\u00e9kt\u00e1ji k\u00f6ny\u00f6kl\u00e9s. Loma eg\u00e9sz egyszer\u0171en r\u00e1k\u00f6ny\u00f6k\u00f6lt a combt\u0151t\u0151l kiss\u00e9 feljebbi pontra, \u00e9s \u00fagy is maradt addig, am\u00edg a k\u00f6ny\u00f6ke alatt egy \u00e9r er\u0151sen l\u00fcktetni nem kezdett. \u00c1ltal\u00e1noss\u00e1gban az az ember \u00e9rz\u00e9se, hogy ez a massz\u00e1zs a h\u00fast akarja lev\u00e1lasztani a csontr\u00f3l, \u00e9s m\u00e9gsem f\u00e1j, s\u0151t, kellemes, \u00fcd\u00edt\u0151 \u00e9rz\u00e9s<\/p>\n<p><strong>Szerz\u0151: \u00a9 Esti H\u00edrlap (1996. 03. 22.)<\/strong><\/p>\n<h2>H\u00e1rom a (thai) kisl\u00e1ny (1996.02.23.)<\/h2>\n<p>&#8230; Van valami var\u00e1zslatos abban, ahogy a t\u00e1vol-keleti h\u00f6lgyek, arcukon titokzatos mosollyal, mint szel\u00edd, friss\u00edt\u0151 szell\u0151 suhannak k\u00f6r\u00fcl\u00f6tted, szempillant\u00e1s alatt b\u00fajtatnak ki a kab\u00e1todb\u00f3l, az asztaln\u00e1l al\u00e1d tolj\u00e1k a bambuszb\u00f3l k\u00e9sz\u00fclt sz\u00e9ket \u00e9s cs\u00f6rren\u00e9s n\u00e9lk\u00fcl teszik el\u00e9d a t\u00e1lc\u00e1t a k\u00e1v\u00e9val, \u00fcd\u00edt\u0151vel.<\/p>","protected":false},"excerpt":{"rendered":"<p>Siam Center Thaimassz\u00e1zs a Val\u00f3Vil\u00e1g Show-ban (2003.03.15.) A bangkoki Wat Po buddhista massz\u00e1zsiskol\u00e1b\u00f3l j\u00f6tt \u00f6t thai h\u00f6lgy, lak\u00f3ink legnagyobb \u00f6r\u00f6m\u00e9re. F\u00e9l nyolc k\u00f6r\u00fcl \u00e9rkeztek a Vill\u00e1ba. Magyarul egyik\u00fck sem besz\u00e9lt, de nem is a dum\u00e1n volt a hangs\u00faly, hogy k\u00e9pzavarral \u00e9lj\u00fcnk. Siam Center Thaimassz\u00e1zs a Big Brother Val\u00f3s\u00e1g Show-ban (2002.10.30.) Beindultak a thai massz\u0151rl\u00e1nyok. Most &hellip; <a href=\"https:\/\/www.siam.hu\/hu\/references\/\" class=\"more-link\"><span class=\"screen-reader-text\">Referenci\u00e1k<\/span> r\u00e9szletei&#8230;<\/a><\/p>\n","protected":false},"author":1,"featured_media":0,"parent":0,"menu_order":0,"comment_status":"closed","ping_status":"closed","template":"","meta":{"footnotes":""},"class_list":["post-106","page","type-page","status-publish","hentry"],"yoast_head":"<!-- This site is optimized with the Yoast SEO plugin v27.5 - https:\/\/yoast.com\/product\/yoast-seo-wordpress\/ -->\n<title>Referenci\u00e1k - Siam Center<\/title>\n<meta name=\"robots\" content=\"index, follow, max-snippet:-1, max-image-preview:large, max-video-preview:-1\" \/>\n<link rel=\"canonical\" href=\"https:\/\/www.siam.hu\/references\/\" \/>\n<meta property=\"og:locale\" content=\"hu_HU\" \/>\n<meta property=\"og:type\" content=\"article\" \/>\n<meta property=\"og:title\" content=\"[:hu]Referenci\u00e1k[:sk]Referencie[:] - Siam Center\" \/>\n<meta property=\"og:description\" content=\"Siam Center Thaimassz\u00e1zs a Val\u00f3Vil\u00e1g Show-ban (2003.03.15.) A bangkoki Wat Po buddhista massz\u00e1zsiskol\u00e1b\u00f3l j\u00f6tt \u00f6t thai h\u00f6lgy, lak\u00f3ink legnagyobb \u00f6r\u00f6m\u00e9re. F\u00e9l nyolc k\u00f6r\u00fcl \u00e9rkeztek a Vill\u00e1ba. Magyarul egyik\u00fck sem besz\u00e9lt, de nem is a dum\u00e1n volt a hangs\u00faly, hogy k\u00e9pzavarral \u00e9lj\u00fcnk. Siam Center Thaimassz\u00e1zs a Big Brother Val\u00f3s\u00e1g Show-ban (2002.10.30.) Beindultak a thai massz\u0151rl\u00e1nyok. Most &hellip; Referenci\u00e1k r\u00e9szletei...\" \/>\n<meta property=\"og:url\" content=\"https:\/\/www.siam.hu\/references\/\" \/>\n<meta property=\"og:site_name\" content=\"Siam Center\" \/>\n<meta property=\"article:modified_time\" content=\"2016-07-03T11:54:45+00:00\" \/>\n<meta name=\"twitter:card\" content=\"summary_large_image\" \/>\n<meta name=\"twitter:label1\" content=\"Becs\u00fclt olvas\u00e1si id\u0151\" \/>\n\t<meta name=\"twitter:data1\" content=\"9 perc\" \/>\n<script type=\"application\/ld+json\" class=\"yoast-schema-graph\">{\"@context\":\"https:\\\/\\\/schema.org\",\"@graph\":[{\"@type\":\"WebPage\",\"@id\":\"https:\\\/\\\/www.siam.hu\\\/references\\\/\",\"url\":\"https:\\\/\\\/www.siam.hu\\\/references\\\/\",\"name\":\"[:hu]Referenci\u00e1k[:sk]Referencie[:] - Siam Center\",\"isPartOf\":{\"@id\":\"https:\\\/\\\/www.siam.hu\\\/hu\\\/#website\"},\"datePublished\":\"2016-06-02T14:18:10+00:00\",\"dateModified\":\"2016-07-03T11:54:45+00:00\",\"breadcrumb\":{\"@id\":\"https:\\\/\\\/www.siam.hu\\\/references\\\/#breadcrumb\"},\"inLanguage\":\"hu\",\"potentialAction\":[{\"@type\":\"ReadAction\",\"target\":[\"https:\\\/\\\/www.siam.hu\\\/references\\\/\"]}]},{\"@type\":\"BreadcrumbList\",\"@id\":\"https:\\\/\\\/www.siam.hu\\\/references\\\/#breadcrumb\",\"itemListElement\":[{\"@type\":\"ListItem\",\"position\":1,\"name\":\"Home\",\"item\":\"https:\\\/\\\/www.siam.hu\\\/hu\\\/\"},{\"@type\":\"ListItem\",\"position\":2,\"name\":\"(Magyar) Referenci\u00e1k\"}]},{\"@type\":\"WebSite\",\"@id\":\"https:\\\/\\\/www.siam.hu\\\/hu\\\/#website\",\"url\":\"https:\\\/\\\/www.siam.hu\\\/hu\\\/\",\"name\":\"Siam Center\",\"description\":\"\",\"publisher\":{\"@id\":\"https:\\\/\\\/www.siam.hu\\\/hu\\\/#organization\"},\"potentialAction\":[{\"@type\":\"SearchAction\",\"target\":{\"@type\":\"EntryPoint\",\"urlTemplate\":\"https:\\\/\\\/www.siam.hu\\\/hu\\\/?s={search_term_string}\"},\"query-input\":{\"@type\":\"PropertyValueSpecification\",\"valueRequired\":true,\"valueName\":\"search_term_string\"}}],\"inLanguage\":\"hu\"},{\"@type\":\"Organization\",\"@id\":\"https:\\\/\\\/www.siam.hu\\\/hu\\\/#organization\",\"name\":\"Siam Center\",\"url\":\"https:\\\/\\\/www.siam.hu\\\/hu\\\/\",\"logo\":{\"@type\":\"ImageObject\",\"inLanguage\":\"hu\",\"@id\":\"https:\\\/\\\/www.siam.hu\\\/hu\\\/#\\\/schema\\\/logo\\\/image\\\/\",\"url\":\"https:\\\/\\\/www.siam.hu\\\/wp-content\\\/uploads\\\/sites\\\/4\\\/2016\\\/05\\\/siam_motiv-e1465917198460.jpg\",\"contentUrl\":\"https:\\\/\\\/www.siam.hu\\\/wp-content\\\/uploads\\\/sites\\\/4\\\/2016\\\/05\\\/siam_motiv-e1465917198460.jpg\",\"width\":210,\"height\":306,\"caption\":\"Siam Center\"},\"image\":{\"@id\":\"https:\\\/\\\/www.siam.hu\\\/hu\\\/#\\\/schema\\\/logo\\\/image\\\/\"}}]}<\/script>\n<!-- \/ Yoast SEO plugin. -->","yoast_head_json":{"title":"[:hu]Referenci\u00e1k[:sk]Referencie[:] - Siam Center","robots":{"index":"index","follow":"follow","max-snippet":"max-snippet:-1","max-image-preview":"max-image-preview:large","max-video-preview":"max-video-preview:-1"},"canonical":"https:\/\/www.siam.hu\/references\/","og_locale":"hu_HU","og_type":"article","og_title":"[:hu]Referenci\u00e1k[:sk]Referencie[:] - Siam Center","og_description":"Siam Center Thaimassz\u00e1zs a Val\u00f3Vil\u00e1g Show-ban (2003.03.15.) A bangkoki Wat Po buddhista massz\u00e1zsiskol\u00e1b\u00f3l j\u00f6tt \u00f6t thai h\u00f6lgy, lak\u00f3ink legnagyobb \u00f6r\u00f6m\u00e9re. F\u00e9l nyolc k\u00f6r\u00fcl \u00e9rkeztek a Vill\u00e1ba. Magyarul egyik\u00fck sem besz\u00e9lt, de nem is a dum\u00e1n volt a hangs\u00faly, hogy k\u00e9pzavarral \u00e9lj\u00fcnk. Siam Center Thaimassz\u00e1zs a Big Brother Val\u00f3s\u00e1g Show-ban (2002.10.30.) Beindultak a thai massz\u0151rl\u00e1nyok. Most &hellip; Referenci\u00e1k r\u00e9szletei...","og_url":"https:\/\/www.siam.hu\/references\/","og_site_name":"Siam Center","article_modified_time":"2016-07-03T11:54:45+00:00","twitter_card":"summary_large_image","twitter_misc":{"Becs\u00fclt olvas\u00e1si id\u0151":"9 perc"},"schema":{"@context":"https:\/\/schema.org","@graph":[{"@type":"WebPage","@id":"https:\/\/www.siam.hu\/references\/","url":"https:\/\/www.siam.hu\/references\/","name":"[:hu]Referenci\u00e1k[:sk]Referencie[:] - Siam Center","isPartOf":{"@id":"https:\/\/www.siam.hu\/hu\/#website"},"datePublished":"2016-06-02T14:18:10+00:00","dateModified":"2016-07-03T11:54:45+00:00","breadcrumb":{"@id":"https:\/\/www.siam.hu\/references\/#breadcrumb"},"inLanguage":"hu","potentialAction":[{"@type":"ReadAction","target":["https:\/\/www.siam.hu\/references\/"]}]},{"@type":"BreadcrumbList","@id":"https:\/\/www.siam.hu\/references\/#breadcrumb","itemListElement":[{"@type":"ListItem","position":1,"name":"Home","item":"https:\/\/www.siam.hu\/hu\/"},{"@type":"ListItem","position":2,"name":"(Magyar) Referenci\u00e1k"}]},{"@type":"WebSite","@id":"https:\/\/www.siam.hu\/hu\/#website","url":"https:\/\/www.siam.hu\/hu\/","name":"Siam Center","description":"","publisher":{"@id":"https:\/\/www.siam.hu\/hu\/#organization"},"potentialAction":[{"@type":"SearchAction","target":{"@type":"EntryPoint","urlTemplate":"https:\/\/www.siam.hu\/hu\/?s={search_term_string}"},"query-input":{"@type":"PropertyValueSpecification","valueRequired":true,"valueName":"search_term_string"}}],"inLanguage":"hu"},{"@type":"Organization","@id":"https:\/\/www.siam.hu\/hu\/#organization","name":"Siam Center","url":"https:\/\/www.siam.hu\/hu\/","logo":{"@type":"ImageObject","inLanguage":"hu","@id":"https:\/\/www.siam.hu\/hu\/#\/schema\/logo\/image\/","url":"https:\/\/www.siam.hu\/wp-content\/uploads\/sites\/4\/2016\/05\/siam_motiv-e1465917198460.jpg","contentUrl":"https:\/\/www.siam.hu\/wp-content\/uploads\/sites\/4\/2016\/05\/siam_motiv-e1465917198460.jpg","width":210,"height":306,"caption":"Siam Center"},"image":{"@id":"https:\/\/www.siam.hu\/hu\/#\/schema\/logo\/image\/"}}]}},"_links":{"self":[{"href":"https:\/\/www.siam.hu\/hu\/wp-json\/wp\/v2\/pages\/106","targetHints":{"allow":["GET"]}}],"collection":[{"href":"https:\/\/www.siam.hu\/hu\/wp-json\/wp\/v2\/pages"}],"about":[{"href":"https:\/\/www.siam.hu\/hu\/wp-json\/wp\/v2\/types\/page"}],"author":[{"embeddable":true,"href":"https:\/\/www.siam.hu\/hu\/wp-json\/wp\/v2\/users\/1"}],"replies":[{"embeddable":true,"href":"https:\/\/www.siam.hu\/hu\/wp-json\/wp\/v2\/comments?post=106"}],"version-history":[{"count":1,"href":"https:\/\/www.siam.hu\/hu\/wp-json\/wp\/v2\/pages\/106\/revisions"}],"predecessor-version":[{"id":285,"href":"https:\/\/www.siam.hu\/hu\/wp-json\/wp\/v2\/pages\/106\/revisions\/285"}],"wp:attachment":[{"href":"https:\/\/www.siam.hu\/hu\/wp-json\/wp\/v2\/media?parent=106"}],"curies":[{"name":"wp","href":"https:\/\/api.w.org\/{rel}","templated":true}]}}