{"id":93,"date":"2016-06-01T21:08:24","date_gmt":"2016-06-01T19:08:24","guid":{"rendered":"http:\/\/www.web-iq.hu\/siam\/?page_id=93"},"modified":"2016-06-01T21:08:24","modified_gmt":"2016-06-01T19:08:24","slug":"frequently-asked-questions","status":"publish","type":"page","link":"https:\/\/www.siam.hu\/de\/frequently-asked-questions\/","title":{"rendered":"Gyakori k\u00e9rd\u00e9sek"},"content":{"rendered":"<p><\/p>\n<ul>\n<li><strong>Wie viel kostet es?<\/strong><\/li>\n<\/ul>\n<p>Die Preise der Dienstleistungen h\u00e4ngen vor allem vom Ort des Thaimassagen-Salons ab. Die jeweiligen Preise finden Sie beim Men\u00fcpunkt &#8222;Unsere Gesch\u00e4fte&#8220;.<\/p>\n<ul>\n<li><strong>Wie lange dauert es?<\/strong><\/li>\n<\/ul>\n<p>Die Dauer der Massage k\u00f6nnen Sie selbst ausw\u00e4hlen.<\/p>\n<p>Sie k\u00f6nnen um einen Vorgeschmack von 30 Minuten bitten, aber ohne weiteres auch eine Massage von 3 Stunden zur Regeneration.<\/p>\n<p>Unsere G\u00e4ste nehmen im Allgemeinen eine Massage von anderthalb Stunden in Anspruch, weil es die g\u00fcnstigste Zeit f\u00fcr unsere Masseurinnen ist, eine sp\u00fcrbare Wirkung aus\u00fcben zu k\u00f6nnen. Dies w\u00fcrden wir Ihnen auch empfehlen.<\/p>\n<p>Es ist ratsam, uns nach der Massage eine kleine Pause zu lassen, die Mehrheit der G\u00e4ste gelangt ja in einen sehr angenehmen, entspannten Zustand. Man kann dabei einige Minuten brauchen, bis man nach den miterlebten physischen und psychischen Erlebnissen wieder v\u00f6llig &#8222;zu sich kommt&#8220;.<\/p>\n<p>Es ist empfehlenswert, nach der Massage genug Fl\u00fcssigkeit zu trinken.<\/p>\n<ul>\n<li><strong>Ob es Preiserm\u00e4ssigungen gibt?<\/strong><\/li>\n<\/ul>\n<p>Es gibt die folgenden Erm\u00e4\u00dfigungen auf unsere Preise:<\/p>\n<ul>\n<li>Bei einer Dauerkarte f\u00fcr 5 Male 10%,<\/li>\n<li>Bei einer Dauerkarte f\u00fcr 10 Male 15%,<\/li>\n<li>Bei einer Dauerkarte f\u00fcr 20 Male 20%.<\/li>\n<\/ul>\n<p>Diese Erm\u00e4\u00dfigungen k\u00f6nnen wir Ihnen anbieten, falls Sie den Kaufpreis der Dauerkarten im Voraus bezahlen. (Es ist wichtig noch dazu zu bemerken, dass die Dauerkarten auch anderen Personen \u00fcbertragbar sind, und zur gleichen Zeit k\u00f6nnen mehrere Personen die Dienstleistungen in Anspruch nehmen!)<\/p>\n<ul>\n<li><strong>K\u00f6nnen unsere Dienstleistungen auch an Orten au\u00dfer unserer Salons in den Anspruch genommen werden?<\/strong><\/li>\n<\/ul>\n<p>An Veranstaltungen von Firmen in Luxushotels nehmen wir teil, aber wir suchen keine Privath\u00e4user auf.<\/p>\n<p>Wir w\u00fcrden Ihnen eher empfehlen, einen unserer Salons zu besuchen, weil die Voraussetzungen, sowie Ausr\u00fcstung und angenehme Umgebung dort am besten garantiert werden k\u00f6nnen.<\/p>\n<ul>\n<li><strong>Welche Masseurin w\u00e4hlen Sie?<\/strong><\/li>\n<\/ul>\n<p>Alle unserer Mitarbeiterinnen verf\u00fcgen \u00fcber eine Meisterdiplom der weltber\u00fchmten &#8222;Wat Po&#8220; buddhistischen Massagenschule und auch \u00fcber eine mehrj\u00e4hrige Erfahrung, und sind ebenfalls gut ausgebildete Fachleute.<\/p>\n<p>In der Struktur und in den Grundlagen \u00e4hneln sich die Techniken der verschiedenen Masseurinnen einander, sie haben sich ihre Kenntnisse schlie\u00dflich in derselben Schule angeeignet.<\/p>\n<p>Diese Massagen k\u00f6nnen sich jedoch in bestimmter Hinsicht voneinander einerseits durch das Individuum der jeweiligen Masseurin unterscheiden, das die Grundtechnik bunter und interessanter machen kann, andererseits soll dabei auch das Individuum der G\u00e4ste in R\u00fccksicht genommen.<\/p>\n<p>Dies wird auch von der Leitung des Siam Zenters unterst\u00fctzt.<\/p>\n<p>Es ist empfehlenswert von Zeit zu Zeit andere Masseurinnen auszuprobieren, dann k\u00f6nnen wir nur die Entscheidung treffen, wessen Massagentechnik f\u00fcr uns geeignet ist.<\/p>\n<p>Es kann vorkommen, dass es wegen der Aufeinanderwirkung der verschiedenen Energienebenen des K\u00f6rpers von Gast und Masseurin eine h\u00f6here Wirkung erreicht werden kann. Das kann nat\u00fcrlich vom Charakter der Massage ohne weiteres abgeleitet werden.<\/p>\n<ul>\n<li><strong>Wem wird das nicht empfohlen?<\/strong><\/li>\n<\/ul>\n<p>Von einem Alter von 16 Jahren an kann es jedem leichten Herzens empfohlen werden.<\/p>\n<p>Zur gleichen Zeit, wie bei der Anwendung jeder Therapie, k\u00f6nnen solche Gesundheitszust\u00e4nde vorkommen, bei denen die Thaimassage nicht empfehlenswert sind.<\/p>\n<p>Diese sind im Grunde genommen die folgenden:<\/p>\n<ul>\n<li>schwerere Herz-Kreislauf-Erkrankung,<\/li>\n<li>Hypertonie,<\/li>\n<li>Tumor,<\/li>\n<li>Osteoporose,<\/li>\n<li>Kunstglieder und Prothese (beispielsweise H\u00fcften, oder Knieprothesen),<\/li>\n<li>Dermatologische Erkrankungen (beispielsweise Warze, offene Wunde, Absch\u00fcrfung),<\/li>\n<li>Schwangerschaft,<\/li>\n<li>Schwerere Krampfader,<\/li>\n<\/ul>\n<p>Bei allen grundlegenden Ver\u00e4nderungen im Gesundheitszustand soll man \u00fcberaus vorsichtig umgehen, und es ist ratsam, mit Ihrem Arzt \u00fcber die Anwendungsm\u00f6glichkeiten zu konsultieren.<\/p>\n<ul>\n<li><strong>Was sollen sie mitbringen?<\/strong><\/li>\n<\/ul>\n<p>Nichts. Die Kleidung zur Massage und Handt\u00fccher werden Ihnen bei uns sichergestellt.<\/p>\n<p>Wenn Sie Ihr eigenes Kleid mitbringen m\u00f6chten, so soll das m\u00f6glichst ein sehr d\u00fcnnes Kleid (gleich wie ein Pyjama) aus nat\u00fcrlichem Stoff sein.<\/p>\n<p>Es ist zweckm\u00e4\u00dfig, nicht \u00fcbers\u00e4ttigt zu kommen, zwar wegen des Wohlbefindens.<\/p>\n<p>Wenn es geht, versuchen Sie noch vor der Massage zu relaxen, und sich auch seelisch darauf einzustellen, damit Ihr K\u00f6rper die Massage immer wirksamer empf\u00e4ngt.<\/p>\n<ul>\n<li><strong>\u00d6ffnungszeiten<\/strong><\/li>\n<\/ul>\n<p>Es ist bei den verschiedenen Gesch\u00e4ften unterschiedlich. Der Salon in unserem Thaimassagen-Zenter (Budapest, XIII. Bezirk, Kadar Strasse 4. &#8211; dem West End City Center gegen\u00fcber) hat die l\u00e4ngste \u00d6ffnungszeit. Die jeweiligen \u00d6ffnungszeiten finden Sie beim Men\u00fcpunkt &#8222;Unsere Gesch\u00e4fte&#8220;.<\/p>\n<ul>\n<li><strong>Ob Sie mit einer Bankkarte oder Kreditkarte bezahlen k\u00f6nnen?<\/strong><\/li>\n<\/ul>\n<p>Sicher, wir nehmen in den meisten unserer Salons die im Allgemeinen gebrauchten Bankkarten an.<\/p>\n<ul>\n<li><strong>Ob man sich bei uns vorher anmelden soll?<\/strong><\/li>\n<\/ul>\n<p>Ja, es lohnt sich, sich bei uns vorher anzumelden. Es ist ratsam, 24 Stunden vor dem Besuch, damit wir den Ihnen entsprechenden Termin festsetzen k\u00f6nnen.<\/p>\n<ul>\n<li><strong>Wie k\u00f6nnen Sie sich mit den Thailend\u00e4rinen verst\u00e4ndigen?<\/strong><\/li>\n<\/ul>\n<p>Es gibt nie ein Problem damit. Wenden Sie dabei die gut bew\u00e4hrte K\u00f6rpersprache an! Die Meisten sprechen auch mangelhaft Englisch. Wenn Sie jedoch Probleme h\u00e4tten, bitte, wenden Sie sich an unsere Mitarbeiterinnen an der Rezeption hin.<\/p>\n<ul>\n<li><strong>Ob Sie Trinkgeld geben sollen?<\/strong><\/li>\n<\/ul>\n<p>Unseren Fachleuten aus Thailand sichern wir einen entsprechend hohen Gehalt und gute Versorgung. Aber wenn Sie unsere Dienstleistungen hervorragend gut gefunden haben, und wenn Sie so meinen, dann ist eine Summe von 500 bis 1.000 Forint gen\u00fcgend.<\/p>\n<ul>\n<li>\u00a0<strong>Womit Sie es aber nicht verwechseln d\u00fcrfen?<\/strong><\/li>\n<\/ul>\n<p>Wir m\u00f6chten Sie auf eine \u00fcberaus wichtige Tatsache aufmerksam machen.<\/p>\n<p>Die originale Thaimassage, die wir Ihnen anbieten, ist eine regenerierende, erfrischende Massage mit einer Heilwirkung, die man gar mit keinerlei erotischen Massagen verwechseln darf.<\/p>\n<p>W\u00e4hrend der Massage tr\u00e4gt sowohl der Gast, als auch die Masseurin von oben bis unten ein sehr angenehmes Kleid aus Baumwolle, nur die F\u00fc\u00dfe des Gastes sind nicht bedeckt.<\/p>\n<p>Wir bitten Sie, wenn Sie Zeit haben, teilen Sie Ihre Erfahrungen mit uns! Ihre Meinung ist wichtig f\u00fcr uns, es liegt uns ja im Interesse, dass Sie mit dem Niveau der Dienstleistungen des Siam Zenters zufrieden sind.<\/p>","protected":false},"excerpt":{"rendered":"<p>Wie viel kostet es? Die Preise der Dienstleistungen h\u00e4ngen vor allem vom Ort des Thaimassagen-Salons ab. Die jeweiligen Preise finden Sie beim Men\u00fcpunkt &#8222;Unsere Gesch\u00e4fte&#8220;. Wie lange dauert es? Die Dauer der Massage k\u00f6nnen Sie selbst ausw\u00e4hlen. Sie k\u00f6nnen um einen Vorgeschmack von 30 Minuten bitten, aber ohne weiteres auch eine Massage von 3 Stunden &hellip; <a href=\"https:\/\/www.siam.hu\/de\/frequently-asked-questions\/\" class=\"more-link\"><span class=\"screen-reader-text\">Gyakori k\u00e9rd\u00e9sek<\/span> weiterlesen<\/a><\/p>\n","protected":false},"author":1,"featured_media":94,"parent":0,"menu_order":0,"comment_status":"closed","ping_status":"closed","template":"","meta":{"footnotes":""},"class_list":["post-93","page","type-page","status-publish","has-post-thumbnail","hentry"],"yoast_head":"<!-- This site is optimized with the Yoast SEO plugin v27.5 - https:\/\/yoast.com\/product\/yoast-seo-wordpress\/ -->\n<title>Gyakori k\u00e9rd\u00e9sek - Siam Center<\/title>\n<meta name=\"robots\" content=\"index, follow, max-snippet:-1, max-image-preview:large, max-video-preview:-1\" \/>\n<link rel=\"canonical\" href=\"https:\/\/www.siam.hu\/de\/frequently-asked-questions\/\" \/>\n<meta property=\"og:locale\" content=\"de_DE\" \/>\n<meta property=\"og:type\" content=\"article\" \/>\n<meta property=\"og:title\" content=\"Gyakori k\u00e9rd\u00e9sek - Siam Center\" \/>\n<meta property=\"og:description\" content=\"Wie viel kostet es? Die Preise der Dienstleistungen h\u00e4ngen vor allem vom Ort des Thaimassagen-Salons ab. Die jeweiligen Preise finden Sie beim Men\u00fcpunkt &#8222;Unsere Gesch\u00e4fte&#8220;. Wie lange dauert es? Die Dauer der Massage k\u00f6nnen Sie selbst ausw\u00e4hlen. Sie k\u00f6nnen um einen Vorgeschmack von 30 Minuten bitten, aber ohne weiteres auch eine Massage von 3 Stunden &hellip; Gyakori k\u00e9rd\u00e9sek weiterlesen\" \/>\n<meta property=\"og:url\" content=\"https:\/\/www.siam.hu\/de\/frequently-asked-questions\/\" \/>\n<meta property=\"og:site_name\" content=\"Siam Center\" \/>\n<meta property=\"og:image\" content=\"https:\/\/www.siam.hu\/wp-content\/uploads\/sites\/4\/2016\/06\/masseurs.jpg\" \/>\n\t<meta property=\"og:image:width\" content=\"598\" \/>\n\t<meta property=\"og:image:height\" content=\"265\" \/>\n\t<meta property=\"og:image:type\" content=\"image\/jpeg\" \/>\n<meta name=\"twitter:card\" content=\"summary_large_image\" \/>\n<meta name=\"twitter:label1\" content=\"Gesch\u00e4tzte Lesezeit\" \/>\n\t<meta name=\"twitter:data1\" content=\"20\u00a0Minuten\" \/>\n<script type=\"application\/ld+json\" class=\"yoast-schema-graph\">{\"@context\":\"https:\\\/\\\/schema.org\",\"@graph\":[{\"@type\":\"WebPage\",\"@id\":\"https:\\\/\\\/www.siam.hu\\\/de\\\/frequently-asked-questions\\\/\",\"url\":\"https:\\\/\\\/www.siam.hu\\\/de\\\/frequently-asked-questions\\\/\",\"name\":\"Gyakori k\u00e9rd\u00e9sek - Siam Center\",\"isPartOf\":{\"@id\":\"https:\\\/\\\/www.siam.hu\\\/hu\\\/#website\"},\"primaryImageOfPage\":{\"@id\":\"https:\\\/\\\/www.siam.hu\\\/de\\\/frequently-asked-questions\\\/#primaryimage\"},\"image\":{\"@id\":\"https:\\\/\\\/www.siam.hu\\\/de\\\/frequently-asked-questions\\\/#primaryimage\"},\"thumbnailUrl\":\"https:\\\/\\\/www.siam.hu\\\/wp-content\\\/uploads\\\/sites\\\/4\\\/2016\\\/06\\\/masseurs.jpg\",\"datePublished\":\"2016-06-01T19:08:24+00:00\",\"breadcrumb\":{\"@id\":\"https:\\\/\\\/www.siam.hu\\\/de\\\/frequently-asked-questions\\\/#breadcrumb\"},\"inLanguage\":\"de\",\"potentialAction\":[{\"@type\":\"ReadAction\",\"target\":[\"https:\\\/\\\/www.siam.hu\\\/de\\\/frequently-asked-questions\\\/\"]}]},{\"@type\":\"ImageObject\",\"inLanguage\":\"de\",\"@id\":\"https:\\\/\\\/www.siam.hu\\\/de\\\/frequently-asked-questions\\\/#primaryimage\",\"url\":\"https:\\\/\\\/www.siam.hu\\\/wp-content\\\/uploads\\\/sites\\\/4\\\/2016\\\/06\\\/masseurs.jpg\",\"contentUrl\":\"https:\\\/\\\/www.siam.hu\\\/wp-content\\\/uploads\\\/sites\\\/4\\\/2016\\\/06\\\/masseurs.jpg\",\"width\":598,\"height\":265,\"caption\":\"Massz\u0151r\u00f6k\"},{\"@type\":\"BreadcrumbList\",\"@id\":\"https:\\\/\\\/www.siam.hu\\\/de\\\/frequently-asked-questions\\\/#breadcrumb\",\"itemListElement\":[{\"@type\":\"ListItem\",\"position\":1,\"name\":\"Home\",\"item\":\"https:\\\/\\\/www.siam.hu\\\/hu\\\/\"},{\"@type\":\"ListItem\",\"position\":2,\"name\":\"Gyakori k\u00e9rd\u00e9sek\"}]},{\"@type\":\"WebSite\",\"@id\":\"https:\\\/\\\/www.siam.hu\\\/hu\\\/#website\",\"url\":\"https:\\\/\\\/www.siam.hu\\\/hu\\\/\",\"name\":\"Siam Center\",\"description\":\"\",\"publisher\":{\"@id\":\"https:\\\/\\\/www.siam.hu\\\/hu\\\/#organization\"},\"potentialAction\":[{\"@type\":\"SearchAction\",\"target\":{\"@type\":\"EntryPoint\",\"urlTemplate\":\"https:\\\/\\\/www.siam.hu\\\/hu\\\/?s={search_term_string}\"},\"query-input\":{\"@type\":\"PropertyValueSpecification\",\"valueRequired\":true,\"valueName\":\"search_term_string\"}}],\"inLanguage\":\"de\"},{\"@type\":\"Organization\",\"@id\":\"https:\\\/\\\/www.siam.hu\\\/hu\\\/#organization\",\"name\":\"Siam Center\",\"url\":\"https:\\\/\\\/www.siam.hu\\\/hu\\\/\",\"logo\":{\"@type\":\"ImageObject\",\"inLanguage\":\"de\",\"@id\":\"https:\\\/\\\/www.siam.hu\\\/hu\\\/#\\\/schema\\\/logo\\\/image\\\/\",\"url\":\"https:\\\/\\\/www.siam.hu\\\/wp-content\\\/uploads\\\/sites\\\/4\\\/2016\\\/05\\\/siam_motiv-e1465917198460.jpg\",\"contentUrl\":\"https:\\\/\\\/www.siam.hu\\\/wp-content\\\/uploads\\\/sites\\\/4\\\/2016\\\/05\\\/siam_motiv-e1465917198460.jpg\",\"width\":210,\"height\":306,\"caption\":\"Siam Center\"},\"image\":{\"@id\":\"https:\\\/\\\/www.siam.hu\\\/hu\\\/#\\\/schema\\\/logo\\\/image\\\/\"}}]}<\/script>\n<!-- \/ Yoast SEO plugin. -->","yoast_head_json":{"title":"Gyakori k\u00e9rd\u00e9sek - Siam Center","robots":{"index":"index","follow":"follow","max-snippet":"max-snippet:-1","max-image-preview":"max-image-preview:large","max-video-preview":"max-video-preview:-1"},"canonical":"https:\/\/www.siam.hu\/de\/frequently-asked-questions\/","og_locale":"de_DE","og_type":"article","og_title":"Gyakori k\u00e9rd\u00e9sek - Siam Center","og_description":"Wie viel kostet es? Die Preise der Dienstleistungen h\u00e4ngen vor allem vom Ort des Thaimassagen-Salons ab. Die jeweiligen Preise finden Sie beim Men\u00fcpunkt &#8222;Unsere Gesch\u00e4fte&#8220;. Wie lange dauert es? Die Dauer der Massage k\u00f6nnen Sie selbst ausw\u00e4hlen. Sie k\u00f6nnen um einen Vorgeschmack von 30 Minuten bitten, aber ohne weiteres auch eine Massage von 3 Stunden &hellip; Gyakori k\u00e9rd\u00e9sek weiterlesen","og_url":"https:\/\/www.siam.hu\/de\/frequently-asked-questions\/","og_site_name":"Siam Center","og_image":[{"width":598,"height":265,"url":"https:\/\/www.siam.hu\/wp-content\/uploads\/sites\/4\/2016\/06\/masseurs.jpg","type":"image\/jpeg"}],"twitter_card":"summary_large_image","twitter_misc":{"Gesch\u00e4tzte Lesezeit":"20\u00a0Minuten"},"schema":{"@context":"https:\/\/schema.org","@graph":[{"@type":"WebPage","@id":"https:\/\/www.siam.hu\/de\/frequently-asked-questions\/","url":"https:\/\/www.siam.hu\/de\/frequently-asked-questions\/","name":"Gyakori k\u00e9rd\u00e9sek - Siam Center","isPartOf":{"@id":"https:\/\/www.siam.hu\/hu\/#website"},"primaryImageOfPage":{"@id":"https:\/\/www.siam.hu\/de\/frequently-asked-questions\/#primaryimage"},"image":{"@id":"https:\/\/www.siam.hu\/de\/frequently-asked-questions\/#primaryimage"},"thumbnailUrl":"https:\/\/www.siam.hu\/wp-content\/uploads\/sites\/4\/2016\/06\/masseurs.jpg","datePublished":"2016-06-01T19:08:24+00:00","breadcrumb":{"@id":"https:\/\/www.siam.hu\/de\/frequently-asked-questions\/#breadcrumb"},"inLanguage":"de","potentialAction":[{"@type":"ReadAction","target":["https:\/\/www.siam.hu\/de\/frequently-asked-questions\/"]}]},{"@type":"ImageObject","inLanguage":"de","@id":"https:\/\/www.siam.hu\/de\/frequently-asked-questions\/#primaryimage","url":"https:\/\/www.siam.hu\/wp-content\/uploads\/sites\/4\/2016\/06\/masseurs.jpg","contentUrl":"https:\/\/www.siam.hu\/wp-content\/uploads\/sites\/4\/2016\/06\/masseurs.jpg","width":598,"height":265,"caption":"Massz\u0151r\u00f6k"},{"@type":"BreadcrumbList","@id":"https:\/\/www.siam.hu\/de\/frequently-asked-questions\/#breadcrumb","itemListElement":[{"@type":"ListItem","position":1,"name":"Home","item":"https:\/\/www.siam.hu\/hu\/"},{"@type":"ListItem","position":2,"name":"Gyakori k\u00e9rd\u00e9sek"}]},{"@type":"WebSite","@id":"https:\/\/www.siam.hu\/hu\/#website","url":"https:\/\/www.siam.hu\/hu\/","name":"Siam Center","description":"","publisher":{"@id":"https:\/\/www.siam.hu\/hu\/#organization"},"potentialAction":[{"@type":"SearchAction","target":{"@type":"EntryPoint","urlTemplate":"https:\/\/www.siam.hu\/hu\/?s={search_term_string}"},"query-input":{"@type":"PropertyValueSpecification","valueRequired":true,"valueName":"search_term_string"}}],"inLanguage":"de"},{"@type":"Organization","@id":"https:\/\/www.siam.hu\/hu\/#organization","name":"Siam Center","url":"https:\/\/www.siam.hu\/hu\/","logo":{"@type":"ImageObject","inLanguage":"de","@id":"https:\/\/www.siam.hu\/hu\/#\/schema\/logo\/image\/","url":"https:\/\/www.siam.hu\/wp-content\/uploads\/sites\/4\/2016\/05\/siam_motiv-e1465917198460.jpg","contentUrl":"https:\/\/www.siam.hu\/wp-content\/uploads\/sites\/4\/2016\/05\/siam_motiv-e1465917198460.jpg","width":210,"height":306,"caption":"Siam Center"},"image":{"@id":"https:\/\/www.siam.hu\/hu\/#\/schema\/logo\/image\/"}}]}},"_links":{"self":[{"href":"https:\/\/www.siam.hu\/de\/wp-json\/wp\/v2\/pages\/93","targetHints":{"allow":["GET"]}}],"collection":[{"href":"https:\/\/www.siam.hu\/de\/wp-json\/wp\/v2\/pages"}],"about":[{"href":"https:\/\/www.siam.hu\/de\/wp-json\/wp\/v2\/types\/page"}],"author":[{"embeddable":true,"href":"https:\/\/www.siam.hu\/de\/wp-json\/wp\/v2\/users\/1"}],"replies":[{"embeddable":true,"href":"https:\/\/www.siam.hu\/de\/wp-json\/wp\/v2\/comments?post=93"}],"version-history":[{"count":0,"href":"https:\/\/www.siam.hu\/de\/wp-json\/wp\/v2\/pages\/93\/revisions"}],"wp:featuredmedia":[{"embeddable":true,"href":"https:\/\/www.siam.hu\/de\/wp-json\/wp\/v2\/media\/94"}],"wp:attachment":[{"href":"https:\/\/www.siam.hu\/de\/wp-json\/wp\/v2\/media?parent=93"}],"curies":[{"name":"wp","href":"https:\/\/api.w.org\/{rel}","templated":true}]}}