{"id":9,"date":"2016-05-27T17:54:07","date_gmt":"2016-05-27T15:54:07","guid":{"rendered":"http:\/\/www.web-iq.hu\/siam\/?page_id=9"},"modified":"2016-05-27T17:54:07","modified_gmt":"2016-05-27T15:54:07","slug":"thai-massage","status":"publish","type":"page","link":"https:\/\/www.siam.hu\/de\/thai-massage\/","title":{"rendered":"Mi a thaimassz\u00e1zs?"},"content":{"rendered":"<p><\/p>\n<h2>Traditionelle Thai Massage<\/h2>\n<p>Sie stammt aus dem uralten Indien. Die Wirkung der Massage steckt in erster Linie in der Ausgleichung des Energiesystems. Die Massage bewirkt den freien Energiestrom durch Druck und Dehnung der Muskeln, durch Aufnahme von speziellen K\u00f6rperpositionen. Der Masseur \u00fcbt den Druck an den Energiepunkten mit Daumen, H\u00e4ndflache, Ellenbogen, Knie, Sohle aus, jede einzelne Bewegung leicht beginnend, sp\u00e4ter dann mit steigender Intensit\u00e4t. Die ausserordentliche Wirksamkeit der Massage wird durch die eigenartige Lockerung, Ausknackung der verschiedenen k\u00f6rperteile erh\u00f6ht. Ziel it die L\u00f6sung der physisch-psychichen Schmerzen und Verspannungen und das Erreichen eines elastischen, flexiblen, gel\u00f6sten Zustandes. Unsere Masseure verf\u00fcgen \u00fcber Diplom der &#8222;Wat Po&#8220; Massageschule in Bangkok. Zur Behandlung erhalten unsere Patienten spezielle, bequeme Bekleidung. Die Massage erfolgt auf einer Matratze auf dem Boden.<\/p>\n<h2>Herbal Massage<\/h2>\n<p>Bei dieser Massage wird die traditionelle Thai-Massage mit verschiedenen Heilpflanzend\u00e4mpfen kombiniert. Der K\u00f6rper wird mit Kr\u00e4uters\u00e4ckchen massiert, die mit Hilfe von Dampf erw\u00e4rmt wurden. Durch die W\u00e4rme des Dampfes und die Heilpflanzen\u00f6le wird der Kreislauf belebt, die Muskeln und die steifen Gelenke gel\u00f6st. Ausgezeichnet anwendbar zur Erfrischung der stark in Anspruch genommenen Gelenke und Muskeln, zur Behandlung von Schmerzen. Ein S\u00e4ckchen beinhaltet mehr als 15 verschiedene Heilpflanzen.<\/p>\n<h2>Thai Massage mit \u00d6len<\/h2>\n<p>Die Thai Massage mit \u00d6len ist eine spezielle Variante der traditionellen Thai-Massage. Die Massage erfolgt in diesem Fall nicht durch die Kleidung. Die Massage mit \u00e4therischen \u00d6len \u00fcbt ihre wohltuende Wirkung direkt durch die Haut aus. Tastsinn und Geruchsinn werden am intensivsten angesprochen. Die Massage mit \u00d6len stimuliert den Blutkreislauf, die \u00e4therischen \u00d6le umh\u00fcllen den K\u00f6rper. Sie werden eingeatmet und durch die Haut aurgenommen. Die Massage hilft bei der Entgiftung, kr\u00e4ftigt das Immunsystem, macht die Haut elastisch und seidig, erfrischt die ersch\u00f6pfte Seele.<\/p>\n<h2>Thai Fussmassage<\/h2>\n<p>Die Fu\u00dfmassage ist eine uralte chinesische Heilmethode, die i Asien seit mehr als 3000 Jahren verwendet wird. Mit dieser Art von Massage k\u00f6nnen zahlreiche Krankheiten geheilt und vorgebeugt werden. Fast jeder Sinnesnerv hat eine Verbindung zur Fus\u00dfohle. Die Fu\u00dfmassage stimuliert die Aktivit\u00e4t und die T\u00e4tigkeit der inneren Organe, gleicht die gest\u00f6rte Funktion der Blut- und Lymphzirkulation aus, verbessert die Gesamtkondition des Menschen. Str\u00e4kt die Immunit\u00e4t, entgiftet, verj\u00fcngt und f\u00f6rdert das lange Leben. Der Masseur verwendet seine Hand, Finger und spezielle Holzst\u00e4bchen mit Creme und \u00d6l. Die Sohle ist die Landkarte des K\u00f6rpers. Wenn ein K\u00f6rperteil krank oder sein Kreislauf schlecht ist, wird der entsprechende Punkt an der Sohle besonders druckempfindlich oder schmerzhaft. Wenn dieseer Punkt massiert wird, verbessert sich der Kreislauf des dazu geh\u00f6renden K\u00f6rperteils.<\/p>\n<p>Bei verschiedenen gesundheitlichen Problemen wenden Sich mit Vertrauen an unseren Dispatchern, dass wir an Ihnen die ideale Massage anwenden k\u00f6nnen.<\/p>","protected":false},"excerpt":{"rendered":"<p>Traditionelle Thai Massage Sie stammt aus dem uralten Indien. Die Wirkung der Massage steckt in erster Linie in der Ausgleichung des Energiesystems. Die Massage bewirkt den freien Energiestrom durch Druck und Dehnung der Muskeln, durch Aufnahme von speziellen K\u00f6rperpositionen. Der Masseur \u00fcbt den Druck an den Energiepunkten mit Daumen, H\u00e4ndflache, Ellenbogen, Knie, Sohle aus, jede &hellip; <a href=\"https:\/\/www.siam.hu\/de\/thai-massage\/\" class=\"more-link\"><span class=\"screen-reader-text\">Mi a thaimassz\u00e1zs?<\/span> weiterlesen<\/a><\/p>\n","protected":false},"author":1,"featured_media":11,"parent":0,"menu_order":0,"comment_status":"closed","ping_status":"closed","template":"","meta":{"footnotes":""},"class_list":["post-9","page","type-page","status-publish","has-post-thumbnail","hentry"],"yoast_head":"<!-- This site is optimized with the Yoast SEO plugin v27.3 - https:\/\/yoast.com\/product\/yoast-seo-wordpress\/ -->\n<title>Mi a thaimassz\u00e1zs? - Siam Center<\/title>\n<meta name=\"robots\" content=\"index, follow, max-snippet:-1, max-image-preview:large, max-video-preview:-1\" \/>\n<link rel=\"canonical\" href=\"https:\/\/www.siam.hu\/hu\/thai-massage\/\" \/>\n<meta property=\"og:locale\" content=\"de_DE\" \/>\n<meta property=\"og:type\" content=\"article\" \/>\n<meta property=\"og:title\" content=\"Mi a thaimassz\u00e1zs? - Siam Center\" \/>\n<meta property=\"og:description\" content=\"Traditionelle Thai Massage Sie stammt aus dem uralten Indien. Die Wirkung der Massage steckt in erster Linie in der Ausgleichung des Energiesystems. Die Massage bewirkt den freien Energiestrom durch Druck und Dehnung der Muskeln, durch Aufnahme von speziellen K\u00f6rperpositionen. Der Masseur \u00fcbt den Druck an den Energiepunkten mit Daumen, H\u00e4ndflache, Ellenbogen, Knie, Sohle aus, jede &hellip; Mi a thaimassz\u00e1zs? weiterlesen\" \/>\n<meta property=\"og:url\" content=\"https:\/\/www.siam.hu\/hu\/thai-massage\/\" \/>\n<meta property=\"og:site_name\" content=\"Siam Center\" \/>\n<meta property=\"og:image\" content=\"https:\/\/www.siam.hu\/wp-content\/uploads\/sites\/4\/2016\/05\/candles-and-flowers.jpg\" \/>\n\t<meta property=\"og:image:width\" content=\"598\" \/>\n\t<meta property=\"og:image:height\" content=\"264\" \/>\n\t<meta property=\"og:image:type\" content=\"image\/jpeg\" \/>\n<meta name=\"twitter:card\" content=\"summary_large_image\" \/>\n<meta name=\"twitter:label1\" content=\"Gesch\u00e4tzte Lesezeit\" \/>\n\t<meta name=\"twitter:data1\" content=\"9\u00a0Minuten\" \/>\n<script type=\"application\/ld+json\" class=\"yoast-schema-graph\">{\"@context\":\"https:\\\/\\\/schema.org\",\"@graph\":[{\"@type\":\"WebPage\",\"@id\":\"https:\\\/\\\/www.siam.hu\\\/hu\\\/thai-massage\\\/\",\"url\":\"https:\\\/\\\/www.siam.hu\\\/hu\\\/thai-massage\\\/\",\"name\":\"Mi a thaimassz\u00e1zs? - Siam Center\",\"isPartOf\":{\"@id\":\"https:\\\/\\\/www.siam.hu\\\/hu\\\/#website\"},\"primaryImageOfPage\":{\"@id\":\"https:\\\/\\\/www.siam.hu\\\/hu\\\/thai-massage\\\/#primaryimage\"},\"image\":{\"@id\":\"https:\\\/\\\/www.siam.hu\\\/hu\\\/thai-massage\\\/#primaryimage\"},\"thumbnailUrl\":\"https:\\\/\\\/www.siam.hu\\\/wp-content\\\/uploads\\\/sites\\\/4\\\/2016\\\/05\\\/candles-and-flowers.jpg\",\"datePublished\":\"2016-05-27T15:54:07+00:00\",\"breadcrumb\":{\"@id\":\"https:\\\/\\\/www.siam.hu\\\/hu\\\/thai-massage\\\/#breadcrumb\"},\"inLanguage\":\"de\",\"potentialAction\":[{\"@type\":\"ReadAction\",\"target\":[\"https:\\\/\\\/www.siam.hu\\\/hu\\\/thai-massage\\\/\"]}]},{\"@type\":\"ImageObject\",\"inLanguage\":\"de\",\"@id\":\"https:\\\/\\\/www.siam.hu\\\/hu\\\/thai-massage\\\/#primaryimage\",\"url\":\"https:\\\/\\\/www.siam.hu\\\/wp-content\\\/uploads\\\/sites\\\/4\\\/2016\\\/05\\\/candles-and-flowers.jpg\",\"contentUrl\":\"https:\\\/\\\/www.siam.hu\\\/wp-content\\\/uploads\\\/sites\\\/4\\\/2016\\\/05\\\/candles-and-flowers.jpg\",\"width\":598,\"height\":264,\"caption\":\"Candles and Flowers\"},{\"@type\":\"BreadcrumbList\",\"@id\":\"https:\\\/\\\/www.siam.hu\\\/hu\\\/thai-massage\\\/#breadcrumb\",\"itemListElement\":[{\"@type\":\"ListItem\",\"position\":1,\"name\":\"Home\",\"item\":\"https:\\\/\\\/www.siam.hu\\\/hu\\\/\"},{\"@type\":\"ListItem\",\"position\":2,\"name\":\"Mi a thaimassz\u00e1zs?\"}]},{\"@type\":\"WebSite\",\"@id\":\"https:\\\/\\\/www.siam.hu\\\/hu\\\/#website\",\"url\":\"https:\\\/\\\/www.siam.hu\\\/hu\\\/\",\"name\":\"Siam Center\",\"description\":\"\",\"publisher\":{\"@id\":\"https:\\\/\\\/www.siam.hu\\\/hu\\\/#organization\"},\"potentialAction\":[{\"@type\":\"SearchAction\",\"target\":{\"@type\":\"EntryPoint\",\"urlTemplate\":\"https:\\\/\\\/www.siam.hu\\\/hu\\\/?s={search_term_string}\"},\"query-input\":{\"@type\":\"PropertyValueSpecification\",\"valueRequired\":true,\"valueName\":\"search_term_string\"}}],\"inLanguage\":\"de\"},{\"@type\":\"Organization\",\"@id\":\"https:\\\/\\\/www.siam.hu\\\/hu\\\/#organization\",\"name\":\"Siam Center\",\"url\":\"https:\\\/\\\/www.siam.hu\\\/hu\\\/\",\"logo\":{\"@type\":\"ImageObject\",\"inLanguage\":\"de\",\"@id\":\"https:\\\/\\\/www.siam.hu\\\/hu\\\/#\\\/schema\\\/logo\\\/image\\\/\",\"url\":\"https:\\\/\\\/www.siam.hu\\\/wp-content\\\/uploads\\\/sites\\\/4\\\/2016\\\/05\\\/siam_motiv-e1465917198460.jpg\",\"contentUrl\":\"https:\\\/\\\/www.siam.hu\\\/wp-content\\\/uploads\\\/sites\\\/4\\\/2016\\\/05\\\/siam_motiv-e1465917198460.jpg\",\"width\":210,\"height\":306,\"caption\":\"Siam Center\"},\"image\":{\"@id\":\"https:\\\/\\\/www.siam.hu\\\/hu\\\/#\\\/schema\\\/logo\\\/image\\\/\"}}]}<\/script>\n<!-- \/ Yoast SEO plugin. -->","yoast_head_json":{"title":"Mi a thaimassz\u00e1zs? - Siam Center","robots":{"index":"index","follow":"follow","max-snippet":"max-snippet:-1","max-image-preview":"max-image-preview:large","max-video-preview":"max-video-preview:-1"},"canonical":"https:\/\/www.siam.hu\/hu\/thai-massage\/","og_locale":"de_DE","og_type":"article","og_title":"Mi a thaimassz\u00e1zs? - Siam Center","og_description":"Traditionelle Thai Massage Sie stammt aus dem uralten Indien. Die Wirkung der Massage steckt in erster Linie in der Ausgleichung des Energiesystems. Die Massage bewirkt den freien Energiestrom durch Druck und Dehnung der Muskeln, durch Aufnahme von speziellen K\u00f6rperpositionen. Der Masseur \u00fcbt den Druck an den Energiepunkten mit Daumen, H\u00e4ndflache, Ellenbogen, Knie, Sohle aus, jede &hellip; Mi a thaimassz\u00e1zs? weiterlesen","og_url":"https:\/\/www.siam.hu\/hu\/thai-massage\/","og_site_name":"Siam Center","og_image":[{"width":598,"height":264,"url":"https:\/\/www.siam.hu\/wp-content\/uploads\/sites\/4\/2016\/05\/candles-and-flowers.jpg","type":"image\/jpeg"}],"twitter_card":"summary_large_image","twitter_misc":{"Gesch\u00e4tzte Lesezeit":"9\u00a0Minuten"},"schema":{"@context":"https:\/\/schema.org","@graph":[{"@type":"WebPage","@id":"https:\/\/www.siam.hu\/hu\/thai-massage\/","url":"https:\/\/www.siam.hu\/hu\/thai-massage\/","name":"Mi a thaimassz\u00e1zs? - Siam Center","isPartOf":{"@id":"https:\/\/www.siam.hu\/hu\/#website"},"primaryImageOfPage":{"@id":"https:\/\/www.siam.hu\/hu\/thai-massage\/#primaryimage"},"image":{"@id":"https:\/\/www.siam.hu\/hu\/thai-massage\/#primaryimage"},"thumbnailUrl":"https:\/\/www.siam.hu\/wp-content\/uploads\/sites\/4\/2016\/05\/candles-and-flowers.jpg","datePublished":"2016-05-27T15:54:07+00:00","breadcrumb":{"@id":"https:\/\/www.siam.hu\/hu\/thai-massage\/#breadcrumb"},"inLanguage":"de","potentialAction":[{"@type":"ReadAction","target":["https:\/\/www.siam.hu\/hu\/thai-massage\/"]}]},{"@type":"ImageObject","inLanguage":"de","@id":"https:\/\/www.siam.hu\/hu\/thai-massage\/#primaryimage","url":"https:\/\/www.siam.hu\/wp-content\/uploads\/sites\/4\/2016\/05\/candles-and-flowers.jpg","contentUrl":"https:\/\/www.siam.hu\/wp-content\/uploads\/sites\/4\/2016\/05\/candles-and-flowers.jpg","width":598,"height":264,"caption":"Candles and Flowers"},{"@type":"BreadcrumbList","@id":"https:\/\/www.siam.hu\/hu\/thai-massage\/#breadcrumb","itemListElement":[{"@type":"ListItem","position":1,"name":"Home","item":"https:\/\/www.siam.hu\/hu\/"},{"@type":"ListItem","position":2,"name":"Mi a thaimassz\u00e1zs?"}]},{"@type":"WebSite","@id":"https:\/\/www.siam.hu\/hu\/#website","url":"https:\/\/www.siam.hu\/hu\/","name":"Siam Center","description":"","publisher":{"@id":"https:\/\/www.siam.hu\/hu\/#organization"},"potentialAction":[{"@type":"SearchAction","target":{"@type":"EntryPoint","urlTemplate":"https:\/\/www.siam.hu\/hu\/?s={search_term_string}"},"query-input":{"@type":"PropertyValueSpecification","valueRequired":true,"valueName":"search_term_string"}}],"inLanguage":"de"},{"@type":"Organization","@id":"https:\/\/www.siam.hu\/hu\/#organization","name":"Siam Center","url":"https:\/\/www.siam.hu\/hu\/","logo":{"@type":"ImageObject","inLanguage":"de","@id":"https:\/\/www.siam.hu\/hu\/#\/schema\/logo\/image\/","url":"https:\/\/www.siam.hu\/wp-content\/uploads\/sites\/4\/2016\/05\/siam_motiv-e1465917198460.jpg","contentUrl":"https:\/\/www.siam.hu\/wp-content\/uploads\/sites\/4\/2016\/05\/siam_motiv-e1465917198460.jpg","width":210,"height":306,"caption":"Siam Center"},"image":{"@id":"https:\/\/www.siam.hu\/hu\/#\/schema\/logo\/image\/"}}]}},"_links":{"self":[{"href":"https:\/\/www.siam.hu\/de\/wp-json\/wp\/v2\/pages\/9","targetHints":{"allow":["GET"]}}],"collection":[{"href":"https:\/\/www.siam.hu\/de\/wp-json\/wp\/v2\/pages"}],"about":[{"href":"https:\/\/www.siam.hu\/de\/wp-json\/wp\/v2\/types\/page"}],"author":[{"embeddable":true,"href":"https:\/\/www.siam.hu\/de\/wp-json\/wp\/v2\/users\/1"}],"replies":[{"embeddable":true,"href":"https:\/\/www.siam.hu\/de\/wp-json\/wp\/v2\/comments?post=9"}],"version-history":[{"count":0,"href":"https:\/\/www.siam.hu\/de\/wp-json\/wp\/v2\/pages\/9\/revisions"}],"wp:featuredmedia":[{"embeddable":true,"href":"https:\/\/www.siam.hu\/de\/wp-json\/wp\/v2\/media\/11"}],"wp:attachment":[{"href":"https:\/\/www.siam.hu\/de\/wp-json\/wp\/v2\/media?parent=9"}],"curies":[{"name":"wp","href":"https:\/\/api.w.org\/{rel}","templated":true}]}}