{"id":88,"date":"2016-06-01T20:45:12","date_gmt":"2016-06-01T18:45:12","guid":{"rendered":"http:\/\/www.web-iq.hu\/siam\/?page_id=88"},"modified":"2016-06-01T20:45:12","modified_gmt":"2016-06-01T18:45:12","slug":"gift-ticket","status":"publish","type":"page","link":"https:\/\/www.siam.hu\/de\/gift-ticket\/","title":{"rendered":"Aj\u00e1nd\u00e9kjegy"},"content":{"rendered":"<p>Eine gl\u00e4nzende Idee, n\u00fctzliche Geschenke suchen Sie f\u00fcr Ihre Familienangeh\u00f6rigen, Freunde, Gesch\u00e4ftspartner und Mitarbeiter?<br \/>\nZum Geburtstag, zum Namenstag, zu Weihnachten oder zu jederart Angelegenheiten k\u00f6nnen Sie einen Riesenerfolg durch einen Gutschein f\u00fcr eine Thaimassage erreichen!<br \/>\nDer Beschenkte muss nur den f\u00fcr ihn g\u00fcnstigsten Termin mit uns telefonisch vereinbaren.<\/p>\n<h2><img loading=\"lazy\" decoding=\"async\" class=\"aligncenter size-full wp-image-89\" src=\"http:\/\/www.siam.hu\/wp-content\/uploads\/sites\/4\/2016\/06\/ajandekjegy-elso-oldal.jpg\" alt=\"Geschenkgutschein 1.\" width=\"400\" height=\"189\" srcset=\"https:\/\/www.siam.hu\/wp-content\/uploads\/sites\/4\/2016\/06\/ajandekjegy-elso-oldal.jpg 400w, https:\/\/www.siam.hu\/wp-content\/uploads\/sites\/4\/2016\/06\/ajandekjegy-elso-oldal-300x142.jpg 300w\" sizes=\"auto, (max-width: 400px) 100vw, 400px\" \/><img loading=\"lazy\" decoding=\"async\" class=\"aligncenter size-full wp-image-90\" src=\"http:\/\/www.siam.hu\/wp-content\/uploads\/sites\/4\/2016\/06\/ajandekjegy-hatoldal.jpg\" alt=\"Geschenkgutschein 2.\" width=\"400\" height=\"189\" srcset=\"https:\/\/www.siam.hu\/wp-content\/uploads\/sites\/4\/2016\/06\/ajandekjegy-hatoldal.jpg 400w, https:\/\/www.siam.hu\/wp-content\/uploads\/sites\/4\/2016\/06\/ajandekjegy-hatoldal-300x142.jpg 300w\" sizes=\"auto, (max-width: 400px) 100vw, 400px\" \/>Was m\u00fcssen Sie \u00fcber den Geschenkgutschein wissen?<\/h2>\n<ol>\n<li>Er ist &#8211; nach der Ausstellung &#8211; innerhalb von 6 Monaten g\u00fcltig.<\/li>\n<li>Unsere Firma garantiert innerhalb der G\u00fcltigkeit &#8211; nach einer vorheriger Vereinbarung der Termine -, dass die markierten Dienstleistungen, in dem ausgew\u00e4hlten Salon, auf h\u00f6chstem Fachniveau den G\u00e4sten sichergestellt werden. Die ausgew\u00e4hlten Dienstleistungen k\u00f6nnen f\u00fcr andere an Ort und Stelle nicht mehr eingetauscht werden, Geld wird nicht zur\u00fcckgegeben und der verlorene Geschenkgutschein wird auch nicht ersetzt.<\/li>\n<li>Vor der Verwendung des Geschenkgutscheins wenden Sie sich bitte an uns, damit wir mit Ihnen den entsprechenden Termin f\u00fcr unsere Dienstleistungen vereinbaren k\u00f6nnen.<\/li>\n<li>Der Geschenkgutschein ist in jedem unserer Gesch\u00e4fte zu erreichen.<\/li>\n<li>Die im Voraus oder durch Bank\u00fcberweisung bezahlten Gutscheine werden wir Ihnen an die angegebene Adresse per Post oder per Bote zuschicken.<\/li>\n<li>Bitte, den Gutschein zur Massage unbedingt mitbringen!<\/li>\n<\/ol>\n<p><\/p>","protected":false},"excerpt":{"rendered":"<p>Eine gl\u00e4nzende Idee, n\u00fctzliche Geschenke suchen Sie f\u00fcr Ihre Familienangeh\u00f6rigen, Freunde, Gesch\u00e4ftspartner und Mitarbeiter? Zum Geburtstag, zum Namenstag, zu Weihnachten oder zu jederart Angelegenheiten k\u00f6nnen Sie einen Riesenerfolg durch einen Gutschein f\u00fcr eine Thaimassage erreichen! Der Beschenkte muss nur den f\u00fcr ihn g\u00fcnstigsten Termin mit uns telefonisch vereinbaren. Was m\u00fcssen Sie \u00fcber den Geschenkgutschein wissen? &hellip; <a href=\"https:\/\/www.siam.hu\/de\/gift-ticket\/\" class=\"more-link\"><span class=\"screen-reader-text\">Aj\u00e1nd\u00e9kjegy<\/span> weiterlesen<\/a><\/p>\n","protected":false},"author":1,"featured_media":91,"parent":0,"menu_order":0,"comment_status":"closed","ping_status":"closed","template":"","meta":{"footnotes":""},"class_list":["post-88","page","type-page","status-publish","has-post-thumbnail","hentry"],"yoast_head":"<!-- This site is optimized with the Yoast SEO plugin v27.5 - https:\/\/yoast.com\/product\/yoast-seo-wordpress\/ -->\n<title>Aj\u00e1nd\u00e9kjegy - Siam Center<\/title>\n<meta name=\"robots\" content=\"index, follow, max-snippet:-1, max-image-preview:large, max-video-preview:-1\" \/>\n<link rel=\"canonical\" href=\"https:\/\/www.siam.hu\/hu\/gift-ticket\/\" \/>\n<meta property=\"og:locale\" content=\"de_DE\" \/>\n<meta property=\"og:type\" content=\"article\" \/>\n<meta property=\"og:title\" content=\"Aj\u00e1nd\u00e9kjegy - Siam Center\" \/>\n<meta property=\"og:description\" content=\"Eine gl\u00e4nzende Idee, n\u00fctzliche Geschenke suchen Sie f\u00fcr Ihre Familienangeh\u00f6rigen, Freunde, Gesch\u00e4ftspartner und Mitarbeiter? Zum Geburtstag, zum Namenstag, zu Weihnachten oder zu jederart Angelegenheiten k\u00f6nnen Sie einen Riesenerfolg durch einen Gutschein f\u00fcr eine Thaimassage erreichen! Der Beschenkte muss nur den f\u00fcr ihn g\u00fcnstigsten Termin mit uns telefonisch vereinbaren. Was m\u00fcssen Sie \u00fcber den Geschenkgutschein wissen? &hellip; Aj\u00e1nd\u00e9kjegy weiterlesen\" \/>\n<meta property=\"og:url\" content=\"https:\/\/www.siam.hu\/hu\/gift-ticket\/\" \/>\n<meta property=\"og:site_name\" content=\"Siam Center\" \/>\n<meta property=\"og:image\" content=\"https:\/\/www.siam.hu\/wp-content\/uploads\/sites\/4\/2016\/06\/scented-smthgs.jpg\" \/>\n\t<meta property=\"og:image:width\" content=\"598\" \/>\n\t<meta property=\"og:image:height\" content=\"264\" \/>\n\t<meta property=\"og:image:type\" content=\"image\/jpeg\" \/>\n<meta name=\"twitter:card\" content=\"summary_large_image\" \/>\n<meta name=\"twitter:label1\" content=\"Gesch\u00e4tzte Lesezeit\" \/>\n\t<meta name=\"twitter:data1\" content=\"5\u00a0Minuten\" \/>\n<script type=\"application\/ld+json\" class=\"yoast-schema-graph\">{\"@context\":\"https:\\\/\\\/schema.org\",\"@graph\":[{\"@type\":\"WebPage\",\"@id\":\"https:\\\/\\\/www.siam.hu\\\/hu\\\/gift-ticket\\\/\",\"url\":\"https:\\\/\\\/www.siam.hu\\\/hu\\\/gift-ticket\\\/\",\"name\":\"Aj\u00e1nd\u00e9kjegy - Siam Center\",\"isPartOf\":{\"@id\":\"https:\\\/\\\/www.siam.hu\\\/hu\\\/#website\"},\"primaryImageOfPage\":{\"@id\":\"https:\\\/\\\/www.siam.hu\\\/hu\\\/gift-ticket\\\/#primaryimage\"},\"image\":{\"@id\":\"https:\\\/\\\/www.siam.hu\\\/hu\\\/gift-ticket\\\/#primaryimage\"},\"thumbnailUrl\":\"https:\\\/\\\/www.siam.hu\\\/wp-content\\\/uploads\\\/sites\\\/4\\\/2016\\\/06\\\/scented-smthgs.jpg\",\"datePublished\":\"2016-06-01T18:45:12+00:00\",\"breadcrumb\":{\"@id\":\"https:\\\/\\\/www.siam.hu\\\/hu\\\/gift-ticket\\\/#breadcrumb\"},\"inLanguage\":\"de\",\"potentialAction\":[{\"@type\":\"ReadAction\",\"target\":[\"https:\\\/\\\/www.siam.hu\\\/hu\\\/gift-ticket\\\/\"]}]},{\"@type\":\"ImageObject\",\"inLanguage\":\"de\",\"@id\":\"https:\\\/\\\/www.siam.hu\\\/hu\\\/gift-ticket\\\/#primaryimage\",\"url\":\"https:\\\/\\\/www.siam.hu\\\/wp-content\\\/uploads\\\/sites\\\/4\\\/2016\\\/06\\\/scented-smthgs.jpg\",\"contentUrl\":\"https:\\\/\\\/www.siam.hu\\\/wp-content\\\/uploads\\\/sites\\\/4\\\/2016\\\/06\\\/scented-smthgs.jpg\",\"width\":598,\"height\":264},{\"@type\":\"BreadcrumbList\",\"@id\":\"https:\\\/\\\/www.siam.hu\\\/hu\\\/gift-ticket\\\/#breadcrumb\",\"itemListElement\":[{\"@type\":\"ListItem\",\"position\":1,\"name\":\"Home\",\"item\":\"https:\\\/\\\/www.siam.hu\\\/hu\\\/\"},{\"@type\":\"ListItem\",\"position\":2,\"name\":\"Aj\u00e1nd\u00e9kjegy\"}]},{\"@type\":\"WebSite\",\"@id\":\"https:\\\/\\\/www.siam.hu\\\/hu\\\/#website\",\"url\":\"https:\\\/\\\/www.siam.hu\\\/hu\\\/\",\"name\":\"Siam Center\",\"description\":\"\",\"publisher\":{\"@id\":\"https:\\\/\\\/www.siam.hu\\\/hu\\\/#organization\"},\"potentialAction\":[{\"@type\":\"SearchAction\",\"target\":{\"@type\":\"EntryPoint\",\"urlTemplate\":\"https:\\\/\\\/www.siam.hu\\\/hu\\\/?s={search_term_string}\"},\"query-input\":{\"@type\":\"PropertyValueSpecification\",\"valueRequired\":true,\"valueName\":\"search_term_string\"}}],\"inLanguage\":\"de\"},{\"@type\":\"Organization\",\"@id\":\"https:\\\/\\\/www.siam.hu\\\/hu\\\/#organization\",\"name\":\"Siam Center\",\"url\":\"https:\\\/\\\/www.siam.hu\\\/hu\\\/\",\"logo\":{\"@type\":\"ImageObject\",\"inLanguage\":\"de\",\"@id\":\"https:\\\/\\\/www.siam.hu\\\/hu\\\/#\\\/schema\\\/logo\\\/image\\\/\",\"url\":\"https:\\\/\\\/www.siam.hu\\\/wp-content\\\/uploads\\\/sites\\\/4\\\/2016\\\/05\\\/siam_motiv-e1465917198460.jpg\",\"contentUrl\":\"https:\\\/\\\/www.siam.hu\\\/wp-content\\\/uploads\\\/sites\\\/4\\\/2016\\\/05\\\/siam_motiv-e1465917198460.jpg\",\"width\":210,\"height\":306,\"caption\":\"Siam Center\"},\"image\":{\"@id\":\"https:\\\/\\\/www.siam.hu\\\/hu\\\/#\\\/schema\\\/logo\\\/image\\\/\"}}]}<\/script>\n<!-- \/ Yoast SEO plugin. -->","yoast_head_json":{"title":"Aj\u00e1nd\u00e9kjegy - Siam Center","robots":{"index":"index","follow":"follow","max-snippet":"max-snippet:-1","max-image-preview":"max-image-preview:large","max-video-preview":"max-video-preview:-1"},"canonical":"https:\/\/www.siam.hu\/hu\/gift-ticket\/","og_locale":"de_DE","og_type":"article","og_title":"Aj\u00e1nd\u00e9kjegy - Siam Center","og_description":"Eine gl\u00e4nzende Idee, n\u00fctzliche Geschenke suchen Sie f\u00fcr Ihre Familienangeh\u00f6rigen, Freunde, Gesch\u00e4ftspartner und Mitarbeiter? Zum Geburtstag, zum Namenstag, zu Weihnachten oder zu jederart Angelegenheiten k\u00f6nnen Sie einen Riesenerfolg durch einen Gutschein f\u00fcr eine Thaimassage erreichen! Der Beschenkte muss nur den f\u00fcr ihn g\u00fcnstigsten Termin mit uns telefonisch vereinbaren. Was m\u00fcssen Sie \u00fcber den Geschenkgutschein wissen? &hellip; Aj\u00e1nd\u00e9kjegy weiterlesen","og_url":"https:\/\/www.siam.hu\/hu\/gift-ticket\/","og_site_name":"Siam Center","og_image":[{"width":598,"height":264,"url":"https:\/\/www.siam.hu\/wp-content\/uploads\/sites\/4\/2016\/06\/scented-smthgs.jpg","type":"image\/jpeg"}],"twitter_card":"summary_large_image","twitter_misc":{"Gesch\u00e4tzte Lesezeit":"5\u00a0Minuten"},"schema":{"@context":"https:\/\/schema.org","@graph":[{"@type":"WebPage","@id":"https:\/\/www.siam.hu\/hu\/gift-ticket\/","url":"https:\/\/www.siam.hu\/hu\/gift-ticket\/","name":"Aj\u00e1nd\u00e9kjegy - Siam Center","isPartOf":{"@id":"https:\/\/www.siam.hu\/hu\/#website"},"primaryImageOfPage":{"@id":"https:\/\/www.siam.hu\/hu\/gift-ticket\/#primaryimage"},"image":{"@id":"https:\/\/www.siam.hu\/hu\/gift-ticket\/#primaryimage"},"thumbnailUrl":"https:\/\/www.siam.hu\/wp-content\/uploads\/sites\/4\/2016\/06\/scented-smthgs.jpg","datePublished":"2016-06-01T18:45:12+00:00","breadcrumb":{"@id":"https:\/\/www.siam.hu\/hu\/gift-ticket\/#breadcrumb"},"inLanguage":"de","potentialAction":[{"@type":"ReadAction","target":["https:\/\/www.siam.hu\/hu\/gift-ticket\/"]}]},{"@type":"ImageObject","inLanguage":"de","@id":"https:\/\/www.siam.hu\/hu\/gift-ticket\/#primaryimage","url":"https:\/\/www.siam.hu\/wp-content\/uploads\/sites\/4\/2016\/06\/scented-smthgs.jpg","contentUrl":"https:\/\/www.siam.hu\/wp-content\/uploads\/sites\/4\/2016\/06\/scented-smthgs.jpg","width":598,"height":264},{"@type":"BreadcrumbList","@id":"https:\/\/www.siam.hu\/hu\/gift-ticket\/#breadcrumb","itemListElement":[{"@type":"ListItem","position":1,"name":"Home","item":"https:\/\/www.siam.hu\/hu\/"},{"@type":"ListItem","position":2,"name":"Aj\u00e1nd\u00e9kjegy"}]},{"@type":"WebSite","@id":"https:\/\/www.siam.hu\/hu\/#website","url":"https:\/\/www.siam.hu\/hu\/","name":"Siam Center","description":"","publisher":{"@id":"https:\/\/www.siam.hu\/hu\/#organization"},"potentialAction":[{"@type":"SearchAction","target":{"@type":"EntryPoint","urlTemplate":"https:\/\/www.siam.hu\/hu\/?s={search_term_string}"},"query-input":{"@type":"PropertyValueSpecification","valueRequired":true,"valueName":"search_term_string"}}],"inLanguage":"de"},{"@type":"Organization","@id":"https:\/\/www.siam.hu\/hu\/#organization","name":"Siam Center","url":"https:\/\/www.siam.hu\/hu\/","logo":{"@type":"ImageObject","inLanguage":"de","@id":"https:\/\/www.siam.hu\/hu\/#\/schema\/logo\/image\/","url":"https:\/\/www.siam.hu\/wp-content\/uploads\/sites\/4\/2016\/05\/siam_motiv-e1465917198460.jpg","contentUrl":"https:\/\/www.siam.hu\/wp-content\/uploads\/sites\/4\/2016\/05\/siam_motiv-e1465917198460.jpg","width":210,"height":306,"caption":"Siam Center"},"image":{"@id":"https:\/\/www.siam.hu\/hu\/#\/schema\/logo\/image\/"}}]}},"_links":{"self":[{"href":"https:\/\/www.siam.hu\/de\/wp-json\/wp\/v2\/pages\/88","targetHints":{"allow":["GET"]}}],"collection":[{"href":"https:\/\/www.siam.hu\/de\/wp-json\/wp\/v2\/pages"}],"about":[{"href":"https:\/\/www.siam.hu\/de\/wp-json\/wp\/v2\/types\/page"}],"author":[{"embeddable":true,"href":"https:\/\/www.siam.hu\/de\/wp-json\/wp\/v2\/users\/1"}],"replies":[{"embeddable":true,"href":"https:\/\/www.siam.hu\/de\/wp-json\/wp\/v2\/comments?post=88"}],"version-history":[{"count":0,"href":"https:\/\/www.siam.hu\/de\/wp-json\/wp\/v2\/pages\/88\/revisions"}],"wp:featuredmedia":[{"embeddable":true,"href":"https:\/\/www.siam.hu\/de\/wp-json\/wp\/v2\/media\/91"}],"wp:attachment":[{"href":"https:\/\/www.siam.hu\/de\/wp-json\/wp\/v2\/media?parent=88"}],"curies":[{"name":"wp","href":"https:\/\/api.w.org\/{rel}","templated":true}]}}