{"id":108,"date":"2016-06-02T17:27:20","date_gmt":"2016-06-02T15:27:20","guid":{"rendered":"http:\/\/www.web-iq.hu\/siam\/?page_id=108"},"modified":"2016-07-03T13:54:24","modified_gmt":"2016-07-03T11:54:24","slug":"company-information","status":"publish","type":"page","link":"https:\/\/www.siam.hu\/de\/company-information\/","title":{"rendered":"Credit Reports"},"content":{"rendered":"<p><\/p>\n<table>\n<tbody>\n<tr>\n<th>Name der Firma:<\/th>\n<td>Siam Europe Ltd.<\/td>\n<\/tr>\n<tr>\n<th>Sitz\/Adresse der Rechnung:<\/th>\n<td>1119 Budapest, Andor u. 21\/C<\/td>\n<\/tr>\n<tr>\n<th>Web:<\/th>\n<td><a href=\"http:\/\/www.thaimassage.hu\/\">www.thaimassage.hu<\/a><\/td>\n<\/tr>\n<tr>\n<th>E-mail:<\/th>\n<td><a href=\"mailto:info@siam.hu\">info@siam.hu<\/a><\/td>\n<\/tr>\n<tr>\n<th>Gesch\u00e4ftsf\u00fchrender Direktor:<\/th>\n<td>Attila Kov\u00e1cs<\/td>\n<\/tr>\n<tr>\n<th>Phone:<\/th>\n<td>+36-20-944-3871<\/td>\n<\/tr>\n<tr>\n<th>E-mail:<\/th>\n<td><a href=\"mailto:siam@siam.hu\">siam@siam.hu<\/a><\/td>\n<\/tr>\n<tr>\n<th>Controlling Direktor:<\/th>\n<td>Erika P\u00e1llfi<\/td>\n<\/tr>\n<tr>\n<th>Phone:<\/th>\n<td>+36-20-665-5989<\/td>\n<\/tr>\n<tr>\n<th>E-mail:<\/th>\n<td><a href=\"mailto:palfi.erika@siam.hu\">palfi.erika@siam.hu<\/a><\/td>\n<\/tr>\n<tr>\n<th>Wirtschaftsdirektor:<\/th>\n<td>Attila Moln\u00e1r<\/td>\n<\/tr>\n<tr>\n<th>Telefon:<\/th>\n<td>+36-1-238-0938<\/td>\n<\/tr>\n<tr>\n<th>E-mail:<\/th>\n<td><a href=\"mailto:attila.molnar@siam.hu\">attila.molnar@siam.hu<\/a><\/td>\n<\/tr>\n<tr>\n<th>Regional leader of Vas:<\/th>\n<td>Val\u00e9r S\u00e1gi<\/td>\n<\/tr>\n<tr>\n<th>Telefon:<\/th>\n<td>+36-20-665-6008<\/td>\n<\/tr>\n<tr>\n<th>E-mail:<\/th>\n<td><a href=\"mailto:valer.sagi@siam.hu\">valer.sagi@siam.hu<\/a><\/td>\n<\/tr>\n<tr>\n<th>Veszpr\u00e9m und Zala:<\/th>\n<td>Anik\u00f3 Keresztes<\/td>\n<\/tr>\n<tr>\n<th>Telefon:<\/th>\n<td>+36-20-665-6007<\/td>\n<\/tr>\n<tr>\n<th>E-mail:<\/th>\n<td><a href=\"mailto:k.ancsa@gmail.com\">k.ancsa@gmail.com<\/a><\/td>\n<\/tr>\n<tr>\n<th>Direktor in der Slowakei:<\/th>\n<td>Judita Sznidova<\/td>\n<\/tr>\n<tr>\n<th>Telefon:<\/th>\n<td>+421-911-311-170<\/td>\n<\/tr>\n<tr>\n<th>E-mail:<\/th>\n<td><a href=\"mailto:director@thejskemasaze.sk\">director@thejskemasaze.sk<\/a><\/td>\n<\/tr>\n<\/tbody>\n<\/table>\n<h2>Franchise Partners:<\/h2>\n<table>\n<tbody>\n<tr>\n<th>Name of the company:<\/th>\n<td>Siam Center Hungary Gmbh.<\/td>\n<\/tr>\n<tr>\n<th>Seat:<\/th>\n<td>2049 Di\u00f3sd, L\u00e9da u. 27.<\/td>\n<\/tr>\n<tr>\n<th>B\u00fcro:<\/th>\n<td>1221 Budapest, Vincell\u00e9r \u00fat 7.<\/td>\n<\/tr>\n<tr>\n<th>Telefon:<\/th>\n<td>+36-1-236-0492<\/td>\n<\/tr>\n<tr>\n<th>Telefon:<\/th>\n<td>+36-1-236-0493<\/td>\n<\/tr>\n<tr>\n<th>Web:<\/th>\n<td><a href=\"http:\/\/www.thaimassage.hu\/\">www.thaimassage.hu<\/a><\/td>\n<\/tr>\n<tr>\n<th>Gesch\u00e4ftsf\u00fchrender Direktor:<\/th>\n<td>Andrea Moln\u00e1r<\/td>\n<\/tr>\n<tr>\n<th>Telefon:<\/th>\n<td>+36-20-966-5748<\/td>\n<\/tr>\n<tr>\n<th>E-mail:<\/th>\n<td><a href=\"mailto:andrea.molnar@siam.hu\">andrea.molnar@siam.hu<\/a><\/td>\n<\/tr>\n<tr>\n<th colspan=\"2\">Massage Salons:<\/th>\n<\/tr>\n<tr>\n<th>Budapest<\/th>\n<td>Sz\u00e9chenyi F\u00fcrd\u0151<\/td>\n<\/tr>\n<tr>\n<th>Budapest<\/th>\n<td>Danubius Resort &amp; Spa Hotel H\u00e9lia<\/td>\n<\/tr>\n<\/tbody>\n<\/table>\n<table>\n<tbody>\n<tr>\n<th>Name der Firma:<\/th>\n<td>Siam Center Plusz Gmbh.<\/td>\n<\/tr>\n<tr>\n<th>Sitz\/Adresse der Rechnung::<\/th>\n<td>2022 Tahit\u00f3tfalu, Vadr\u00f3zsa u. 10.<\/td>\n<\/tr>\n<tr>\n<th>Telefon:<\/th>\n<td>+36-20-665-5995<\/td>\n<\/tr>\n<tr>\n<th>Fax:<\/th>\n<td>+36-26-386-240<\/td>\n<\/tr>\n<tr>\n<th>Web:<\/th>\n<td><a href=\"http:\/\/www.thaimassage.hu\/\">www.thaimassage.hu<\/a><\/td>\n<\/tr>\n<tr>\n<th>E-mail:<\/th>\n<td><a href=\"mailto:siamplusz@siam.hu\">siamplusz@siam.hu<\/a><\/td>\n<\/tr>\n<tr>\n<th>Gesch\u00e4ftsf\u00fchrender Direktor:<\/th>\n<td>Csaba Ol\u00e1h<\/td>\n<\/tr>\n<tr>\n<th colspan=\"2\">Massage Salons:<\/th>\n<\/tr>\n<tr>\n<th>Budapest<\/th>\n<td>Gell\u00e9rt Gy\u00f3gyf\u00fcrd\u0151<\/td>\n<\/tr>\n<tr>\n<th>Budapest<\/th>\n<td>Ramada Resort Aquaworld Budapest<\/td>\n<\/tr>\n<tr>\n<th>Visegr\u00e1d<\/th>\n<td>Term\u00e1l Hotel Visegr\u00e1d<\/td>\n<\/tr>\n<tr>\n<th>S\u00e1rv\u00e1r<\/th>\n<td>Spirit Hotel<\/td>\n<\/tr>\n<tr>\n<th>S\u00e1rv\u00e1r<\/th>\n<td>S\u00e1rv\u00e1r Gy\u00f3gy- \u00e9s Wellnessf\u00fcrd\u0151<\/td>\n<\/tr>\n<\/tbody>\n<\/table>\n<table>\n<tbody>\n<tr>\n<th>Name der Firma:<\/th>\n<td>Siam Center Lotus Gmbh.<\/td>\n<\/tr>\n<tr>\n<th>Sitz\/Adresse der Rechnung::<\/th>\n<td>8360 Keszthely, Lovassy u. 8.<\/td>\n<\/tr>\n<tr>\n<th>Telefon:<\/th>\n<td>+36-30-948-2257<\/td>\n<\/tr>\n<tr>\n<th>Web:<\/th>\n<td><a href=\"http:\/\/www.thaimassage.hu\/\">www.thaimassage.hu<\/a><\/td>\n<\/tr>\n<tr>\n<th>E-mail:<\/th>\n<td><a href=\"mailto:edina-kornis@web.de\">edina-kornis@web.de<\/a><\/td>\n<\/tr>\n<tr>\n<th colspan=\"2\">Massage Salon:<\/th>\n<\/tr>\n<tr>\n<th>H\u00e9v\u00edz<\/th>\n<td>Lotus Therme Hotel &amp; Spa H\u00e9v\u00edz<\/td>\n<\/tr>\n<\/tbody>\n<\/table>\n<table>\n<tbody>\n<tr>\n<th>Name der Firma:<\/th>\n<td>Siam Center Yim Gmbh.<\/td>\n<\/tr>\n<tr>\n<th>Sitz\/Adresse der Rechnung::<\/th>\n<td>2049 Di\u00f3sd, Pillang\u00f3 u. 18.<\/td>\n<\/tr>\n<tr>\n<th>Telefon:<\/th>\n<td>+36-20-665-5989<\/td>\n<\/tr>\n<tr>\n<th>Web:<\/th>\n<td><a href=\"http:\/\/www.thaimassage.hu\/\">www.thaimassage.hu<\/a><\/td>\n<\/tr>\n<tr>\n<th>Gesch\u00e4ftsf\u00fchrender Direktor:<\/th>\n<td>Erika P\u00e1lfi<\/td>\n<\/tr>\n<tr>\n<th>E-mail:<\/th>\n<td><a href=\"mailto:palfi.erika@siam.hu\">palfi.erika@siam.hu<\/a><\/td>\n<\/tr>\n<tr>\n<th colspan=\"2\">Massage Salons:<\/th>\n<\/tr>\n<tr>\n<th>Eger<\/th>\n<td>Hunguest Hotel Fl\u00f3ra***<\/td>\n<\/tr>\n<tr>\n<th>Egerszal\u00f3k<\/th>\n<td>Salt Hill Thermal Spa<\/td>\n<\/tr>\n<\/tbody>\n<\/table>\n<table>\n<tbody>\n<tr>\n<th>Name der Firma:<\/th>\n<td>Aqua Siam Center Gmbh.<\/td>\n<\/tr>\n<tr>\n<th>Sitz\/Adresse der Rechnung::<\/th>\n<td>4200 Hajd\u00faszoboszl\u00f3, B\u00e1nomkerti \u00fat 59.<\/td>\n<\/tr>\n<tr>\n<th>Telefon:<\/th>\n<td>+36-70-208-3250<\/td>\n<\/tr>\n<tr>\n<th>Web:<\/th>\n<td><a href=\"http:\/\/www.thaimassage.hu\/\">www.thaimassage.hu<\/a><\/td>\n<\/tr>\n<tr>\n<th>E-mail:<\/th>\n<td><a href=\"mailto:aquasiamcenter@gmail.com\">aquasiamcenter@gmail.com<\/a><\/td>\n<\/tr>\n<tr>\n<th>Gesch\u00e4ftsf\u00fchrender Direktor:<\/th>\n<td>\u00c1gnes Parti<\/td>\n<\/tr>\n<tr>\n<th colspan=\"2\">Massage Salon:<\/th>\n<\/tr>\n<tr>\n<th>Hajd\u00faszoboszl\u00f3<\/th>\n<td>Hajd\u00faszoboszl\u00f3-Aqua Palace Spa<\/td>\n<\/tr>\n<\/tbody>\n<\/table>\n<table>\n<tbody>\n<tr>\n<th>Name der Firma:<\/th>\n<td>Dr. Csernoch J\u00e1nosn\u00e9 ev.<\/td>\n<\/tr>\n<tr>\n<th>Sitz\/Adresse der Rechnung::<\/th>\n<td>1202 Budapest, Dobos u. 51.<\/td>\n<\/tr>\n<tr>\n<th>Telefon:<\/th>\n<td>+36-20-665-6008<\/td>\n<\/tr>\n<tr>\n<th>Web:<\/th>\n<td><a href=\"http:\/\/www.thaimassage.hu\/\">www.thaimassage.hu<\/a><\/td>\n<\/tr>\n<tr>\n<th>E-mail:<\/th>\n<td><a href=\"mailto:jan@siam.hu\">jan@siam.hu<\/a><\/td>\n<\/tr>\n<tr>\n<th colspan=\"2\">Massage Salon:<\/th>\n<\/tr>\n<tr>\n<th>S\u00fcmeg<\/th>\n<td>Hotel kapit\u00e1ny Wellness S\u00fcmeg<\/td>\n<\/tr>\n<\/tbody>\n<\/table>\n<p><\/p>","protected":false},"excerpt":{"rendered":"<p>Name der Firma: Siam Europe Ltd. Sitz\/Adresse der Rechnung: 1119 Budapest, Andor u. 21\/C Web: www.thaimassage.hu E-mail: info@siam.hu Gesch\u00e4ftsf\u00fchrender Direktor: Attila Kov\u00e1cs Phone: +36-20-944-3871 E-mail: siam@siam.hu Controlling Direktor: Erika P\u00e1llfi Phone: +36-20-665-5989 E-mail: palfi.erika@siam.hu Wirtschaftsdirektor: Attila Moln\u00e1r Telefon: +36-1-238-0938 E-mail: attila.molnar@siam.hu Regional leader of Vas: Val\u00e9r S\u00e1gi Telefon: +36-20-665-6008 E-mail: valer.sagi@siam.hu Veszpr\u00e9m und Zala: Anik\u00f3 &hellip; <a href=\"https:\/\/www.siam.hu\/de\/company-information\/\" class=\"more-link\"><span class=\"screen-reader-text\">Credit Reports<\/span> weiterlesen<\/a><\/p>\n","protected":false},"author":1,"featured_media":0,"parent":0,"menu_order":0,"comment_status":"closed","ping_status":"closed","template":"","meta":{"footnotes":""},"class_list":["post-108","page","type-page","status-publish","hentry"],"yoast_head":"<!-- This site is optimized with the Yoast SEO plugin v27.3 - https:\/\/yoast.com\/product\/yoast-seo-wordpress\/ -->\n<title>Credit Reports - Siam Center<\/title>\n<meta name=\"robots\" content=\"index, follow, max-snippet:-1, max-image-preview:large, max-video-preview:-1\" \/>\n<link rel=\"canonical\" href=\"https:\/\/www.siam.hu\/company-information\/\" \/>\n<meta property=\"og:locale\" content=\"de_DE\" \/>\n<meta property=\"og:type\" content=\"article\" \/>\n<meta property=\"og:title\" content=\"[:hu]C\u00e9ginform\u00e1ci\u00f3[:en]Credit Reports[:de]Credit Reports[:sk]Kreditn\u00e9 spr\u00e1vy[:] - Siam Center\" \/>\n<meta property=\"og:description\" content=\"Name der Firma: Siam Europe Ltd. Sitz\/Adresse der Rechnung: 1119 Budapest, Andor u. 21\/C Web: www.thaimassage.hu E-mail: info@siam.hu Gesch\u00e4ftsf\u00fchrender Direktor: Attila Kov\u00e1cs Phone: +36-20-944-3871 E-mail: siam@siam.hu Controlling Direktor: Erika P\u00e1llfi Phone: +36-20-665-5989 E-mail: palfi.erika@siam.hu Wirtschaftsdirektor: Attila Moln\u00e1r Telefon: +36-1-238-0938 E-mail: attila.molnar@siam.hu Regional leader of Vas: Val\u00e9r S\u00e1gi Telefon: +36-20-665-6008 E-mail: valer.sagi@siam.hu Veszpr\u00e9m und Zala: Anik\u00f3 &hellip; Credit Reports weiterlesen\" \/>\n<meta property=\"og:url\" content=\"https:\/\/www.siam.hu\/company-information\/\" \/>\n<meta property=\"og:site_name\" content=\"Siam Center\" \/>\n<meta property=\"article:modified_time\" content=\"2016-07-03T11:54:24+00:00\" \/>\n<meta name=\"twitter:card\" content=\"summary_large_image\" \/>\n<meta name=\"twitter:label1\" content=\"Gesch\u00e4tzte Lesezeit\" \/>\n\t<meta name=\"twitter:data1\" content=\"8\u00a0Minuten\" \/>\n<script type=\"application\/ld+json\" class=\"yoast-schema-graph\">{\"@context\":\"https:\\\/\\\/schema.org\",\"@graph\":[{\"@type\":\"WebPage\",\"@id\":\"https:\\\/\\\/www.siam.hu\\\/company-information\\\/\",\"url\":\"https:\\\/\\\/www.siam.hu\\\/company-information\\\/\",\"name\":\"[:hu]C\u00e9ginform\u00e1ci\u00f3[:en]Credit Reports[:de]Credit Reports[:sk]Kreditn\u00e9 spr\u00e1vy[:] - Siam Center\",\"isPartOf\":{\"@id\":\"https:\\\/\\\/www.siam.hu\\\/hu\\\/#website\"},\"datePublished\":\"2016-06-02T15:27:20+00:00\",\"dateModified\":\"2016-07-03T11:54:24+00:00\",\"breadcrumb\":{\"@id\":\"https:\\\/\\\/www.siam.hu\\\/company-information\\\/#breadcrumb\"},\"inLanguage\":\"de\",\"potentialAction\":[{\"@type\":\"ReadAction\",\"target\":[\"https:\\\/\\\/www.siam.hu\\\/company-information\\\/\"]}]},{\"@type\":\"BreadcrumbList\",\"@id\":\"https:\\\/\\\/www.siam.hu\\\/company-information\\\/#breadcrumb\",\"itemListElement\":[{\"@type\":\"ListItem\",\"position\":1,\"name\":\"Home\",\"item\":\"https:\\\/\\\/www.siam.hu\\\/hu\\\/\"},{\"@type\":\"ListItem\",\"position\":2,\"name\":\"Credit Reports\"}]},{\"@type\":\"WebSite\",\"@id\":\"https:\\\/\\\/www.siam.hu\\\/hu\\\/#website\",\"url\":\"https:\\\/\\\/www.siam.hu\\\/hu\\\/\",\"name\":\"Siam Center\",\"description\":\"\",\"publisher\":{\"@id\":\"https:\\\/\\\/www.siam.hu\\\/hu\\\/#organization\"},\"potentialAction\":[{\"@type\":\"SearchAction\",\"target\":{\"@type\":\"EntryPoint\",\"urlTemplate\":\"https:\\\/\\\/www.siam.hu\\\/hu\\\/?s={search_term_string}\"},\"query-input\":{\"@type\":\"PropertyValueSpecification\",\"valueRequired\":true,\"valueName\":\"search_term_string\"}}],\"inLanguage\":\"de\"},{\"@type\":\"Organization\",\"@id\":\"https:\\\/\\\/www.siam.hu\\\/hu\\\/#organization\",\"name\":\"Siam Center\",\"url\":\"https:\\\/\\\/www.siam.hu\\\/hu\\\/\",\"logo\":{\"@type\":\"ImageObject\",\"inLanguage\":\"de\",\"@id\":\"https:\\\/\\\/www.siam.hu\\\/hu\\\/#\\\/schema\\\/logo\\\/image\\\/\",\"url\":\"https:\\\/\\\/www.siam.hu\\\/wp-content\\\/uploads\\\/sites\\\/4\\\/2016\\\/05\\\/siam_motiv-e1465917198460.jpg\",\"contentUrl\":\"https:\\\/\\\/www.siam.hu\\\/wp-content\\\/uploads\\\/sites\\\/4\\\/2016\\\/05\\\/siam_motiv-e1465917198460.jpg\",\"width\":210,\"height\":306,\"caption\":\"Siam Center\"},\"image\":{\"@id\":\"https:\\\/\\\/www.siam.hu\\\/hu\\\/#\\\/schema\\\/logo\\\/image\\\/\"}}]}<\/script>\n<!-- \/ Yoast SEO plugin. -->","yoast_head_json":{"title":"[:hu]C\u00e9ginform\u00e1ci\u00f3[:en]Credit Reports[:de]Credit Reports[:sk]Kreditn\u00e9 spr\u00e1vy[:] - Siam Center","robots":{"index":"index","follow":"follow","max-snippet":"max-snippet:-1","max-image-preview":"max-image-preview:large","max-video-preview":"max-video-preview:-1"},"canonical":"https:\/\/www.siam.hu\/company-information\/","og_locale":"de_DE","og_type":"article","og_title":"[:hu]C\u00e9ginform\u00e1ci\u00f3[:en]Credit Reports[:de]Credit Reports[:sk]Kreditn\u00e9 spr\u00e1vy[:] - Siam Center","og_description":"Name der Firma: Siam Europe Ltd. Sitz\/Adresse der Rechnung: 1119 Budapest, Andor u. 21\/C Web: www.thaimassage.hu E-mail: info@siam.hu Gesch\u00e4ftsf\u00fchrender Direktor: Attila Kov\u00e1cs Phone: +36-20-944-3871 E-mail: siam@siam.hu Controlling Direktor: Erika P\u00e1llfi Phone: +36-20-665-5989 E-mail: palfi.erika@siam.hu Wirtschaftsdirektor: Attila Moln\u00e1r Telefon: +36-1-238-0938 E-mail: attila.molnar@siam.hu Regional leader of Vas: Val\u00e9r S\u00e1gi Telefon: +36-20-665-6008 E-mail: valer.sagi@siam.hu Veszpr\u00e9m und Zala: Anik\u00f3 &hellip; Credit Reports weiterlesen","og_url":"https:\/\/www.siam.hu\/company-information\/","og_site_name":"Siam Center","article_modified_time":"2016-07-03T11:54:24+00:00","twitter_card":"summary_large_image","twitter_misc":{"Gesch\u00e4tzte Lesezeit":"8\u00a0Minuten"},"schema":{"@context":"https:\/\/schema.org","@graph":[{"@type":"WebPage","@id":"https:\/\/www.siam.hu\/company-information\/","url":"https:\/\/www.siam.hu\/company-information\/","name":"[:hu]C\u00e9ginform\u00e1ci\u00f3[:en]Credit Reports[:de]Credit Reports[:sk]Kreditn\u00e9 spr\u00e1vy[:] - Siam Center","isPartOf":{"@id":"https:\/\/www.siam.hu\/hu\/#website"},"datePublished":"2016-06-02T15:27:20+00:00","dateModified":"2016-07-03T11:54:24+00:00","breadcrumb":{"@id":"https:\/\/www.siam.hu\/company-information\/#breadcrumb"},"inLanguage":"de","potentialAction":[{"@type":"ReadAction","target":["https:\/\/www.siam.hu\/company-information\/"]}]},{"@type":"BreadcrumbList","@id":"https:\/\/www.siam.hu\/company-information\/#breadcrumb","itemListElement":[{"@type":"ListItem","position":1,"name":"Home","item":"https:\/\/www.siam.hu\/hu\/"},{"@type":"ListItem","position":2,"name":"Credit Reports"}]},{"@type":"WebSite","@id":"https:\/\/www.siam.hu\/hu\/#website","url":"https:\/\/www.siam.hu\/hu\/","name":"Siam Center","description":"","publisher":{"@id":"https:\/\/www.siam.hu\/hu\/#organization"},"potentialAction":[{"@type":"SearchAction","target":{"@type":"EntryPoint","urlTemplate":"https:\/\/www.siam.hu\/hu\/?s={search_term_string}"},"query-input":{"@type":"PropertyValueSpecification","valueRequired":true,"valueName":"search_term_string"}}],"inLanguage":"de"},{"@type":"Organization","@id":"https:\/\/www.siam.hu\/hu\/#organization","name":"Siam Center","url":"https:\/\/www.siam.hu\/hu\/","logo":{"@type":"ImageObject","inLanguage":"de","@id":"https:\/\/www.siam.hu\/hu\/#\/schema\/logo\/image\/","url":"https:\/\/www.siam.hu\/wp-content\/uploads\/sites\/4\/2016\/05\/siam_motiv-e1465917198460.jpg","contentUrl":"https:\/\/www.siam.hu\/wp-content\/uploads\/sites\/4\/2016\/05\/siam_motiv-e1465917198460.jpg","width":210,"height":306,"caption":"Siam Center"},"image":{"@id":"https:\/\/www.siam.hu\/hu\/#\/schema\/logo\/image\/"}}]}},"_links":{"self":[{"href":"https:\/\/www.siam.hu\/de\/wp-json\/wp\/v2\/pages\/108","targetHints":{"allow":["GET"]}}],"collection":[{"href":"https:\/\/www.siam.hu\/de\/wp-json\/wp\/v2\/pages"}],"about":[{"href":"https:\/\/www.siam.hu\/de\/wp-json\/wp\/v2\/types\/page"}],"author":[{"embeddable":true,"href":"https:\/\/www.siam.hu\/de\/wp-json\/wp\/v2\/users\/1"}],"replies":[{"embeddable":true,"href":"https:\/\/www.siam.hu\/de\/wp-json\/wp\/v2\/comments?post=108"}],"version-history":[{"count":1,"href":"https:\/\/www.siam.hu\/de\/wp-json\/wp\/v2\/pages\/108\/revisions"}],"predecessor-version":[{"id":284,"href":"https:\/\/www.siam.hu\/de\/wp-json\/wp\/v2\/pages\/108\/revisions\/284"}],"wp:attachment":[{"href":"https:\/\/www.siam.hu\/de\/wp-json\/wp\/v2\/media?parent=108"}],"curies":[{"name":"wp","href":"https:\/\/api.w.org\/{rel}","templated":true}]}}